{"id":8,"date":"2015-11-18T13:49:51","date_gmt":"2015-11-18T12:49:51","guid":{"rendered":"http:\/\/localhost\/willemcars\/?page_id=8"},"modified":"2023-01-09T11:43:48","modified_gmt":"2023-01-09T10:43:48","slug":"over-ons","status":"publish","type":"page","link":"https:\/\/willemcars.com\/es\/over-ons\/","title":{"rendered":"Sobre nosotros"},"content":{"rendered":"<p><\/p>\n<h1><strong>Sobre nosotros<\/strong><\/h1>\n<p>Concesionario Willem Cars ya esta m\u00e1s de 35 a\u00f1os activo en la zona. Como concesionario, con los a\u00f1os hemos trabajado y creado una buena reputaci\u00f3n. Con Willem Cars, usted elige un concesionario de confianza: con nosotros encontraras un veh\u00edculo adaptado a sus necesidades y deseos, al mejor precio!<\/p>\n<p>Pieter y Dani\u00eblla os prestan su ayuda para dar con el veh\u00edculo perfecto.<\/p>\n<p>Visita el concesionario Willem Cars y les atienden con una sonrisa y un caf\u00e9!<\/p>\n<p>&nbsp;<\/p>\n<p><strong>Concesionario Costa Blanca<\/strong><br \/>\nVisita nuestro sal\u00f3n de exposici\u00f3n totalmente renovado. Encontraras este concesionario en la N332 en La Marina, a la altura de KM 80. Nuestra empresa tambi\u00e9n est\u00e1 muy bien alcanzable desde varios puntos en la Costa Blanca como son, Alicante, Torrevieja, Elx, La Marina, Guardamar y Santa Pola.<\/p>\n<p>&nbsp;<\/p>\n<p><strong>Veh\u00edculos distintos a diario.<\/strong><\/p>\n<p>Concesionario Willem Cars recibe a diario veh\u00edculos distintos. Le ofrecemos una amplia gama de veh\u00edculos nuevos y de segunda mano de todas las clases y marcas.<\/p>\n<p>Tambi\u00e9n tenemos trato con auto caravanas, caravanas, y motos. Cada veh\u00edculo pasa primero por nuestro equipo t\u00e9cnico, posibles defectos son solucionados directamente. Ofrecemos una garant\u00eda en todos nuestros veh\u00edculos.<\/p>\n<p>&nbsp;<\/p>\n<p><strong>La carretera de la manera segura.<\/strong><\/p>\n<p>Comprar un coche en el extranjero, conlleva muchas preguntas y dudas. Nosotros conocemos la Ley Espa\u00f1ola como ninguno con 35 a\u00f1os de experiencia en la zona. Concesionario Willem Cars, se ocupa de que con la\u00a0 adquisici\u00f3n de su veh\u00edculo, pueda circular seguro. Les ofrecemos nuestra ayuda con la contrataci\u00f3n de un seguro para su veh\u00edculo. Tambi\u00e9n les ofrecemos la posibilidad de ayudarles con pasar el ITV y la solicitud de un Numero N.I.E.<\/p>\n<p>&nbsp;<\/p>\n<p><strong>Cont\u00e1ctenos.<\/strong><\/p>\n<p>Usted puede llamarnos en el Nr.: 0034 965 419 508. Nuestro concesionario tambi\u00e9n tiene correo electr\u00f3nico : <a href=\"mailto:info@willemcars.com\">info@willemcars.com<\/a>. Aunque por supuesto tambi\u00e9n puede hacernos una visita en La Marina. Les atendremos encantados.<\/p>","protected":false},"excerpt":{"rendered":"<p>Sobre nosotros Concesionario Willem Cars ya esta m\u00e1s de 35 a\u00f1os activo en la zona. Como concesionario, con los a\u00f1os hemos trabajado y creado una buena reputaci\u00f3n. Con Willem Cars, usted elige un concesionario de confianza: con nosotros encontraras un veh\u00edculo adaptado a sus necesidades y deseos, al mejor precio! Pieter y Dani\u00eblla os prestan [&hellip;]<\/p>\n","protected":false},"author":2,"featured_media":0,"parent":0,"menu_order":0,"comment_status":"closed","ping_status":"closed","template":"","meta":{"dwc-title":[""],"dwc-content":[""],"_exactmetrics_skip_tracking":false,"_exactmetrics_sitenote_active":false,"_exactmetrics_sitenote_note":"","_exactmetrics_sitenote_category":0,"footnotes":""},"class_list":["post-8","page","type-page","status-publish","hentry"],"yoast_head":"<!-- This site is optimized with the Yoast SEO plugin v27.5 - https:\/\/yoast.com\/product\/yoast-seo-wordpress\/ -->\n<title>Sobre nosotros - Willem-Cars<\/title>\n<meta name=\"robots\" content=\"index, follow, max-snippet:-1, max-image-preview:large, max-video-preview:-1\" \/>\n<link rel=\"canonical\" href=\"https:\/\/willemcars.com\/es\/over-ons\/\" \/>\n<meta property=\"og:locale\" content=\"es_ES\" \/>\n<meta property=\"og:type\" content=\"article\" \/>\n<meta property=\"og:title\" content=\"Sobre nosotros - Willem-Cars\" \/>\n<meta property=\"og:description\" content=\"Sobre nosotros Concesionario Willem Cars ya esta m\u00e1s de 35 a\u00f1os activo en la zona. Como concesionario, con los a\u00f1os hemos trabajado y creado una buena reputaci\u00f3n. Con Willem Cars, usted elige un concesionario de confianza: con nosotros encontraras un veh\u00edculo adaptado a sus necesidades y deseos, al mejor precio! Pieter y Dani\u00eblla os prestan [&hellip;]\" \/>\n<meta property=\"og:url\" content=\"https:\/\/willemcars.com\/es\/over-ons\/\" \/>\n<meta property=\"og:site_name\" content=\"Willem-Cars\" \/>\n<meta property=\"article:modified_time\" content=\"2023-01-09T10:43:48+00:00\" \/>\n<meta name=\"twitter:card\" content=\"summary_large_image\" \/>\n<meta name=\"twitter:label1\" content=\"Tiempo de lectura\" \/>\n\t<meta name=\"twitter:data1\" content=\"2 minutos\" \/>\n<script type=\"application\/ld+json\" class=\"yoast-schema-graph\">{\"@context\":\"https:\\\/\\\/schema.org\",\"@graph\":[{\"@type\":\"WebPage\",\"@id\":\"https:\\\/\\\/willemcars.com\\\/es\\\/over-ons\\\/\",\"url\":\"https:\\\/\\\/willemcars.com\\\/es\\\/over-ons\\\/\",\"name\":\"Sobre nosotros - Willem-Cars\",\"isPartOf\":{\"@id\":\"https:\\\/\\\/willemcars.com\\\/#website\"},\"datePublished\":\"2015-11-18T12:49:51+00:00\",\"dateModified\":\"2023-01-09T10:43:48+00:00\",\"breadcrumb\":{\"@id\":\"https:\\\/\\\/willemcars.com\\\/es\\\/over-ons\\\/#breadcrumb\"},\"inLanguage\":\"es\",\"potentialAction\":[{\"@type\":\"ReadAction\",\"target\":[\"https:\\\/\\\/willemcars.com\\\/es\\\/over-ons\\\/\"]}]},{\"@type\":\"BreadcrumbList\",\"@id\":\"https:\\\/\\\/willemcars.com\\\/es\\\/over-ons\\\/#breadcrumb\",\"itemListElement\":[{\"@type\":\"ListItem\",\"position\":1,\"name\":\"Home\",\"item\":\"https:\\\/\\\/willemcars.com\\\/\"},{\"@type\":\"ListItem\",\"position\":2,\"name\":\"Sobre nosotros\"}]},{\"@type\":\"WebSite\",\"@id\":\"https:\\\/\\\/willemcars.com\\\/#website\",\"url\":\"https:\\\/\\\/willemcars.com\\\/\",\"name\":\"Willem-Cars\",\"description\":\"\",\"potentialAction\":[{\"@type\":\"SearchAction\",\"target\":{\"@type\":\"EntryPoint\",\"urlTemplate\":\"https:\\\/\\\/willemcars.com\\\/?s={search_term_string}\"},\"query-input\":{\"@type\":\"PropertyValueSpecification\",\"valueRequired\":true,\"valueName\":\"search_term_string\"}}],\"inLanguage\":\"es\"}]}<\/script>\n<!-- \/ Yoast SEO plugin. -->","yoast_head_json":{"title":"Sobre nosotros - Willem-Cars","robots":{"index":"index","follow":"follow","max-snippet":"max-snippet:-1","max-image-preview":"max-image-preview:large","max-video-preview":"max-video-preview:-1"},"canonical":"https:\/\/willemcars.com\/es\/over-ons\/","og_locale":"es_ES","og_type":"article","og_title":"Sobre nosotros - Willem-Cars","og_description":"Sobre nosotros Concesionario Willem Cars ya esta m\u00e1s de 35 a\u00f1os activo en la zona. Como concesionario, con los a\u00f1os hemos trabajado y creado una buena reputaci\u00f3n. Con Willem Cars, usted elige un concesionario de confianza: con nosotros encontraras un veh\u00edculo adaptado a sus necesidades y deseos, al mejor precio! Pieter y Dani\u00eblla os prestan [&hellip;]","og_url":"https:\/\/willemcars.com\/es\/over-ons\/","og_site_name":"Willem-Cars","article_modified_time":"2023-01-09T10:43:48+00:00","twitter_card":"summary_large_image","twitter_misc":{"Tiempo de lectura":"2 minutos"},"schema":{"@context":"https:\/\/schema.org","@graph":[{"@type":"WebPage","@id":"https:\/\/willemcars.com\/es\/over-ons\/","url":"https:\/\/willemcars.com\/es\/over-ons\/","name":"Sobre nosotros - Willem-Cars","isPartOf":{"@id":"https:\/\/willemcars.com\/#website"},"datePublished":"2015-11-18T12:49:51+00:00","dateModified":"2023-01-09T10:43:48+00:00","breadcrumb":{"@id":"https:\/\/willemcars.com\/es\/over-ons\/#breadcrumb"},"inLanguage":"es","potentialAction":[{"@type":"ReadAction","target":["https:\/\/willemcars.com\/es\/over-ons\/"]}]},{"@type":"BreadcrumbList","@id":"https:\/\/willemcars.com\/es\/over-ons\/#breadcrumb","itemListElement":[{"@type":"ListItem","position":1,"name":"Home","item":"https:\/\/willemcars.com\/"},{"@type":"ListItem","position":2,"name":"Sobre nosotros"}]},{"@type":"WebSite","@id":"https:\/\/willemcars.com\/#website","url":"https:\/\/willemcars.com\/","name":"Willem-Cars","description":"","potentialAction":[{"@type":"SearchAction","target":{"@type":"EntryPoint","urlTemplate":"https:\/\/willemcars.com\/?s={search_term_string}"},"query-input":{"@type":"PropertyValueSpecification","valueRequired":true,"valueName":"search_term_string"}}],"inLanguage":"es"}]}},"_links":{"self":[{"href":"https:\/\/willemcars.com\/es\/wp-json\/wp\/v2\/pages\/8","targetHints":{"allow":["GET"]}}],"collection":[{"href":"https:\/\/willemcars.com\/es\/wp-json\/wp\/v2\/pages"}],"about":[{"href":"https:\/\/willemcars.com\/es\/wp-json\/wp\/v2\/types\/page"}],"author":[{"embeddable":true,"href":"https:\/\/willemcars.com\/es\/wp-json\/wp\/v2\/users\/2"}],"replies":[{"embeddable":true,"href":"https:\/\/willemcars.com\/es\/wp-json\/wp\/v2\/comments?post=8"}],"version-history":[{"count":5,"href":"https:\/\/willemcars.com\/es\/wp-json\/wp\/v2\/pages\/8\/revisions"}],"predecessor-version":[{"id":5308,"href":"https:\/\/willemcars.com\/es\/wp-json\/wp\/v2\/pages\/8\/revisions\/5308"}],"wp:attachment":[{"href":"https:\/\/willemcars.com\/es\/wp-json\/wp\/v2\/media?parent=8"}],"curies":[{"name":"wp","href":"https:\/\/api.w.org\/{rel}","templated":true}]}}