{"id":67,"date":"2015-12-04T16:17:15","date_gmt":"2015-12-04T15:17:15","guid":{"rendered":"http:\/\/willemcars.com\/?page_id=67"},"modified":"2023-01-09T11:45:40","modified_gmt":"2023-01-09T10:45:40","slug":"overige-merken","status":"publish","type":"page","link":"https:\/\/willemcars.com\/es\/overige-merken\/","title":{"rendered":"Otras marcas"},"content":{"rendered":"<p><\/p>\n<h1><strong>Otras marcas<\/strong><\/h1>\n<p>Willem Cars tambi\u00e9n se encarga de la compra-venta de coches como Volvo, Seat, Saab, Skoda, Dacia, y estos solo son algunos de muchos m\u00e1s. Estamos abiertos durante todo el a\u00f1o para que usted pueda disfrutar de nuestra compra-venta y posiblemente adquirir un coche de segunda mano. Willem Cars ya lleva m\u00e1s de 35 a\u00f1os activos en la Costa Blanca. Ofrecemos a nuestros clientes precios justos y una atenci\u00f3n personalizado. Willem Cars es uno de los pocos concesionarios de la Costa Blanca que habla su idioma.<\/p>\n<p>&nbsp;<\/p>\n<p><strong>Su concesionario en La Marina.<\/strong><\/p>\n<p>Visita Willem Cars cuando quieres vender su coche actual o cuando buscas un veh\u00edculo de ocasi\u00f3n de un modelo m\u00e1s actualizado. Siempre les recibiremos con una sonrisa y un caf\u00e9.<\/p>\n<p>Willem cars est\u00e1 ubicado en la N332 entre Cartagena y Alicante a la altura de KM 80. Tambi\u00e9n desde sitios como La Mata, Rojales, Crevillente, Gran Alacant y La Zenia, somos muy bien alcanzables.<\/p>\n<p>&nbsp;<\/p>\n<p><strong>Compra.<\/strong><\/p>\n<p>En Willem Cars estamos encantados en comprar su veh\u00edculo usado. Volvo, Seat, Saab, Skoda, Dacia y muchas marcas y modelos m\u00e1s, son bienvenidos en Willem Cars.\u00a0 Nuestro gran equipo de t\u00e9cnicos y\u00a0 mec\u00e1nicos comprueban en el estado en el que se encuentra el veh\u00edculo y le ofrecemos un precio justo basado en el valor del mercado por ello.<\/p>\n<p>En Willem Cars tambi\u00e9n puedes utilizar esa cantidad para la compra de un modelo nuevo u otro veh\u00edculo de ocasi\u00f3n. Pero no lo obligaremos a nada.<\/p>\n<p>&nbsp;<\/p>\n<p><strong>Venta.<\/strong><\/p>\n<p>Conoce nuestro amplia gama de coches de segunda mano de marcas como Volvo, Seat, Saab, Skoda y Dacia. Nuestra flota cambia continuamente ya que compramos y vendemos coches constantemente. Por supuesto, todos nuestros coches de segunda mano se someten a las normas de seguridad aplicables.\u00a0 Nuestro personal tambi\u00e9n puede ayudar con la solicitud de NIE, en caso de extranjeros, para registrar su coche y la contrataci\u00f3n de un seguro de coche.<\/p>\n<p>&nbsp;<\/p>\n<p><strong>Vis\u00edtanos.<\/strong><\/p>\n<p>Quieres vender su coche actual? Buscas un coche nuevo o de segunda mano? Pasa por nuestro concesionario Willem Cars en La Marina. Estaremos encantados de ayudarles y ofrecerles el mejor precio del mercado, y puede ver los veh\u00edculos tranquilamente en nuestro sal\u00f3n de exposici\u00f3n. Tambi\u00e9n es posible concertar una cita, para eso puedes llamarnos a 0034 965 419 508 o mandarnos un correo electr\u00f3nico a <a href=\"mailto:info@willemcars.com\">info@willemcars.com<\/a><\/p>","protected":false},"excerpt":{"rendered":"<p>Otras marcas Willem Cars tambi\u00e9n se encarga de la compra-venta de coches como Volvo, Seat, Saab, Skoda, Dacia, y estos solo son algunos de muchos m\u00e1s. Estamos abiertos durante todo el a\u00f1o para que usted pueda disfrutar de nuestra compra-venta y posiblemente adquirir un coche de segunda mano. Willem Cars ya lleva m\u00e1s de 35 [&hellip;]<\/p>\n","protected":false},"author":2,"featured_media":0,"parent":0,"menu_order":0,"comment_status":"closed","ping_status":"closed","template":"","meta":{"dwc-title":[""],"dwc-content":[""],"_exactmetrics_skip_tracking":false,"_exactmetrics_sitenote_active":false,"_exactmetrics_sitenote_note":"","_exactmetrics_sitenote_category":0,"footnotes":""},"class_list":["post-67","page","type-page","status-publish","hentry"],"yoast_head":"<!-- This site is optimized with the Yoast SEO plugin v27.4 - https:\/\/yoast.com\/product\/yoast-seo-wordpress\/ -->\n<title>Otras marcas - Willem-Cars<\/title>\n<meta name=\"robots\" content=\"index, follow, max-snippet:-1, max-image-preview:large, max-video-preview:-1\" \/>\n<link rel=\"canonical\" href=\"https:\/\/willemcars.com\/de\/overige-merken\/\" \/>\n<meta property=\"og:locale\" content=\"es_ES\" \/>\n<meta property=\"og:type\" content=\"article\" \/>\n<meta property=\"og:title\" content=\"Otras marcas - Willem-Cars\" \/>\n<meta property=\"og:description\" content=\"Otras marcas Willem Cars tambi\u00e9n se encarga de la compra-venta de coches como Volvo, Seat, Saab, Skoda, Dacia, y estos solo son algunos de muchos m\u00e1s. Estamos abiertos durante todo el a\u00f1o para que usted pueda disfrutar de nuestra compra-venta y posiblemente adquirir un coche de segunda mano. Willem Cars ya lleva m\u00e1s de 35 [&hellip;]\" \/>\n<meta property=\"og:url\" content=\"https:\/\/willemcars.com\/de\/overige-merken\/\" \/>\n<meta property=\"og:site_name\" content=\"Willem-Cars\" \/>\n<meta property=\"article:modified_time\" content=\"2023-01-09T10:45:40+00:00\" \/>\n<meta name=\"twitter:card\" content=\"summary_large_image\" \/>\n<meta name=\"twitter:label1\" content=\"Tiempo de lectura\" \/>\n\t<meta name=\"twitter:data1\" content=\"2 minutos\" \/>\n<script type=\"application\/ld+json\" class=\"yoast-schema-graph\">{\"@context\":\"https:\\\/\\\/schema.org\",\"@graph\":[{\"@type\":\"WebPage\",\"@id\":\"https:\\\/\\\/willemcars.com\\\/de\\\/overige-merken\\\/\",\"url\":\"https:\\\/\\\/willemcars.com\\\/de\\\/overige-merken\\\/\",\"name\":\"Otras marcas - Willem-Cars\",\"isPartOf\":{\"@id\":\"https:\\\/\\\/willemcars.com\\\/#website\"},\"datePublished\":\"2015-12-04T15:17:15+00:00\",\"dateModified\":\"2023-01-09T10:45:40+00:00\",\"breadcrumb\":{\"@id\":\"https:\\\/\\\/willemcars.com\\\/de\\\/overige-merken\\\/#breadcrumb\"},\"inLanguage\":\"es\",\"potentialAction\":[{\"@type\":\"ReadAction\",\"target\":[\"https:\\\/\\\/willemcars.com\\\/de\\\/overige-merken\\\/\"]}]},{\"@type\":\"BreadcrumbList\",\"@id\":\"https:\\\/\\\/willemcars.com\\\/de\\\/overige-merken\\\/#breadcrumb\",\"itemListElement\":[{\"@type\":\"ListItem\",\"position\":1,\"name\":\"Home\",\"item\":\"https:\\\/\\\/willemcars.com\\\/\"},{\"@type\":\"ListItem\",\"position\":2,\"name\":\"Sonstige Marken\"}]},{\"@type\":\"WebSite\",\"@id\":\"https:\\\/\\\/willemcars.com\\\/#website\",\"url\":\"https:\\\/\\\/willemcars.com\\\/\",\"name\":\"Willem-Cars\",\"description\":\"\",\"potentialAction\":[{\"@type\":\"SearchAction\",\"target\":{\"@type\":\"EntryPoint\",\"urlTemplate\":\"https:\\\/\\\/willemcars.com\\\/?s={search_term_string}\"},\"query-input\":{\"@type\":\"PropertyValueSpecification\",\"valueRequired\":true,\"valueName\":\"search_term_string\"}}],\"inLanguage\":\"es\"}]}<\/script>\n<!-- \/ Yoast SEO plugin. -->","yoast_head_json":{"title":"Otras marcas - Willem-Cars","robots":{"index":"index","follow":"follow","max-snippet":"max-snippet:-1","max-image-preview":"max-image-preview:large","max-video-preview":"max-video-preview:-1"},"canonical":"https:\/\/willemcars.com\/de\/overige-merken\/","og_locale":"es_ES","og_type":"article","og_title":"Otras marcas - Willem-Cars","og_description":"Otras marcas Willem Cars tambi\u00e9n se encarga de la compra-venta de coches como Volvo, Seat, Saab, Skoda, Dacia, y estos solo son algunos de muchos m\u00e1s. Estamos abiertos durante todo el a\u00f1o para que usted pueda disfrutar de nuestra compra-venta y posiblemente adquirir un coche de segunda mano. Willem Cars ya lleva m\u00e1s de 35 [&hellip;]","og_url":"https:\/\/willemcars.com\/de\/overige-merken\/","og_site_name":"Willem-Cars","article_modified_time":"2023-01-09T10:45:40+00:00","twitter_card":"summary_large_image","twitter_misc":{"Tiempo de lectura":"2 minutos"},"schema":{"@context":"https:\/\/schema.org","@graph":[{"@type":"WebPage","@id":"https:\/\/willemcars.com\/de\/overige-merken\/","url":"https:\/\/willemcars.com\/de\/overige-merken\/","name":"Otras marcas - Willem-Cars","isPartOf":{"@id":"https:\/\/willemcars.com\/#website"},"datePublished":"2015-12-04T15:17:15+00:00","dateModified":"2023-01-09T10:45:40+00:00","breadcrumb":{"@id":"https:\/\/willemcars.com\/de\/overige-merken\/#breadcrumb"},"inLanguage":"es","potentialAction":[{"@type":"ReadAction","target":["https:\/\/willemcars.com\/de\/overige-merken\/"]}]},{"@type":"BreadcrumbList","@id":"https:\/\/willemcars.com\/de\/overige-merken\/#breadcrumb","itemListElement":[{"@type":"ListItem","position":1,"name":"Home","item":"https:\/\/willemcars.com\/"},{"@type":"ListItem","position":2,"name":"Sonstige Marken"}]},{"@type":"WebSite","@id":"https:\/\/willemcars.com\/#website","url":"https:\/\/willemcars.com\/","name":"Willem-Cars","description":"","potentialAction":[{"@type":"SearchAction","target":{"@type":"EntryPoint","urlTemplate":"https:\/\/willemcars.com\/?s={search_term_string}"},"query-input":{"@type":"PropertyValueSpecification","valueRequired":true,"valueName":"search_term_string"}}],"inLanguage":"es"}]}},"_links":{"self":[{"href":"https:\/\/willemcars.com\/es\/wp-json\/wp\/v2\/pages\/67","targetHints":{"allow":["GET"]}}],"collection":[{"href":"https:\/\/willemcars.com\/es\/wp-json\/wp\/v2\/pages"}],"about":[{"href":"https:\/\/willemcars.com\/es\/wp-json\/wp\/v2\/types\/page"}],"author":[{"embeddable":true,"href":"https:\/\/willemcars.com\/es\/wp-json\/wp\/v2\/users\/2"}],"replies":[{"embeddable":true,"href":"https:\/\/willemcars.com\/es\/wp-json\/wp\/v2\/comments?post=67"}],"version-history":[{"count":5,"href":"https:\/\/willemcars.com\/es\/wp-json\/wp\/v2\/pages\/67\/revisions"}],"predecessor-version":[{"id":5309,"href":"https:\/\/willemcars.com\/es\/wp-json\/wp\/v2\/pages\/67\/revisions\/5309"}],"wp:attachment":[{"href":"https:\/\/willemcars.com\/es\/wp-json\/wp\/v2\/media?parent=67"}],"curies":[{"name":"wp","href":"https:\/\/api.w.org\/{rel}","templated":true}]}}