{"id":65,"date":"2015-12-04T16:16:58","date_gmt":"2015-12-04T15:16:58","guid":{"rendered":"http:\/\/willemcars.com\/?page_id=65"},"modified":"2023-01-09T11:42:37","modified_gmt":"2023-01-09T10:42:37","slug":"koreaanse-autos","status":"publish","type":"page","link":"https:\/\/willemcars.com\/es\/koreaanse-autos\/","title":{"rendered":"Coches de origen Coreano"},"content":{"rendered":"<p><\/p>\n<h1><strong>Coches de origen Coreano<\/strong><\/h1>\n<p>Para la compra-venta de veh\u00edculos de origen Coreano, puede visitarnos durante todo el a\u00f1o en Willem Cars en La Marina. Nos ocupamos de la compra-venta de marcas y modelos de Kia y Hyundai. Willem Cars en su concesionario de confianza que habla su idioma en la Costa Blanca. Nosotros ofrecemos un precio justo y un servicio excepcional a nuestros clientes. Visita nuestro sal\u00f3n de exposici\u00f3n. Le atendremos con una sonrisa y un caf\u00e9<\/p>\n<p><strong>Su concesionario con varios idiomas<\/strong><\/p>\n<p>Si quiere vender su Kia o Hyundai actual, y busca un veh\u00edculo Coreano, puedes visitar nuestro garaje. Willem Cars est\u00e1 ubicado en la N332 entre Cartagena y Alicante a la altura de KM 80. Tambi\u00e9n somos muy bien alcanzables desde La Mata, Rojales, Crevillente, Gran Alacant y La Zenia.<\/p>\n<p><strong>Compra coches de origen Coreano.<\/strong><\/p>\n<p>Willem Cars compra todas las marcas y modelos de veh\u00edculos de origen Coreano, como Kia o Hyundai. Nuestro gran equipo de t\u00e9cnicos y\u00a0 mec\u00e1nicos comprueban en el estado en el que se encuentra el veh\u00edculo y le ofrecemos un precio justo basado en el valor del mercado por ello.<\/p>\n<p>En Willem Cars tambi\u00e9n puedes utilizar esa cantidad para la compra de un modelo nuevo u otro veh\u00edculo de ocasi\u00f3n.<\/p>\n<p><strong>Venta de coches de origen Coreano.<\/strong><\/p>\n<p>En Willem Cars siempre encuentras una gran variedad de coches coreano. Vendemos coches de segunda mano de la marca Kia o Hyundai.<\/p>\n<p>Como siempre Compramos coches (<strong><u>distintos<\/u><\/strong><u>)<\/u>, nuestra flota cambia continuamente. Tenemos nuestros coches por una excelente relaci\u00f3n precio-calidad. Cada veh\u00edculo de segunda mano est\u00e1 comprobado por nuestro equipo de t\u00e9cnicos y mec\u00e1nicos por si hay defectos, y en caso de tal, ser solucionados para que usted pueda circular directamente con total seguridad. En Willem Cars tambi\u00e9n ofrecemos nuestra ayuda para la contrataci\u00f3n de seguro de coche, y en caso de ser extranjero, con la solicitud del numero NIE, para el registro de su coche.<\/p>\n<p><strong>Visita Willem Cars en La Marina.<\/strong><\/p>\n<p>Si quieres usar el servicio de compra-venta de Willem Cars, para comprar un coche Coreano? puede visitarnos sin cita previa, pero tambi\u00e9n puede concertar una cita y as\u00ed garantizarse que le atenderemos directamente.<\/p>\n<p>Para concertar una cita o para hacernos una pregunta o explicarnos su duda, ll\u00e1manos a 0034 965 419 508 o m\u00e1ndanos un correo a <a href=\"mailto:info@willemcars.com\">info@willemcars.com<\/a><\/p>","protected":false},"excerpt":{"rendered":"<p>Coches de origen Coreano Para la compra-venta de veh\u00edculos de origen Coreano, puede visitarnos durante todo el a\u00f1o en Willem Cars en La Marina. Nos ocupamos de la compra-venta de marcas y modelos de Kia y Hyundai. Willem Cars en su concesionario de confianza que habla su idioma en la Costa Blanca. Nosotros ofrecemos un [&hellip;]<\/p>\n","protected":false},"author":2,"featured_media":0,"parent":0,"menu_order":0,"comment_status":"closed","ping_status":"closed","template":"","meta":{"dwc-title":[""],"dwc-content":[""],"_exactmetrics_skip_tracking":false,"_exactmetrics_sitenote_active":false,"_exactmetrics_sitenote_note":"","_exactmetrics_sitenote_category":0,"footnotes":""},"class_list":["post-65","page","type-page","status-publish","hentry"],"yoast_head":"<!-- This site is optimized with the Yoast SEO plugin v27.5 - https:\/\/yoast.com\/product\/yoast-seo-wordpress\/ -->\n<title>Coches de origen Coreano - Willem-Cars<\/title>\n<meta name=\"description\" content=\"(Nederlands) Willem Cars koopt alle merken Koreaanse auto\u2019s in, waaronder uw Kia of Hyundai. Of u nu een auto bij ons koopt of aan ons verkoopt, wij bieden u altijd een eerlijke prijs en een uitstekende service. Bij Willem Cars staat de koffie altijd voor u klaar.\" \/>\n<meta name=\"robots\" content=\"index, follow, max-snippet:-1, max-image-preview:large, max-video-preview:-1\" \/>\n<link rel=\"canonical\" href=\"https:\/\/willemcars.com\/de\/koreaanse-autos\/\" \/>\n<meta property=\"og:locale\" content=\"es_ES\" \/>\n<meta property=\"og:type\" content=\"article\" \/>\n<meta property=\"og:title\" content=\"Coches de origen Coreano - Willem-Cars\" \/>\n<meta property=\"og:description\" content=\"(Nederlands) Willem Cars koopt alle merken Koreaanse auto\u2019s in, waaronder uw Kia of Hyundai. Of u nu een auto bij ons koopt of aan ons verkoopt, wij bieden u altijd een eerlijke prijs en een uitstekende service. Bij Willem Cars staat de koffie altijd voor u klaar.\" \/>\n<meta property=\"og:url\" content=\"https:\/\/willemcars.com\/de\/koreaanse-autos\/\" \/>\n<meta property=\"og:site_name\" content=\"Willem-Cars\" \/>\n<meta property=\"article:modified_time\" content=\"2023-01-09T10:42:37+00:00\" \/>\n<meta name=\"twitter:card\" content=\"summary_large_image\" \/>\n<meta name=\"twitter:label1\" content=\"Tiempo de lectura\" \/>\n\t<meta name=\"twitter:data1\" content=\"2 minutos\" \/>\n<script type=\"application\/ld+json\" class=\"yoast-schema-graph\">{\"@context\":\"https:\\\/\\\/schema.org\",\"@graph\":[{\"@type\":\"WebPage\",\"@id\":\"https:\\\/\\\/willemcars.com\\\/de\\\/koreaanse-autos\\\/\",\"url\":\"https:\\\/\\\/willemcars.com\\\/de\\\/koreaanse-autos\\\/\",\"name\":\"Coches de origen Coreano - Willem-Cars\",\"isPartOf\":{\"@id\":\"https:\\\/\\\/willemcars.com\\\/#website\"},\"datePublished\":\"2015-12-04T15:16:58+00:00\",\"dateModified\":\"2023-01-09T10:42:37+00:00\",\"description\":\"(Nederlands) Willem Cars koopt alle merken Koreaanse auto\u2019s in, waaronder uw Kia of Hyundai. Of u nu een auto bij ons koopt of aan ons verkoopt, wij bieden u altijd een eerlijke prijs en een uitstekende service. Bij Willem Cars staat de koffie altijd voor u klaar.\",\"breadcrumb\":{\"@id\":\"https:\\\/\\\/willemcars.com\\\/de\\\/koreaanse-autos\\\/#breadcrumb\"},\"inLanguage\":\"es\",\"potentialAction\":[{\"@type\":\"ReadAction\",\"target\":[\"https:\\\/\\\/willemcars.com\\\/de\\\/koreaanse-autos\\\/\"]}]},{\"@type\":\"BreadcrumbList\",\"@id\":\"https:\\\/\\\/willemcars.com\\\/de\\\/koreaanse-autos\\\/#breadcrumb\",\"itemListElement\":[{\"@type\":\"ListItem\",\"position\":1,\"name\":\"Home\",\"item\":\"https:\\\/\\\/willemcars.com\\\/\"},{\"@type\":\"ListItem\",\"position\":2,\"name\":\"Koreanische Autos\"}]},{\"@type\":\"WebSite\",\"@id\":\"https:\\\/\\\/willemcars.com\\\/#website\",\"url\":\"https:\\\/\\\/willemcars.com\\\/\",\"name\":\"Willem-Cars\",\"description\":\"\",\"potentialAction\":[{\"@type\":\"SearchAction\",\"target\":{\"@type\":\"EntryPoint\",\"urlTemplate\":\"https:\\\/\\\/willemcars.com\\\/?s={search_term_string}\"},\"query-input\":{\"@type\":\"PropertyValueSpecification\",\"valueRequired\":true,\"valueName\":\"search_term_string\"}}],\"inLanguage\":\"es\"}]}<\/script>\n<!-- \/ Yoast SEO plugin. -->","yoast_head_json":{"title":"Coches de origen Coreano - Willem-Cars","description":"(Nederlands) Willem Cars koopt alle merken Koreaanse auto\u2019s in, waaronder uw Kia of Hyundai. Of u nu een auto bij ons koopt of aan ons verkoopt, wij bieden u altijd een eerlijke prijs en een uitstekende service. Bij Willem Cars staat de koffie altijd voor u klaar.","robots":{"index":"index","follow":"follow","max-snippet":"max-snippet:-1","max-image-preview":"max-image-preview:large","max-video-preview":"max-video-preview:-1"},"canonical":"https:\/\/willemcars.com\/de\/koreaanse-autos\/","og_locale":"es_ES","og_type":"article","og_title":"Coches de origen Coreano - Willem-Cars","og_description":"(Nederlands) Willem Cars koopt alle merken Koreaanse auto\u2019s in, waaronder uw Kia of Hyundai. Of u nu een auto bij ons koopt of aan ons verkoopt, wij bieden u altijd een eerlijke prijs en een uitstekende service. Bij Willem Cars staat de koffie altijd voor u klaar.","og_url":"https:\/\/willemcars.com\/de\/koreaanse-autos\/","og_site_name":"Willem-Cars","article_modified_time":"2023-01-09T10:42:37+00:00","twitter_card":"summary_large_image","twitter_misc":{"Tiempo de lectura":"2 minutos"},"schema":{"@context":"https:\/\/schema.org","@graph":[{"@type":"WebPage","@id":"https:\/\/willemcars.com\/de\/koreaanse-autos\/","url":"https:\/\/willemcars.com\/de\/koreaanse-autos\/","name":"Coches de origen Coreano - Willem-Cars","isPartOf":{"@id":"https:\/\/willemcars.com\/#website"},"datePublished":"2015-12-04T15:16:58+00:00","dateModified":"2023-01-09T10:42:37+00:00","description":"(Nederlands) Willem Cars koopt alle merken Koreaanse auto\u2019s in, waaronder uw Kia of Hyundai. Of u nu een auto bij ons koopt of aan ons verkoopt, wij bieden u altijd een eerlijke prijs en een uitstekende service. Bij Willem Cars staat de koffie altijd voor u klaar.","breadcrumb":{"@id":"https:\/\/willemcars.com\/de\/koreaanse-autos\/#breadcrumb"},"inLanguage":"es","potentialAction":[{"@type":"ReadAction","target":["https:\/\/willemcars.com\/de\/koreaanse-autos\/"]}]},{"@type":"BreadcrumbList","@id":"https:\/\/willemcars.com\/de\/koreaanse-autos\/#breadcrumb","itemListElement":[{"@type":"ListItem","position":1,"name":"Home","item":"https:\/\/willemcars.com\/"},{"@type":"ListItem","position":2,"name":"Koreanische Autos"}]},{"@type":"WebSite","@id":"https:\/\/willemcars.com\/#website","url":"https:\/\/willemcars.com\/","name":"Willem-Cars","description":"","potentialAction":[{"@type":"SearchAction","target":{"@type":"EntryPoint","urlTemplate":"https:\/\/willemcars.com\/?s={search_term_string}"},"query-input":{"@type":"PropertyValueSpecification","valueRequired":true,"valueName":"search_term_string"}}],"inLanguage":"es"}]}},"_links":{"self":[{"href":"https:\/\/willemcars.com\/es\/wp-json\/wp\/v2\/pages\/65","targetHints":{"allow":["GET"]}}],"collection":[{"href":"https:\/\/willemcars.com\/es\/wp-json\/wp\/v2\/pages"}],"about":[{"href":"https:\/\/willemcars.com\/es\/wp-json\/wp\/v2\/types\/page"}],"author":[{"embeddable":true,"href":"https:\/\/willemcars.com\/es\/wp-json\/wp\/v2\/users\/2"}],"replies":[{"embeddable":true,"href":"https:\/\/willemcars.com\/es\/wp-json\/wp\/v2\/comments?post=65"}],"version-history":[{"count":5,"href":"https:\/\/willemcars.com\/es\/wp-json\/wp\/v2\/pages\/65\/revisions"}],"predecessor-version":[{"id":5307,"href":"https:\/\/willemcars.com\/es\/wp-json\/wp\/v2\/pages\/65\/revisions\/5307"}],"wp:attachment":[{"href":"https:\/\/willemcars.com\/es\/wp-json\/wp\/v2\/media?parent=65"}],"curies":[{"name":"wp","href":"https:\/\/api.w.org\/{rel}","templated":true}]}}