{"id":63,"date":"2015-12-04T16:16:34","date_gmt":"2015-12-04T15:16:34","guid":{"rendered":"http:\/\/willemcars.com\/?page_id=63"},"modified":"2023-01-09T11:33:24","modified_gmt":"2023-01-09T10:33:24","slug":"italiaanse-autos","status":"publish","type":"page","link":"https:\/\/willemcars.com\/es\/italiaanse-autos\/","title":{"rendered":"Coches de origen Italiano"},"content":{"rendered":"<p><\/p>\n<h1><strong>Coches de origen Italiano<\/strong><\/h1>\n<p>Para la compra-venta de un coche de origen Italiano en Willem Cars est\u00e1 usted en el concesionario adecuado para ello. Somos un concesionario con varios idiomas que ya estamos activos por m\u00e1s de 35 a\u00f1os en la Costa Blanca. Para la compra o la venta de coches de origen italiano como Alfa Romeo, Fiat o Lancia siempre le ofrecemos un precio justo y un servicio amable y respetuoso. Le recibiremos con una sonrisa y un caf\u00e9.<\/p>\n<p>&nbsp;<\/p>\n<p><strong>Su concesionario en la Costa Blanca<\/strong><\/p>\n<p>Pasa por concesionario Willem Cars para comprobar el valor de su coche o ver nuestra amplia gama de&nbsp;<u>coches<\/u>&nbsp;de segunda mano coches Italianos. Willem Cars est\u00e1 ubicado en la N332 entre Cartagena y Alicante, a la altura del KM 80. Tambi\u00e9n muy bien alcanzables desde La Mata, Rojales, Crevillente, Gran Alacant y La Zenia.<\/p>\n<p>&nbsp;<\/p>\n<p><strong>Compra de coches de origen Italiano<\/strong><\/p>\n<p>En Willem Cars compramos todas las marcas de origen Italiano. Su Alfa Romeo, Fiat o Lancia usado, es muy bienvenido con nosotros. Nuestro gran equipo de t\u00e9cnicos y&nbsp; mec\u00e1nicos comprueban en el estado en el que se encuentra el veh\u00edculo y le ofrecemos un precio justo basado en el valor del mercado por ello.<\/p>\n<p>En Willem Cars tambi\u00e9n puedes utilizar esa cantidad para la compra de un modelo nuevo u otro veh\u00edculo de ocasi\u00f3n.<\/p>\n<p>&nbsp;<\/p>\n<p><strong>Venta de coches de origen Italiano<\/strong><\/p>\n<p>En Willem Cars siempre encuentras una gran variedad de coches Italianos. Vendemos coches de segunda mano de la marca Alfa Romeo, Fiat o Lancia.<\/p>\n<p>Como siempre Compramos coches <u>distintos<\/u>, nuestra flota cambia continuamente. Tenemos nuestros coches por una excelente relaci\u00f3n precio-calidad. Cada veh\u00edculo de segunda mano est\u00e1 comprobado por nuestro equipo de t\u00e9cnicos y mec\u00e1nicos por si hay defectos, y en caso de tal, ser solucionados para que usted pueda circular directamente con total seguridad. En Willem Cars tambi\u00e9n ofrecemos nuestra ayuda para la contrataci\u00f3n de seguro de coche, y en caso de ser extranjero, con la solicitud del numero NIE, para el registro de su coche.<\/p>\n<p>&nbsp;<\/p>\n<p><strong>Quieres visitarnos?<\/strong><\/p>\n<p>Si quieres usar el servicio de compra-venta de Willem Cars, puede visitarnos sin cita previa, pero tambi\u00e9n puede concertar una cita y as\u00ed garantizarse que le atenderemos directamente.<\/p>\n<p>Para concertar una cita o para hacernos una pregunta o explicarnos su duda, ll\u00e1manos a 0034 965 419 508 o m\u00e1ndanos un correo a <a href=\"mailto:info@willemcars.com\">info@willemcars.com<\/a><\/p>","protected":false},"excerpt":{"rendered":"<p>Coches de origen Italiano Para la compra-venta de un coche de origen Italiano en Willem Cars est\u00e1 usted en el concesionario adecuado para ello. Somos un concesionario con varios idiomas que ya estamos activos por m\u00e1s de 35 a\u00f1os en la Costa Blanca. Para la compra o la venta de coches de origen italiano como [&hellip;]<\/p>\n","protected":false},"author":2,"featured_media":0,"parent":0,"menu_order":0,"comment_status":"closed","ping_status":"closed","template":"","meta":{"dwc-title":[""],"dwc-content":[""],"_exactmetrics_skip_tracking":false,"_exactmetrics_sitenote_active":false,"_exactmetrics_sitenote_note":"","_exactmetrics_sitenote_category":0,"footnotes":""},"class_list":["post-63","page","type-page","status-publish","hentry"],"yoast_head":"<!-- This site is optimized with the Yoast SEO plugin v27.5 - https:\/\/yoast.com\/product\/yoast-seo-wordpress\/ -->\n<title>Coches de origen Italiano - Willem-Cars<\/title>\n<meta name=\"description\" content=\"(Nederlands) Willem Cars in La Marina verzorgt de inkoop en verkoop van diverse merken Italiaanse auto\u2019s. U kunt onder meer bij ons terecht om een Alfa Romeo, Fiat of Lancia te verkopen en\/of te kopen. Wanneer u gebruik wilt maken van de inkoop of verkoopservice van Willem Cars kunt u zonder afspraak bij ons langskomen. U kunt ook contact met ons opnemen.\" \/>\n<meta name=\"robots\" content=\"index, follow, max-snippet:-1, max-image-preview:large, max-video-preview:-1\" \/>\n<link rel=\"canonical\" href=\"https:\/\/willemcars.com\/de\/italiaanse-autos\/\" \/>\n<meta property=\"og:locale\" content=\"es_ES\" \/>\n<meta property=\"og:type\" content=\"article\" \/>\n<meta property=\"og:title\" content=\"Coches de origen Italiano - Willem-Cars\" \/>\n<meta property=\"og:description\" content=\"(Nederlands) Willem Cars in La Marina verzorgt de inkoop en verkoop van diverse merken Italiaanse auto\u2019s. U kunt onder meer bij ons terecht om een Alfa Romeo, Fiat of Lancia te verkopen en\/of te kopen. Wanneer u gebruik wilt maken van de inkoop of verkoopservice van Willem Cars kunt u zonder afspraak bij ons langskomen. U kunt ook contact met ons opnemen.\" \/>\n<meta property=\"og:url\" content=\"https:\/\/willemcars.com\/de\/italiaanse-autos\/\" \/>\n<meta property=\"og:site_name\" content=\"Willem-Cars\" \/>\n<meta property=\"article:modified_time\" content=\"2023-01-09T10:33:24+00:00\" \/>\n<meta name=\"twitter:card\" content=\"summary_large_image\" \/>\n<meta name=\"twitter:label1\" content=\"Tiempo de lectura\" \/>\n\t<meta name=\"twitter:data1\" content=\"2 minutos\" \/>\n<script type=\"application\/ld+json\" class=\"yoast-schema-graph\">{\"@context\":\"https:\\\/\\\/schema.org\",\"@graph\":[{\"@type\":\"WebPage\",\"@id\":\"https:\\\/\\\/willemcars.com\\\/de\\\/italiaanse-autos\\\/\",\"url\":\"https:\\\/\\\/willemcars.com\\\/de\\\/italiaanse-autos\\\/\",\"name\":\"Coches de origen Italiano - Willem-Cars\",\"isPartOf\":{\"@id\":\"https:\\\/\\\/willemcars.com\\\/#website\"},\"datePublished\":\"2015-12-04T15:16:34+00:00\",\"dateModified\":\"2023-01-09T10:33:24+00:00\",\"description\":\"(Nederlands) Willem Cars in La Marina verzorgt de inkoop en verkoop van diverse merken Italiaanse auto\u2019s. U kunt onder meer bij ons terecht om een Alfa Romeo, Fiat of Lancia te verkopen en\\\/of te kopen. Wanneer u gebruik wilt maken van de inkoop of verkoopservice van Willem Cars kunt u zonder afspraak bij ons langskomen. U kunt ook contact met ons opnemen.\",\"breadcrumb\":{\"@id\":\"https:\\\/\\\/willemcars.com\\\/de\\\/italiaanse-autos\\\/#breadcrumb\"},\"inLanguage\":\"es\",\"potentialAction\":[{\"@type\":\"ReadAction\",\"target\":[\"https:\\\/\\\/willemcars.com\\\/de\\\/italiaanse-autos\\\/\"]}]},{\"@type\":\"BreadcrumbList\",\"@id\":\"https:\\\/\\\/willemcars.com\\\/de\\\/italiaanse-autos\\\/#breadcrumb\",\"itemListElement\":[{\"@type\":\"ListItem\",\"position\":1,\"name\":\"Home\",\"item\":\"https:\\\/\\\/willemcars.com\\\/\"},{\"@type\":\"ListItem\",\"position\":2,\"name\":\"Italienische Autos\"}]},{\"@type\":\"WebSite\",\"@id\":\"https:\\\/\\\/willemcars.com\\\/#website\",\"url\":\"https:\\\/\\\/willemcars.com\\\/\",\"name\":\"Willem-Cars\",\"description\":\"\",\"potentialAction\":[{\"@type\":\"SearchAction\",\"target\":{\"@type\":\"EntryPoint\",\"urlTemplate\":\"https:\\\/\\\/willemcars.com\\\/?s={search_term_string}\"},\"query-input\":{\"@type\":\"PropertyValueSpecification\",\"valueRequired\":true,\"valueName\":\"search_term_string\"}}],\"inLanguage\":\"es\"}]}<\/script>\n<!-- \/ Yoast SEO plugin. -->","yoast_head_json":{"title":"Coches de origen Italiano - Willem-Cars","description":"(Nederlands) Willem Cars in La Marina verzorgt de inkoop en verkoop van diverse merken Italiaanse auto\u2019s. U kunt onder meer bij ons terecht om een Alfa Romeo, Fiat of Lancia te verkopen en\/of te kopen. Wanneer u gebruik wilt maken van de inkoop of verkoopservice van Willem Cars kunt u zonder afspraak bij ons langskomen. U kunt ook contact met ons opnemen.","robots":{"index":"index","follow":"follow","max-snippet":"max-snippet:-1","max-image-preview":"max-image-preview:large","max-video-preview":"max-video-preview:-1"},"canonical":"https:\/\/willemcars.com\/de\/italiaanse-autos\/","og_locale":"es_ES","og_type":"article","og_title":"Coches de origen Italiano - Willem-Cars","og_description":"(Nederlands) Willem Cars in La Marina verzorgt de inkoop en verkoop van diverse merken Italiaanse auto\u2019s. U kunt onder meer bij ons terecht om een Alfa Romeo, Fiat of Lancia te verkopen en\/of te kopen. Wanneer u gebruik wilt maken van de inkoop of verkoopservice van Willem Cars kunt u zonder afspraak bij ons langskomen. U kunt ook contact met ons opnemen.","og_url":"https:\/\/willemcars.com\/de\/italiaanse-autos\/","og_site_name":"Willem-Cars","article_modified_time":"2023-01-09T10:33:24+00:00","twitter_card":"summary_large_image","twitter_misc":{"Tiempo de lectura":"2 minutos"},"schema":{"@context":"https:\/\/schema.org","@graph":[{"@type":"WebPage","@id":"https:\/\/willemcars.com\/de\/italiaanse-autos\/","url":"https:\/\/willemcars.com\/de\/italiaanse-autos\/","name":"Coches de origen Italiano - Willem-Cars","isPartOf":{"@id":"https:\/\/willemcars.com\/#website"},"datePublished":"2015-12-04T15:16:34+00:00","dateModified":"2023-01-09T10:33:24+00:00","description":"(Nederlands) Willem Cars in La Marina verzorgt de inkoop en verkoop van diverse merken Italiaanse auto\u2019s. U kunt onder meer bij ons terecht om een Alfa Romeo, Fiat of Lancia te verkopen en\/of te kopen. Wanneer u gebruik wilt maken van de inkoop of verkoopservice van Willem Cars kunt u zonder afspraak bij ons langskomen. U kunt ook contact met ons opnemen.","breadcrumb":{"@id":"https:\/\/willemcars.com\/de\/italiaanse-autos\/#breadcrumb"},"inLanguage":"es","potentialAction":[{"@type":"ReadAction","target":["https:\/\/willemcars.com\/de\/italiaanse-autos\/"]}]},{"@type":"BreadcrumbList","@id":"https:\/\/willemcars.com\/de\/italiaanse-autos\/#breadcrumb","itemListElement":[{"@type":"ListItem","position":1,"name":"Home","item":"https:\/\/willemcars.com\/"},{"@type":"ListItem","position":2,"name":"Italienische Autos"}]},{"@type":"WebSite","@id":"https:\/\/willemcars.com\/#website","url":"https:\/\/willemcars.com\/","name":"Willem-Cars","description":"","potentialAction":[{"@type":"SearchAction","target":{"@type":"EntryPoint","urlTemplate":"https:\/\/willemcars.com\/?s={search_term_string}"},"query-input":{"@type":"PropertyValueSpecification","valueRequired":true,"valueName":"search_term_string"}}],"inLanguage":"es"}]}},"_links":{"self":[{"href":"https:\/\/willemcars.com\/es\/wp-json\/wp\/v2\/pages\/63","targetHints":{"allow":["GET"]}}],"collection":[{"href":"https:\/\/willemcars.com\/es\/wp-json\/wp\/v2\/pages"}],"about":[{"href":"https:\/\/willemcars.com\/es\/wp-json\/wp\/v2\/types\/page"}],"author":[{"embeddable":true,"href":"https:\/\/willemcars.com\/es\/wp-json\/wp\/v2\/users\/2"}],"replies":[{"embeddable":true,"href":"https:\/\/willemcars.com\/es\/wp-json\/wp\/v2\/comments?post=63"}],"version-history":[{"count":5,"href":"https:\/\/willemcars.com\/es\/wp-json\/wp\/v2\/pages\/63\/revisions"}],"predecessor-version":[{"id":5223,"href":"https:\/\/willemcars.com\/es\/wp-json\/wp\/v2\/pages\/63\/revisions\/5223"}],"wp:attachment":[{"href":"https:\/\/willemcars.com\/es\/wp-json\/wp\/v2\/media?parent=63"}],"curies":[{"name":"wp","href":"https:\/\/api.w.org\/{rel}","templated":true}]}}