{"id":61,"date":"2015-12-04T16:16:16","date_gmt":"2015-12-04T15:16:16","guid":{"rendered":"http:\/\/willemcars.com\/?page_id=61"},"modified":"2023-01-09T11:41:55","modified_gmt":"2023-01-09T10:41:55","slug":"japanse-autos","status":"publish","type":"page","link":"https:\/\/willemcars.com\/es\/japanse-autos\/","title":{"rendered":"Veh\u00edculos de origen Japon\u00e9s"},"content":{"rendered":"<p><\/p>\n<h1><strong>Veh\u00edculos de origen Japon\u00e9s<\/strong><\/h1>\n<p>Para la compra \u2013 venta de veh\u00edculos de origen Japon\u00e9s en Willem Cars en La Marina estas en el lugar adecuado para ello. Somos un concesionario con varios idiomas que ya estamos activos por m\u00e1s de 35 a\u00f1os en la Costa Blanca. Para la compra o la venta de coches de origen Japon\u00e9s como Mazda, Toyota y Nissan siempre le ofrecemos un precio justo y un servicio amable y respetuoso. Le recibiremos con una sonrisa y un caf\u00e9.<\/p>\n<p>&nbsp;<\/p>\n<p><strong>Su concesionario en la Costa Blanca<\/strong><\/p>\n<p>Elige el servicio compra-venta de Willem Cars y p\u00e1sate por nuestro concesionario ubicado en la N332 entre Cartagena y Alicante a la altura de KM 80. Tambi\u00e9n estamos muy bien alcanzables desde pueblos como La Mata, Rojales, Crevillente, Gran Alacant y <strong>La Zenia. <\/strong><\/p>\n<p>&nbsp;<\/p>\n<p><strong>Compra de coches de origen Japon\u00e9s.<\/strong><\/p>\n<p>Willem cars compra todos los coches de origen japon\u00e9s, entre otros; Mazda, Toyota y Nissan. Nuestros mec\u00e1nicos comprueban en el estado en el que se encuentra el veh\u00edculo y le ofrecemos un precio justo basado en el valor del mercado por ello.<\/p>\n<p>En Willem Cars tambi\u00e9n puedes utilizar esa cantidad para la compra de un modelo nuevo u otro veh\u00edculo de ocasi\u00f3n.<\/p>\n<p>&nbsp;<\/p>\n<p><strong>Venta de coches de origen Japon\u00e9s<\/strong><\/p>\n<p>En Willem Cars siempre encuentras una gran variedad de coches japoneses. Vendemos coches de segunda mano de la marca Mazda, Toyota y Nissan. Tenemos nuestros coches por una excelente relaci\u00f3n precio-calidad. Cada veh\u00edculo de segunda mano est\u00e1 comprobado por nuestro equipo de t\u00e9cnicos y mec\u00e1nicos por si hay defectos, y en caso de tal, ser solucionados para que usted pueda circular directamente con total seguridad. En Willem Cars tambi\u00e9n ofrecemos nuestra ayuda para la contrataci\u00f3n de seguro de coche, y en caso de ser extranjero, con la solicitud del numero NIE, para el registro de su coche.<\/p>\n<p>&nbsp;<\/p>\n<p><strong>Hacer una cita con Willem Cars.<\/strong><\/p>\n<p>No es necesario concertar una cita en Willem Cars. Usted puede visitarnos en nuestro horario de apertura. Pero con una cita usted est\u00e1 garantizado que le atenderemos directamente. Para concertar una cita puede llamarnos al n\u00famero.: 0034 965 419 508 o un mandando un correo electr\u00f3nico a: <a href=\"mailto:info@willemcars.com\">info@willemcars.com<\/a><\/p>\n<p>Tambi\u00e9n si tiene preguntas&nbsp; sobre nuestro servicio compra-venta puede llamarnos o mandarnos un correo electr\u00f3nico.<\/p>","protected":false},"excerpt":{"rendered":"<p>Veh\u00edculos de origen Japon\u00e9s Para la compra \u2013 venta de veh\u00edculos de origen Japon\u00e9s en Willem Cars en La Marina estas en el lugar adecuado para ello. Somos un concesionario con varios idiomas que ya estamos activos por m\u00e1s de 35 a\u00f1os en la Costa Blanca. Para la compra o la venta de coches de [&hellip;]<\/p>\n","protected":false},"author":2,"featured_media":0,"parent":0,"menu_order":0,"comment_status":"closed","ping_status":"closed","template":"","meta":{"dwc-title":[""],"dwc-content":[""],"_exactmetrics_skip_tracking":false,"_exactmetrics_sitenote_active":false,"_exactmetrics_sitenote_note":"","_exactmetrics_sitenote_category":0,"footnotes":""},"class_list":["post-61","page","type-page","status-publish","hentry"],"yoast_head":"<!-- This site is optimized with the Yoast SEO plugin v27.5 - https:\/\/yoast.com\/product\/yoast-seo-wordpress\/ -->\n<title>Veh\u00edculos de origen Japon\u00e9s - Willem-Cars<\/title>\n<meta name=\"description\" content=\"(Nederlands) Voor de inkoop en verkoop van Japanse auto\u2019s bent u bij Willem Cars in La Marina aan het juiste adres. Of u nu een auto bij ons koopt of aan ons verkoopt, wij bieden u altijd een eerlijke prijs en een uitstekende service. Bij Willem Cars staat de koffie altijd voor u klaar.\" \/>\n<meta name=\"robots\" content=\"index, follow, max-snippet:-1, max-image-preview:large, max-video-preview:-1\" \/>\n<link rel=\"canonical\" href=\"https:\/\/willemcars.com\/es\/japanse-autos\/\" \/>\n<meta property=\"og:locale\" content=\"es_ES\" \/>\n<meta property=\"og:type\" content=\"article\" \/>\n<meta property=\"og:title\" content=\"Veh\u00edculos de origen Japon\u00e9s - Willem-Cars\" \/>\n<meta property=\"og:description\" content=\"(Nederlands) Voor de inkoop en verkoop van Japanse auto\u2019s bent u bij Willem Cars in La Marina aan het juiste adres. Of u nu een auto bij ons koopt of aan ons verkoopt, wij bieden u altijd een eerlijke prijs en een uitstekende service. Bij Willem Cars staat de koffie altijd voor u klaar.\" \/>\n<meta property=\"og:url\" content=\"https:\/\/willemcars.com\/es\/japanse-autos\/\" \/>\n<meta property=\"og:site_name\" content=\"Willem-Cars\" \/>\n<meta property=\"article:modified_time\" content=\"2023-01-09T10:41:55+00:00\" \/>\n<meta name=\"twitter:card\" content=\"summary_large_image\" \/>\n<meta name=\"twitter:label1\" content=\"Tiempo de lectura\" \/>\n\t<meta name=\"twitter:data1\" content=\"2 minutos\" \/>\n<script type=\"application\/ld+json\" class=\"yoast-schema-graph\">{\"@context\":\"https:\\\/\\\/schema.org\",\"@graph\":[{\"@type\":\"WebPage\",\"@id\":\"https:\\\/\\\/willemcars.com\\\/es\\\/japanse-autos\\\/\",\"url\":\"https:\\\/\\\/willemcars.com\\\/es\\\/japanse-autos\\\/\",\"name\":\"Veh\u00edculos de origen Japon\u00e9s - Willem-Cars\",\"isPartOf\":{\"@id\":\"https:\\\/\\\/willemcars.com\\\/#website\"},\"datePublished\":\"2015-12-04T15:16:16+00:00\",\"dateModified\":\"2023-01-09T10:41:55+00:00\",\"description\":\"(Nederlands) Voor de inkoop en verkoop van Japanse auto\u2019s bent u bij Willem Cars in La Marina aan het juiste adres. Of u nu een auto bij ons koopt of aan ons verkoopt, wij bieden u altijd een eerlijke prijs en een uitstekende service. Bij Willem Cars staat de koffie altijd voor u klaar.\",\"breadcrumb\":{\"@id\":\"https:\\\/\\\/willemcars.com\\\/es\\\/japanse-autos\\\/#breadcrumb\"},\"inLanguage\":\"es\",\"potentialAction\":[{\"@type\":\"ReadAction\",\"target\":[\"https:\\\/\\\/willemcars.com\\\/es\\\/japanse-autos\\\/\"]}]},{\"@type\":\"BreadcrumbList\",\"@id\":\"https:\\\/\\\/willemcars.com\\\/es\\\/japanse-autos\\\/#breadcrumb\",\"itemListElement\":[{\"@type\":\"ListItem\",\"position\":1,\"name\":\"Home\",\"item\":\"https:\\\/\\\/willemcars.com\\\/\"},{\"@type\":\"ListItem\",\"position\":2,\"name\":\"Veh\u00edculos de origen Japon\u00e9s\"}]},{\"@type\":\"WebSite\",\"@id\":\"https:\\\/\\\/willemcars.com\\\/#website\",\"url\":\"https:\\\/\\\/willemcars.com\\\/\",\"name\":\"Willem-Cars\",\"description\":\"\",\"potentialAction\":[{\"@type\":\"SearchAction\",\"target\":{\"@type\":\"EntryPoint\",\"urlTemplate\":\"https:\\\/\\\/willemcars.com\\\/?s={search_term_string}\"},\"query-input\":{\"@type\":\"PropertyValueSpecification\",\"valueRequired\":true,\"valueName\":\"search_term_string\"}}],\"inLanguage\":\"es\"}]}<\/script>\n<!-- \/ Yoast SEO plugin. -->","yoast_head_json":{"title":"Veh\u00edculos de origen Japon\u00e9s - Willem-Cars","description":"(Nederlands) Voor de inkoop en verkoop van Japanse auto\u2019s bent u bij Willem Cars in La Marina aan het juiste adres. Of u nu een auto bij ons koopt of aan ons verkoopt, wij bieden u altijd een eerlijke prijs en een uitstekende service. Bij Willem Cars staat de koffie altijd voor u klaar.","robots":{"index":"index","follow":"follow","max-snippet":"max-snippet:-1","max-image-preview":"max-image-preview:large","max-video-preview":"max-video-preview:-1"},"canonical":"https:\/\/willemcars.com\/es\/japanse-autos\/","og_locale":"es_ES","og_type":"article","og_title":"Veh\u00edculos de origen Japon\u00e9s - Willem-Cars","og_description":"(Nederlands) Voor de inkoop en verkoop van Japanse auto\u2019s bent u bij Willem Cars in La Marina aan het juiste adres. Of u nu een auto bij ons koopt of aan ons verkoopt, wij bieden u altijd een eerlijke prijs en een uitstekende service. Bij Willem Cars staat de koffie altijd voor u klaar.","og_url":"https:\/\/willemcars.com\/es\/japanse-autos\/","og_site_name":"Willem-Cars","article_modified_time":"2023-01-09T10:41:55+00:00","twitter_card":"summary_large_image","twitter_misc":{"Tiempo de lectura":"2 minutos"},"schema":{"@context":"https:\/\/schema.org","@graph":[{"@type":"WebPage","@id":"https:\/\/willemcars.com\/es\/japanse-autos\/","url":"https:\/\/willemcars.com\/es\/japanse-autos\/","name":"Veh\u00edculos de origen Japon\u00e9s - Willem-Cars","isPartOf":{"@id":"https:\/\/willemcars.com\/#website"},"datePublished":"2015-12-04T15:16:16+00:00","dateModified":"2023-01-09T10:41:55+00:00","description":"(Nederlands) Voor de inkoop en verkoop van Japanse auto\u2019s bent u bij Willem Cars in La Marina aan het juiste adres. Of u nu een auto bij ons koopt of aan ons verkoopt, wij bieden u altijd een eerlijke prijs en een uitstekende service. Bij Willem Cars staat de koffie altijd voor u klaar.","breadcrumb":{"@id":"https:\/\/willemcars.com\/es\/japanse-autos\/#breadcrumb"},"inLanguage":"es","potentialAction":[{"@type":"ReadAction","target":["https:\/\/willemcars.com\/es\/japanse-autos\/"]}]},{"@type":"BreadcrumbList","@id":"https:\/\/willemcars.com\/es\/japanse-autos\/#breadcrumb","itemListElement":[{"@type":"ListItem","position":1,"name":"Home","item":"https:\/\/willemcars.com\/"},{"@type":"ListItem","position":2,"name":"Veh\u00edculos de origen Japon\u00e9s"}]},{"@type":"WebSite","@id":"https:\/\/willemcars.com\/#website","url":"https:\/\/willemcars.com\/","name":"Willem-Cars","description":"","potentialAction":[{"@type":"SearchAction","target":{"@type":"EntryPoint","urlTemplate":"https:\/\/willemcars.com\/?s={search_term_string}"},"query-input":{"@type":"PropertyValueSpecification","valueRequired":true,"valueName":"search_term_string"}}],"inLanguage":"es"}]}},"_links":{"self":[{"href":"https:\/\/willemcars.com\/es\/wp-json\/wp\/v2\/pages\/61","targetHints":{"allow":["GET"]}}],"collection":[{"href":"https:\/\/willemcars.com\/es\/wp-json\/wp\/v2\/pages"}],"about":[{"href":"https:\/\/willemcars.com\/es\/wp-json\/wp\/v2\/types\/page"}],"author":[{"embeddable":true,"href":"https:\/\/willemcars.com\/es\/wp-json\/wp\/v2\/users\/2"}],"replies":[{"embeddable":true,"href":"https:\/\/willemcars.com\/es\/wp-json\/wp\/v2\/comments?post=61"}],"version-history":[{"count":5,"href":"https:\/\/willemcars.com\/es\/wp-json\/wp\/v2\/pages\/61\/revisions"}],"predecessor-version":[{"id":5306,"href":"https:\/\/willemcars.com\/es\/wp-json\/wp\/v2\/pages\/61\/revisions\/5306"}],"wp:attachment":[{"href":"https:\/\/willemcars.com\/es\/wp-json\/wp\/v2\/media?parent=61"}],"curies":[{"name":"wp","href":"https:\/\/api.w.org\/{rel}","templated":true}]}}