{"id":59,"date":"2015-12-04T16:15:59","date_gmt":"2015-12-04T15:15:59","guid":{"rendered":"http:\/\/willemcars.com\/?page_id=59"},"modified":"2023-01-09T11:28:03","modified_gmt":"2023-01-09T10:28:03","slug":"franse-autos","status":"publish","type":"page","link":"https:\/\/willemcars.com\/es\/franse-autos\/","title":{"rendered":"Veh\u00edculos Franceses"},"content":{"rendered":"<p><\/p>\n<h1><strong>Veh\u00edculos Franceses<\/strong><\/h1>\n<p>Willem Cars en La Marina es su concesionario de confianza en la Costa Blanca para la compra y\/o para la venta de diversos coches de origen Franc\u00e9s. Compramos durante todo el a\u00f1o coches de segunda mano, por el que nuestra flota cambia continuamente. Nosotros nos encargamos de la compra-venta de marcas como Peugeot, Renault o Citro\u00ebn. Da lo mismo si usted nos vende su veh\u00edculo o que usted nos compra su veh\u00edculo; en Willem Cars le garantizamos un precio justo.<\/p>\n<p>&nbsp;<\/p>\n<p><strong>Concesionario Costa Blanca<\/strong><br \/>\nNosotros somos EL concesionario con varios idiomas en la Costa Blanca. Quieres hacer uso de nuestra compra o venta de coches de origen franc\u00e9s? Vis\u00edtanos en Willem Cars en La Marina. Nuestra oficina est\u00e1 en una ubicaci\u00f3n favorable en la N332 entre Alicante y Cartagena a la altura de KM 80. Tambi\u00e9n desde pueblos como La Mata, Rojales, Crevillente, Gran Alacant y La Zenia, no tardas nada en pisar nuestro sal\u00f3n de exposici\u00f3n en La Marina.<\/p>\n<p>&nbsp;<\/p>\n<p><strong>Compra de veh\u00edculo franc\u00e9s<\/strong><br \/>\nEn Willem Cars, adquirimos todos las marcas de origen Franc\u00e9s, mientras est\u00e1 en buen estado de uso. Estaremos encantados de comprarles su Peugeot, Renault o Citro\u00ebn. El precio que pagamos est\u00e1 basado en el valor comercial del autom\u00f3vil. Tambi\u00e9n puede utilizar esa cantidad con la adquisici\u00f3n de otro coche de nuestra flota de veh\u00edculos de segunda mano.<\/p>\n<p>&nbsp;<\/p>\n<p><strong>Venta de veh\u00edculo franc\u00e9s<\/strong><br \/>\nBuscas un coche segunda mano de origen Franc\u00e9s? En Willem Cars siempre encontraras una gama amplia. Ofrecemos los Peugeot, Renault y Citro\u00ebn por un precio muy justo en relaci\u00f3n calidad-precio. Todos los veh\u00edculos est\u00e1n comprobados en posibles defectos y de ser as\u00ed, reparados para que usted pueda circular con total seguridad. Willem Cars tambi\u00e9n ofrece ayuda para la contrataci\u00f3n de su seguro de coche y de ser extranjero, la solicitud de un numero NIE.<\/p>\n<p>&nbsp;<\/p>\n<p><strong>Una cita con Willem Cars.<\/strong><\/p>\n<p>No es necesario concertar una cita con Willem Cars, pero si quiere una cita con nosotros, se le garantiza que le atenderemos directamente.<\/p>\n<p>Cuando quiere vendernos su coche actual y\/o busca un modelo nuevo, visita&nbsp; nuestro concesionario en La Marina.<\/p>\n<p>Para concertar una cita, ll\u00e1manos a 0034 965 419 508 o m\u00e1ndanos un correo electr\u00f3nico a: <a href=\"mailto:info@willemcars.com\">info@willemcars.com<\/a><\/p>","protected":false},"excerpt":{"rendered":"<p>Veh\u00edculos Franceses Willem Cars en La Marina es su concesionario de confianza en la Costa Blanca para la compra y\/o para la venta de diversos coches de origen Franc\u00e9s. Compramos durante todo el a\u00f1o coches de segunda mano, por el que nuestra flota cambia continuamente. Nosotros nos encargamos de la compra-venta de marcas como Peugeot, [&hellip;]<\/p>\n","protected":false},"author":2,"featured_media":0,"parent":0,"menu_order":0,"comment_status":"closed","ping_status":"closed","template":"","meta":{"dwc-title":[""],"dwc-content":[""],"_exactmetrics_skip_tracking":false,"_exactmetrics_sitenote_active":false,"_exactmetrics_sitenote_note":"","_exactmetrics_sitenote_category":0,"footnotes":""},"class_list":["post-59","page","type-page","status-publish","hentry"],"yoast_head":"<!-- This site is optimized with the Yoast SEO plugin v27.5 - https:\/\/yoast.com\/product\/yoast-seo-wordpress\/ -->\n<title>Veh\u00edculos Franceses - Willem-Cars<\/title>\n<meta name=\"description\" content=\"(Nederlands) Bij Willem Cars kopen wij alle merken Franse auto\u2019s in, zolang uw voertuig maar in goede staat is. Of u nu op zoek bent naar een eerstehands\/ tweedehands Franse auto, bij Willem Cars vindt u altijd een zeer uitgebreid aanbod. Kom langs of neem contact met ons op!\" \/>\n<meta name=\"robots\" content=\"index, follow, max-snippet:-1, max-image-preview:large, max-video-preview:-1\" \/>\n<link rel=\"canonical\" href=\"https:\/\/willemcars.com\/es\/franse-autos\/\" \/>\n<meta property=\"og:locale\" content=\"es_ES\" \/>\n<meta property=\"og:type\" content=\"article\" \/>\n<meta property=\"og:title\" content=\"Veh\u00edculos Franceses - Willem-Cars\" \/>\n<meta property=\"og:description\" content=\"(Nederlands) Bij Willem Cars kopen wij alle merken Franse auto\u2019s in, zolang uw voertuig maar in goede staat is. Of u nu op zoek bent naar een eerstehands\/ tweedehands Franse auto, bij Willem Cars vindt u altijd een zeer uitgebreid aanbod. Kom langs of neem contact met ons op!\" \/>\n<meta property=\"og:url\" content=\"https:\/\/willemcars.com\/es\/franse-autos\/\" \/>\n<meta property=\"og:site_name\" content=\"Willem-Cars\" \/>\n<meta property=\"article:modified_time\" content=\"2023-01-09T10:28:03+00:00\" \/>\n<meta name=\"twitter:card\" content=\"summary_large_image\" \/>\n<meta name=\"twitter:label1\" content=\"Tiempo de lectura\" \/>\n\t<meta name=\"twitter:data1\" content=\"2 minutos\" \/>\n<script type=\"application\/ld+json\" class=\"yoast-schema-graph\">{\"@context\":\"https:\\\/\\\/schema.org\",\"@graph\":[{\"@type\":\"WebPage\",\"@id\":\"https:\\\/\\\/willemcars.com\\\/es\\\/franse-autos\\\/\",\"url\":\"https:\\\/\\\/willemcars.com\\\/es\\\/franse-autos\\\/\",\"name\":\"Veh\u00edculos Franceses - Willem-Cars\",\"isPartOf\":{\"@id\":\"https:\\\/\\\/willemcars.com\\\/#website\"},\"datePublished\":\"2015-12-04T15:15:59+00:00\",\"dateModified\":\"2023-01-09T10:28:03+00:00\",\"description\":\"(Nederlands) Bij Willem Cars kopen wij alle merken Franse auto\u2019s in, zolang uw voertuig maar in goede staat is. Of u nu op zoek bent naar een eerstehands\\\/ tweedehands Franse auto, bij Willem Cars vindt u altijd een zeer uitgebreid aanbod. Kom langs of neem contact met ons op!\",\"breadcrumb\":{\"@id\":\"https:\\\/\\\/willemcars.com\\\/es\\\/franse-autos\\\/#breadcrumb\"},\"inLanguage\":\"es\",\"potentialAction\":[{\"@type\":\"ReadAction\",\"target\":[\"https:\\\/\\\/willemcars.com\\\/es\\\/franse-autos\\\/\"]}]},{\"@type\":\"BreadcrumbList\",\"@id\":\"https:\\\/\\\/willemcars.com\\\/es\\\/franse-autos\\\/#breadcrumb\",\"itemListElement\":[{\"@type\":\"ListItem\",\"position\":1,\"name\":\"Home\",\"item\":\"https:\\\/\\\/willemcars.com\\\/\"},{\"@type\":\"ListItem\",\"position\":2,\"name\":\"Veh\u00edculos Franceses\"}]},{\"@type\":\"WebSite\",\"@id\":\"https:\\\/\\\/willemcars.com\\\/#website\",\"url\":\"https:\\\/\\\/willemcars.com\\\/\",\"name\":\"Willem-Cars\",\"description\":\"\",\"potentialAction\":[{\"@type\":\"SearchAction\",\"target\":{\"@type\":\"EntryPoint\",\"urlTemplate\":\"https:\\\/\\\/willemcars.com\\\/?s={search_term_string}\"},\"query-input\":{\"@type\":\"PropertyValueSpecification\",\"valueRequired\":true,\"valueName\":\"search_term_string\"}}],\"inLanguage\":\"es\"}]}<\/script>\n<!-- \/ Yoast SEO plugin. -->","yoast_head_json":{"title":"Veh\u00edculos Franceses - Willem-Cars","description":"(Nederlands) Bij Willem Cars kopen wij alle merken Franse auto\u2019s in, zolang uw voertuig maar in goede staat is. Of u nu op zoek bent naar een eerstehands\/ tweedehands Franse auto, bij Willem Cars vindt u altijd een zeer uitgebreid aanbod. Kom langs of neem contact met ons op!","robots":{"index":"index","follow":"follow","max-snippet":"max-snippet:-1","max-image-preview":"max-image-preview:large","max-video-preview":"max-video-preview:-1"},"canonical":"https:\/\/willemcars.com\/es\/franse-autos\/","og_locale":"es_ES","og_type":"article","og_title":"Veh\u00edculos Franceses - Willem-Cars","og_description":"(Nederlands) Bij Willem Cars kopen wij alle merken Franse auto\u2019s in, zolang uw voertuig maar in goede staat is. Of u nu op zoek bent naar een eerstehands\/ tweedehands Franse auto, bij Willem Cars vindt u altijd een zeer uitgebreid aanbod. Kom langs of neem contact met ons op!","og_url":"https:\/\/willemcars.com\/es\/franse-autos\/","og_site_name":"Willem-Cars","article_modified_time":"2023-01-09T10:28:03+00:00","twitter_card":"summary_large_image","twitter_misc":{"Tiempo de lectura":"2 minutos"},"schema":{"@context":"https:\/\/schema.org","@graph":[{"@type":"WebPage","@id":"https:\/\/willemcars.com\/es\/franse-autos\/","url":"https:\/\/willemcars.com\/es\/franse-autos\/","name":"Veh\u00edculos Franceses - Willem-Cars","isPartOf":{"@id":"https:\/\/willemcars.com\/#website"},"datePublished":"2015-12-04T15:15:59+00:00","dateModified":"2023-01-09T10:28:03+00:00","description":"(Nederlands) Bij Willem Cars kopen wij alle merken Franse auto\u2019s in, zolang uw voertuig maar in goede staat is. Of u nu op zoek bent naar een eerstehands\/ tweedehands Franse auto, bij Willem Cars vindt u altijd een zeer uitgebreid aanbod. Kom langs of neem contact met ons op!","breadcrumb":{"@id":"https:\/\/willemcars.com\/es\/franse-autos\/#breadcrumb"},"inLanguage":"es","potentialAction":[{"@type":"ReadAction","target":["https:\/\/willemcars.com\/es\/franse-autos\/"]}]},{"@type":"BreadcrumbList","@id":"https:\/\/willemcars.com\/es\/franse-autos\/#breadcrumb","itemListElement":[{"@type":"ListItem","position":1,"name":"Home","item":"https:\/\/willemcars.com\/"},{"@type":"ListItem","position":2,"name":"Veh\u00edculos Franceses"}]},{"@type":"WebSite","@id":"https:\/\/willemcars.com\/#website","url":"https:\/\/willemcars.com\/","name":"Willem-Cars","description":"","potentialAction":[{"@type":"SearchAction","target":{"@type":"EntryPoint","urlTemplate":"https:\/\/willemcars.com\/?s={search_term_string}"},"query-input":{"@type":"PropertyValueSpecification","valueRequired":true,"valueName":"search_term_string"}}],"inLanguage":"es"}]}},"_links":{"self":[{"href":"https:\/\/willemcars.com\/es\/wp-json\/wp\/v2\/pages\/59","targetHints":{"allow":["GET"]}}],"collection":[{"href":"https:\/\/willemcars.com\/es\/wp-json\/wp\/v2\/pages"}],"about":[{"href":"https:\/\/willemcars.com\/es\/wp-json\/wp\/v2\/types\/page"}],"author":[{"embeddable":true,"href":"https:\/\/willemcars.com\/es\/wp-json\/wp\/v2\/users\/2"}],"replies":[{"embeddable":true,"href":"https:\/\/willemcars.com\/es\/wp-json\/wp\/v2\/comments?post=59"}],"version-history":[{"count":5,"href":"https:\/\/willemcars.com\/es\/wp-json\/wp\/v2\/pages\/59\/revisions"}],"predecessor-version":[{"id":5300,"href":"https:\/\/willemcars.com\/es\/wp-json\/wp\/v2\/pages\/59\/revisions\/5300"}],"wp:attachment":[{"href":"https:\/\/willemcars.com\/es\/wp-json\/wp\/v2\/media?parent=59"}],"curies":[{"name":"wp","href":"https:\/\/api.w.org\/{rel}","templated":true}]}}