{"id":57,"date":"2015-12-04T16:15:44","date_gmt":"2015-12-04T15:15:44","guid":{"rendered":"http:\/\/willemcars.com\/?page_id=57"},"modified":"2023-01-09T11:27:11","modified_gmt":"2023-01-09T10:27:11","slug":"duitse-autos","status":"publish","type":"page","link":"https:\/\/willemcars.com\/es\/duitse-autos\/","title":{"rendered":"Coches Alemanes"},"content":{"rendered":"<p><\/p>\n<h1><strong>Coches Alemanes<\/strong><\/h1>\n<p>Willem Cars en La Marina \u00a0en la marina atiende tanto para la compra y la venta de diferentes marcas coches alemanes. Como siempre compramos coches, nuestra flota de coches de segunda mano cambia continuamente.<\/p>\n<p>Puede recurrir a nosotros para la compra de diferentes marcas tales como Opel, Volkswagen, Audi, Mercedes, BMW y Ford. Willem Cars es su concesionario de confianza en la Costa Blanca: nosotros siempre garantizamos calidad y un precio justo.<\/p>\n<p><strong>Concesionario en la Costa Blanca<\/strong><br \/>\nSi quieres hacer uso de nuestra compra o la venta de los coches alemanes, pueden venir a nuestra oficina en La Marina. Puede encontrar a Willem Cars en la N332 entre Cartagena y Alicante, a la altura del KM 80. Nuestro concesionario tambi\u00e9n est\u00e1 muy bien alcanzable desde La Mata, Rojales, Crevillente, Gran Alacant y La Zenia. Les esperamos con una sonrisa y un caf\u00e9.<\/p>\n<p><strong>Adquisici\u00f3n<\/strong><br \/>\nWillem Cars compra todas las marcas y modelos de coches Alemanes. Su Opel, Volkswagen, Audi, Mercedes, BMW o Ford es bienvenido aqu\u00ed.<\/p>\n<p>Comprobamos el estado t\u00e9cnico de su veh\u00edculo y siempre te ofrecemos un precio justo basado en el valor comercial del autom\u00f3vil. Por supuesto, tambi\u00e9n puede utilizar el valor de su coche para elegir un modelo diferente de nuestra sala de exposici\u00f3n.<\/p>\n<p><strong>Venta<\/strong><br \/>\nSi usted quiere comprar un Opel, Volkswagen, Audi, Mercedes, BMW o Ford usado, en willem Cars est\u00e1 Usted en el lugar correcto.<\/p>\n<p>Vendemos nuestros veh\u00edculos por una gran relaci\u00f3n calidad-precio y ofrecemos garant\u00eda en todos los veh\u00edculos. Todos nuestros coches usados son cuidadosamente revisados por defectos por lo que puede circular directamente en la carretera con seguridad. Si se desea, ofrecemos ayuda con la contrataci\u00f3n del seguro del coche y dando de alto el veh\u00edculo.<\/p>\n<p><strong>Haga una cita.<\/strong><br \/>\nQuieres vender su coche actual y\/o buscas otro veh\u00edculo? Pasen por concesionario Willem Cars en La Marina. Tambi\u00e9n puede hacer una cita, lo que le garantiza que podamos atenderle directamente.<\/p>\n<p>Para una cita, ll\u00e1manos\u00a0 al n\u00famero de tel\u00e9fono : 0034 965 419 508 o m\u00e1ndanos un correo electr\u00f3nico a <a href=\"mailto:info@willemcars.com\">info@willemcars.com<\/a><\/p>","protected":false},"excerpt":{"rendered":"<p>Coches Alemanes Willem Cars en La Marina \u00a0en la marina atiende tanto para la compra y la venta de diferentes marcas coches alemanes. Como siempre compramos coches, nuestra flota de coches de segunda mano cambia continuamente. Puede recurrir a nosotros para la compra de diferentes marcas tales como Opel, Volkswagen, Audi, Mercedes, BMW y Ford. [&hellip;]<\/p>\n","protected":false},"author":2,"featured_media":0,"parent":0,"menu_order":0,"comment_status":"closed","ping_status":"closed","template":"","meta":{"dwc-title":[""],"dwc-content":[""],"_exactmetrics_skip_tracking":false,"_exactmetrics_sitenote_active":false,"_exactmetrics_sitenote_note":"","_exactmetrics_sitenote_category":0,"footnotes":""},"class_list":["post-57","page","type-page","status-publish","hentry"],"yoast_head":"<!-- This site is optimized with the Yoast SEO plugin v27.5 - https:\/\/yoast.com\/product\/yoast-seo-wordpress\/ -->\n<title>Coches Alemanes - Willem-Cars<\/title>\n<meta name=\"description\" content=\"(Nederlands) Willem Cars koopt alle merken Duitse auto\u2019s in. Uw Opel, Volkswagen, Audi, Mercedes, BMW of Ford is bij ons van harte welkom. Wij verkopen onze auto\u2019s voor een uitstekende prijs-kwaliteitsverhouding en wij bieden garantie op alle voertuigen. Kom langs of neem contact op voor vragen.\" \/>\n<meta name=\"robots\" content=\"index, follow, max-snippet:-1, max-image-preview:large, max-video-preview:-1\" \/>\n<link rel=\"canonical\" href=\"https:\/\/willemcars.com\/es\/duitse-autos\/\" \/>\n<meta property=\"og:locale\" content=\"es_ES\" \/>\n<meta property=\"og:type\" content=\"article\" \/>\n<meta property=\"og:title\" content=\"Coches Alemanes - Willem-Cars\" \/>\n<meta property=\"og:description\" content=\"(Nederlands) Willem Cars koopt alle merken Duitse auto\u2019s in. Uw Opel, Volkswagen, Audi, Mercedes, BMW of Ford is bij ons van harte welkom. Wij verkopen onze auto\u2019s voor een uitstekende prijs-kwaliteitsverhouding en wij bieden garantie op alle voertuigen. Kom langs of neem contact op voor vragen.\" \/>\n<meta property=\"og:url\" content=\"https:\/\/willemcars.com\/es\/duitse-autos\/\" \/>\n<meta property=\"og:site_name\" content=\"Willem-Cars\" \/>\n<meta property=\"article:modified_time\" content=\"2023-01-09T10:27:11+00:00\" \/>\n<meta name=\"twitter:card\" content=\"summary_large_image\" \/>\n<meta name=\"twitter:label1\" content=\"Tiempo de lectura\" \/>\n\t<meta name=\"twitter:data1\" content=\"2 minutos\" \/>\n<script type=\"application\/ld+json\" class=\"yoast-schema-graph\">{\"@context\":\"https:\\\/\\\/schema.org\",\"@graph\":[{\"@type\":\"WebPage\",\"@id\":\"https:\\\/\\\/willemcars.com\\\/es\\\/duitse-autos\\\/\",\"url\":\"https:\\\/\\\/willemcars.com\\\/es\\\/duitse-autos\\\/\",\"name\":\"Coches Alemanes - Willem-Cars\",\"isPartOf\":{\"@id\":\"https:\\\/\\\/willemcars.com\\\/#website\"},\"datePublished\":\"2015-12-04T15:15:44+00:00\",\"dateModified\":\"2023-01-09T10:27:11+00:00\",\"description\":\"(Nederlands) Willem Cars koopt alle merken Duitse auto\u2019s in. Uw Opel, Volkswagen, Audi, Mercedes, BMW of Ford is bij ons van harte welkom. Wij verkopen onze auto\u2019s voor een uitstekende prijs-kwaliteitsverhouding en wij bieden garantie op alle voertuigen. Kom langs of neem contact op voor vragen.\",\"breadcrumb\":{\"@id\":\"https:\\\/\\\/willemcars.com\\\/es\\\/duitse-autos\\\/#breadcrumb\"},\"inLanguage\":\"es\",\"potentialAction\":[{\"@type\":\"ReadAction\",\"target\":[\"https:\\\/\\\/willemcars.com\\\/es\\\/duitse-autos\\\/\"]}]},{\"@type\":\"BreadcrumbList\",\"@id\":\"https:\\\/\\\/willemcars.com\\\/es\\\/duitse-autos\\\/#breadcrumb\",\"itemListElement\":[{\"@type\":\"ListItem\",\"position\":1,\"name\":\"Home\",\"item\":\"https:\\\/\\\/willemcars.com\\\/\"},{\"@type\":\"ListItem\",\"position\":2,\"name\":\"Coches Alemanes\"}]},{\"@type\":\"WebSite\",\"@id\":\"https:\\\/\\\/willemcars.com\\\/#website\",\"url\":\"https:\\\/\\\/willemcars.com\\\/\",\"name\":\"Willem-Cars\",\"description\":\"\",\"potentialAction\":[{\"@type\":\"SearchAction\",\"target\":{\"@type\":\"EntryPoint\",\"urlTemplate\":\"https:\\\/\\\/willemcars.com\\\/?s={search_term_string}\"},\"query-input\":{\"@type\":\"PropertyValueSpecification\",\"valueRequired\":true,\"valueName\":\"search_term_string\"}}],\"inLanguage\":\"es\"}]}<\/script>\n<!-- \/ Yoast SEO plugin. -->","yoast_head_json":{"title":"Coches Alemanes - Willem-Cars","description":"(Nederlands) Willem Cars koopt alle merken Duitse auto\u2019s in. Uw Opel, Volkswagen, Audi, Mercedes, BMW of Ford is bij ons van harte welkom. Wij verkopen onze auto\u2019s voor een uitstekende prijs-kwaliteitsverhouding en wij bieden garantie op alle voertuigen. Kom langs of neem contact op voor vragen.","robots":{"index":"index","follow":"follow","max-snippet":"max-snippet:-1","max-image-preview":"max-image-preview:large","max-video-preview":"max-video-preview:-1"},"canonical":"https:\/\/willemcars.com\/es\/duitse-autos\/","og_locale":"es_ES","og_type":"article","og_title":"Coches Alemanes - Willem-Cars","og_description":"(Nederlands) Willem Cars koopt alle merken Duitse auto\u2019s in. Uw Opel, Volkswagen, Audi, Mercedes, BMW of Ford is bij ons van harte welkom. Wij verkopen onze auto\u2019s voor een uitstekende prijs-kwaliteitsverhouding en wij bieden garantie op alle voertuigen. Kom langs of neem contact op voor vragen.","og_url":"https:\/\/willemcars.com\/es\/duitse-autos\/","og_site_name":"Willem-Cars","article_modified_time":"2023-01-09T10:27:11+00:00","twitter_card":"summary_large_image","twitter_misc":{"Tiempo de lectura":"2 minutos"},"schema":{"@context":"https:\/\/schema.org","@graph":[{"@type":"WebPage","@id":"https:\/\/willemcars.com\/es\/duitse-autos\/","url":"https:\/\/willemcars.com\/es\/duitse-autos\/","name":"Coches Alemanes - Willem-Cars","isPartOf":{"@id":"https:\/\/willemcars.com\/#website"},"datePublished":"2015-12-04T15:15:44+00:00","dateModified":"2023-01-09T10:27:11+00:00","description":"(Nederlands) Willem Cars koopt alle merken Duitse auto\u2019s in. Uw Opel, Volkswagen, Audi, Mercedes, BMW of Ford is bij ons van harte welkom. Wij verkopen onze auto\u2019s voor een uitstekende prijs-kwaliteitsverhouding en wij bieden garantie op alle voertuigen. Kom langs of neem contact op voor vragen.","breadcrumb":{"@id":"https:\/\/willemcars.com\/es\/duitse-autos\/#breadcrumb"},"inLanguage":"es","potentialAction":[{"@type":"ReadAction","target":["https:\/\/willemcars.com\/es\/duitse-autos\/"]}]},{"@type":"BreadcrumbList","@id":"https:\/\/willemcars.com\/es\/duitse-autos\/#breadcrumb","itemListElement":[{"@type":"ListItem","position":1,"name":"Home","item":"https:\/\/willemcars.com\/"},{"@type":"ListItem","position":2,"name":"Coches Alemanes"}]},{"@type":"WebSite","@id":"https:\/\/willemcars.com\/#website","url":"https:\/\/willemcars.com\/","name":"Willem-Cars","description":"","potentialAction":[{"@type":"SearchAction","target":{"@type":"EntryPoint","urlTemplate":"https:\/\/willemcars.com\/?s={search_term_string}"},"query-input":{"@type":"PropertyValueSpecification","valueRequired":true,"valueName":"search_term_string"}}],"inLanguage":"es"}]}},"_links":{"self":[{"href":"https:\/\/willemcars.com\/es\/wp-json\/wp\/v2\/pages\/57","targetHints":{"allow":["GET"]}}],"collection":[{"href":"https:\/\/willemcars.com\/es\/wp-json\/wp\/v2\/pages"}],"about":[{"href":"https:\/\/willemcars.com\/es\/wp-json\/wp\/v2\/types\/page"}],"author":[{"embeddable":true,"href":"https:\/\/willemcars.com\/es\/wp-json\/wp\/v2\/users\/2"}],"replies":[{"embeddable":true,"href":"https:\/\/willemcars.com\/es\/wp-json\/wp\/v2\/comments?post=57"}],"version-history":[{"count":5,"href":"https:\/\/willemcars.com\/es\/wp-json\/wp\/v2\/pages\/57\/revisions"}],"predecessor-version":[{"id":5299,"href":"https:\/\/willemcars.com\/es\/wp-json\/wp\/v2\/pages\/57\/revisions\/5299"}],"wp:attachment":[{"href":"https:\/\/willemcars.com\/es\/wp-json\/wp\/v2\/media?parent=57"}],"curies":[{"name":"wp","href":"https:\/\/api.w.org\/{rel}","templated":true}]}}