{"id":53,"date":"2015-12-04T16:15:10","date_gmt":"2015-12-04T15:15:10","guid":{"rendered":"http:\/\/willemcars.com\/?page_id=53"},"modified":"2023-01-09T11:23:29","modified_gmt":"2023-01-09T10:23:29","slug":"2dehands-autos","status":"publish","type":"page","link":"https:\/\/willemcars.com\/es\/2dehands-autos\/","title":{"rendered":"Venta"},"content":{"rendered":"<p><\/p>\n<h1><strong>Venta coches <\/strong><strong>\u00a0de segunda mano<\/strong><\/h1>\n<p>Willem Cars en La Marina solo vende coches con garant\u00eda de buena calidad. As\u00ed mismo tambi\u00e9n tenemos coches de segunda mano. Tambi\u00e9n vendemos coches de 7 plazas, coches brit\u00e1nicos, caravanas, autocaravans y motos. Willem Cars es un concesionario de confianza con una reputaci\u00f3n impecable, tambi\u00e9n cuando se trata de segunda mano. Con nosotros encuentras el coche que usted busca.<\/p>\n<p>&nbsp;<\/p>\n<p><strong>Segunda mano Costa Blanca.<\/strong><br \/>\nVen a ver nuestra amplia gama de coches de segunda mano en nuestra sala de exposici\u00f3n en La Marina. Recibimos todos los d\u00edas coches de segunda mano, por lo tanto siempre cambia nuestra flota de coches.<\/p>\n<p>Willem cars est\u00e1 ubicado en la N332 entre Alicante y Cartagena, a la altura del KM 80.<\/p>\n<p>Tambi\u00e9n est\u00e1 muy bien alcanzable desde varios puntos en la Costa Blanca como son, Alicante, Torrevieja, Elx, La Marina, Guardamar y Santa Pola.<\/p>\n<p>&nbsp;<\/p>\n<p><strong>Siempre<\/strong> <strong>coches<\/strong> <strong>con<\/strong> <strong>garant\u00eda<\/strong><br \/>\nWillem Cars ofrece garant\u00eda en todos los coches, coches de 7 \u00a0plazas, coches brit\u00e1nicos, caravanas, auto caravanas y motos.<\/p>\n<p>Nuestro equipo de mec\u00e1nicos primero repasan el veh\u00edculo por si hay que reparar alguna cosa, en su defecto, nosotros nos hacemos cargo de la reparaci\u00f3n. Muchos concesionaros de segunda mano espa\u00f1oles tienen una reputaci\u00f3n dudoso. Con Willem Cars usted est\u00e1 asegurado de un coche de ocasi\u00f3n por un precio accesible.<\/p>\n<p>&nbsp;<\/p>\n<p><strong>Su seguro al instante<\/strong><br \/>\nSi compra un veh\u00edculo de segunda mano en Espa\u00f1a, es muy distinto de si lo hiciese en el extranjero. Nosotros estamos encantados de explicarles c\u00f3mo funciona. Tambi\u00e9n somos capaces de ayudarles con la contrataci\u00f3n del seguro de coche, para que usted pueda circular con el veh\u00edculo asegurado. Tambi\u00e9n le asistiremos con la ITV y la solicitud de un numero NIE(para los extranjeros) Concesionario Willem Cars les ofrece ese servicio que muchas veces falta.<\/p>\n<p>&nbsp;<\/p>\n<p><strong>Tiene preguntas?<\/strong><br \/>\nUsted es bienvenido en nuestro sal\u00f3n de exposici\u00f3n en La Marina. Les recibiremos con una sonrisa y un caf\u00e9. Tambi\u00e9n puede llamarnos al n\u00famero: 0034 965 419 508 o mandarnos un correo electr\u00f3nico a <a href=\"mailto:info@willemcars.com\">info@willemcars.com<\/a><\/p>","protected":false},"excerpt":{"rendered":"<p>Venta coches \u00a0de segunda mano Willem Cars en La Marina solo vende coches con garant\u00eda de buena calidad. As\u00ed mismo tambi\u00e9n tenemos coches de segunda mano. Tambi\u00e9n vendemos coches de 7 plazas, coches brit\u00e1nicos, caravanas, autocaravans y motos. Willem Cars es un concesionario de confianza con una reputaci\u00f3n impecable, tambi\u00e9n cuando se trata de segunda [&hellip;]<\/p>\n","protected":false},"author":2,"featured_media":0,"parent":0,"menu_order":0,"comment_status":"closed","ping_status":"closed","template":"","meta":{"dwc-title":[""],"dwc-content":[""],"_exactmetrics_skip_tracking":false,"_exactmetrics_sitenote_active":false,"_exactmetrics_sitenote_note":"","_exactmetrics_sitenote_category":0,"footnotes":""},"class_list":["post-53","page","type-page","status-publish","hentry"],"yoast_head":"<!-- This site is optimized with the Yoast SEO plugin v27.4 - https:\/\/yoast.com\/product\/yoast-seo-wordpress\/ -->\n<title>Venta - Willem-Cars<\/title>\n<meta name=\"robots\" content=\"index, follow, max-snippet:-1, max-image-preview:large, max-video-preview:-1\" \/>\n<link rel=\"canonical\" href=\"https:\/\/willemcars.com\/es\/2dehands-autos\/\" \/>\n<meta property=\"og:locale\" content=\"es_ES\" \/>\n<meta property=\"og:type\" content=\"article\" \/>\n<meta property=\"og:title\" content=\"Venta - Willem-Cars\" \/>\n<meta property=\"og:description\" content=\"Venta coches \u00a0de segunda mano Willem Cars en La Marina solo vende coches con garant\u00eda de buena calidad. As\u00ed mismo tambi\u00e9n tenemos coches de segunda mano. Tambi\u00e9n vendemos coches de 7 plazas, coches brit\u00e1nicos, caravanas, autocaravans y motos. Willem Cars es un concesionario de confianza con una reputaci\u00f3n impecable, tambi\u00e9n cuando se trata de segunda [&hellip;]\" \/>\n<meta property=\"og:url\" content=\"https:\/\/willemcars.com\/es\/2dehands-autos\/\" \/>\n<meta property=\"og:site_name\" content=\"Willem-Cars\" \/>\n<meta property=\"article:modified_time\" content=\"2023-01-09T10:23:29+00:00\" \/>\n<meta name=\"twitter:card\" content=\"summary_large_image\" \/>\n<meta name=\"twitter:label1\" content=\"Tiempo de lectura\" \/>\n\t<meta name=\"twitter:data1\" content=\"2 minutos\" \/>\n<script type=\"application\/ld+json\" class=\"yoast-schema-graph\">{\"@context\":\"https:\\\/\\\/schema.org\",\"@graph\":[{\"@type\":\"WebPage\",\"@id\":\"https:\\\/\\\/willemcars.com\\\/es\\\/2dehands-autos\\\/\",\"url\":\"https:\\\/\\\/willemcars.com\\\/es\\\/2dehands-autos\\\/\",\"name\":\"Venta - Willem-Cars\",\"isPartOf\":{\"@id\":\"https:\\\/\\\/willemcars.com\\\/#website\"},\"datePublished\":\"2015-12-04T15:15:10+00:00\",\"dateModified\":\"2023-01-09T10:23:29+00:00\",\"breadcrumb\":{\"@id\":\"https:\\\/\\\/willemcars.com\\\/es\\\/2dehands-autos\\\/#breadcrumb\"},\"inLanguage\":\"es\",\"potentialAction\":[{\"@type\":\"ReadAction\",\"target\":[\"https:\\\/\\\/willemcars.com\\\/es\\\/2dehands-autos\\\/\"]}]},{\"@type\":\"BreadcrumbList\",\"@id\":\"https:\\\/\\\/willemcars.com\\\/es\\\/2dehands-autos\\\/#breadcrumb\",\"itemListElement\":[{\"@type\":\"ListItem\",\"position\":1,\"name\":\"Home\",\"item\":\"https:\\\/\\\/willemcars.com\\\/\"},{\"@type\":\"ListItem\",\"position\":2,\"name\":\"Venta\"}]},{\"@type\":\"WebSite\",\"@id\":\"https:\\\/\\\/willemcars.com\\\/#website\",\"url\":\"https:\\\/\\\/willemcars.com\\\/\",\"name\":\"Willem-Cars\",\"description\":\"\",\"potentialAction\":[{\"@type\":\"SearchAction\",\"target\":{\"@type\":\"EntryPoint\",\"urlTemplate\":\"https:\\\/\\\/willemcars.com\\\/?s={search_term_string}\"},\"query-input\":{\"@type\":\"PropertyValueSpecification\",\"valueRequired\":true,\"valueName\":\"search_term_string\"}}],\"inLanguage\":\"es\"}]}<\/script>\n<!-- \/ Yoast SEO plugin. -->","yoast_head_json":{"title":"Venta - Willem-Cars","robots":{"index":"index","follow":"follow","max-snippet":"max-snippet:-1","max-image-preview":"max-image-preview:large","max-video-preview":"max-video-preview:-1"},"canonical":"https:\/\/willemcars.com\/es\/2dehands-autos\/","og_locale":"es_ES","og_type":"article","og_title":"Venta - Willem-Cars","og_description":"Venta coches \u00a0de segunda mano Willem Cars en La Marina solo vende coches con garant\u00eda de buena calidad. As\u00ed mismo tambi\u00e9n tenemos coches de segunda mano. Tambi\u00e9n vendemos coches de 7 plazas, coches brit\u00e1nicos, caravanas, autocaravans y motos. Willem Cars es un concesionario de confianza con una reputaci\u00f3n impecable, tambi\u00e9n cuando se trata de segunda [&hellip;]","og_url":"https:\/\/willemcars.com\/es\/2dehands-autos\/","og_site_name":"Willem-Cars","article_modified_time":"2023-01-09T10:23:29+00:00","twitter_card":"summary_large_image","twitter_misc":{"Tiempo de lectura":"2 minutos"},"schema":{"@context":"https:\/\/schema.org","@graph":[{"@type":"WebPage","@id":"https:\/\/willemcars.com\/es\/2dehands-autos\/","url":"https:\/\/willemcars.com\/es\/2dehands-autos\/","name":"Venta - Willem-Cars","isPartOf":{"@id":"https:\/\/willemcars.com\/#website"},"datePublished":"2015-12-04T15:15:10+00:00","dateModified":"2023-01-09T10:23:29+00:00","breadcrumb":{"@id":"https:\/\/willemcars.com\/es\/2dehands-autos\/#breadcrumb"},"inLanguage":"es","potentialAction":[{"@type":"ReadAction","target":["https:\/\/willemcars.com\/es\/2dehands-autos\/"]}]},{"@type":"BreadcrumbList","@id":"https:\/\/willemcars.com\/es\/2dehands-autos\/#breadcrumb","itemListElement":[{"@type":"ListItem","position":1,"name":"Home","item":"https:\/\/willemcars.com\/"},{"@type":"ListItem","position":2,"name":"Venta"}]},{"@type":"WebSite","@id":"https:\/\/willemcars.com\/#website","url":"https:\/\/willemcars.com\/","name":"Willem-Cars","description":"","potentialAction":[{"@type":"SearchAction","target":{"@type":"EntryPoint","urlTemplate":"https:\/\/willemcars.com\/?s={search_term_string}"},"query-input":{"@type":"PropertyValueSpecification","valueRequired":true,"valueName":"search_term_string"}}],"inLanguage":"es"}]}},"_links":{"self":[{"href":"https:\/\/willemcars.com\/es\/wp-json\/wp\/v2\/pages\/53","targetHints":{"allow":["GET"]}}],"collection":[{"href":"https:\/\/willemcars.com\/es\/wp-json\/wp\/v2\/pages"}],"about":[{"href":"https:\/\/willemcars.com\/es\/wp-json\/wp\/v2\/types\/page"}],"author":[{"embeddable":true,"href":"https:\/\/willemcars.com\/es\/wp-json\/wp\/v2\/users\/2"}],"replies":[{"embeddable":true,"href":"https:\/\/willemcars.com\/es\/wp-json\/wp\/v2\/comments?post=53"}],"version-history":[{"count":5,"href":"https:\/\/willemcars.com\/es\/wp-json\/wp\/v2\/pages\/53\/revisions"}],"predecessor-version":[{"id":5297,"href":"https:\/\/willemcars.com\/es\/wp-json\/wp\/v2\/pages\/53\/revisions\/5297"}],"wp:attachment":[{"href":"https:\/\/willemcars.com\/es\/wp-json\/wp\/v2\/media?parent=53"}],"curies":[{"name":"wp","href":"https:\/\/api.w.org\/{rel}","templated":true}]}}