{"id":51,"date":"2015-12-04T16:14:38","date_gmt":"2015-12-04T15:14:38","guid":{"rendered":"http:\/\/willemcars.com\/?page_id=51"},"modified":"2023-01-09T11:31:14","modified_gmt":"2023-01-09T10:31:14","slug":"importeren","status":"publish","type":"page","link":"https:\/\/willemcars.com\/es\/importeren\/","title":{"rendered":"acompa\u00f1amiento en las importaciones"},"content":{"rendered":"<p><\/p>\n<h1><strong>Acompa\u00f1amiento en la importaci\u00f3n de su veh\u00edculo<\/strong><\/h1>\n<p>Willem cars tambi\u00e9n se encarga de la importaci\u00f3n del extranjero de su veh\u00edculo. Nosotros ofrecemos ayuda con los veh\u00edculos de importaci\u00f3n desde Holanda, Alemania, e Inglaterra a Espa\u00f1a. Willem Cars ya esta m\u00e1s de 35 a\u00f1os activo en el sector del autom\u00f3vil en la Costa Blanca, y les asistiremos encantados en la importaci\u00f3n , contrataci\u00f3n de seguros, el ITV y la solicitud de un Numero NIE para los extranjeros.<\/p>\n<p><strong>Ayuda con los coches de importaci\u00f3n<\/strong> <strong>Espa\u00f1a.<\/strong><br \/>\nWillem Cars est\u00e1 ubicado en La Marina en la Costa Blanca. Nuestro concesionario est\u00e1 en la N332 entre Alicante y Cartagena a la altura de KM 80. Ofrecemos apoyo en la importaci\u00f3n de su veh\u00edculo para clientes en Alicante, Torrevieja, Elx, La Marina, Guardamar y Santa Pola. En Willem Cars el servicio amable est\u00e1 garantizado.<\/p>\n<p><strong>Concesionario Willem Cars<\/strong><br \/>\nEn lugar de importar su veh\u00edculo, tambi\u00e9n puede considerar comprar un coche en Espa\u00f1a. En Willem Cars puede encontrar coches seminuevos y de segunda mano, igual que caravanas, auto caravanas y motos. Tambi\u00e9n vendemos coches de 7 plazas y coches Brit\u00e1nicos.<\/p>\n<p>Todos los veh\u00edculos en nuestro catalogo est\u00e1n correctamente comprobado y cumplen con nuestras estrictas normas de calidad. Todos nuestros veh\u00edculos se le entregan al cliente con garant\u00eda.<\/p>\n<p>Willem Cars es su concesionario de confianza en la Costa Blanca.<\/p>\n<p><strong>Visita Willem Cars en<\/strong> <strong>La Marina.<\/strong><br \/>\nAun duda si importar su veh\u00edculo del extranjero a Espa\u00f1a, o comprar un veh\u00edculo en Espa\u00f1a? Visita nuestro concesionario. Les mostramos lo que podemos ofrecer en el \u00e1mbito de acompa\u00f1amiento en las importaciones. Tambi\u00e9n puede ver nuestra amplia flota de coches de segunda mano.<\/p>\n<p>En Willem Cars siempre se puede contar con el asesoramiento honesto y amable servicio.<\/p>\n<p>Si tiene preguntas y\/o dudas tambi\u00e9n puede llamarnos a 0034 965 419 508 o mandarnos un correo electr\u00f3nico a <a href=\"mailto:info@willemcars.com\">info@willemcars.com<\/a><\/p>\n<p>Les atenderemos encantados.<\/p>","protected":false},"excerpt":{"rendered":"<p>Acompa\u00f1amiento en la importaci\u00f3n de su veh\u00edculo Willem cars tambi\u00e9n se encarga de la importaci\u00f3n del extranjero de su veh\u00edculo. Nosotros ofrecemos ayuda con los veh\u00edculos de importaci\u00f3n desde Holanda, Alemania, e Inglaterra a Espa\u00f1a. Willem Cars ya esta m\u00e1s de 35 a\u00f1os activo en el sector del autom\u00f3vil en la Costa Blanca, y les [&hellip;]<\/p>\n","protected":false},"author":2,"featured_media":0,"parent":0,"menu_order":0,"comment_status":"closed","ping_status":"closed","template":"","meta":{"dwc-title":[""],"dwc-content":[""],"_exactmetrics_skip_tracking":false,"_exactmetrics_sitenote_active":false,"_exactmetrics_sitenote_note":"","_exactmetrics_sitenote_category":0,"footnotes":""},"class_list":["post-51","page","type-page","status-publish","hentry"],"yoast_head":"<!-- This site is optimized with the Yoast SEO plugin v27.6 - https:\/\/yoast.com\/product\/yoast-seo-wordpress\/ -->\n<title>acompa\u00f1amiento en las importaciones - Willem-Cars<\/title>\n<meta name=\"description\" content=\"(Nederlands) Willem Cars verzorgt import begeleiding voor uw auto. Wij bieden onder meer hulp bij import auto\u2019s van Nederland, Duitsland en Groot-Brittanni\u00eb naar Spanje. Bij Willem Cars kunt u altijd rekenen op eerlijk advies en een vriendelijke service. Bij vragen kunt u ons natuurlijk ook bellen.\" \/>\n<meta name=\"robots\" content=\"index, follow, max-snippet:-1, max-image-preview:large, max-video-preview:-1\" \/>\n<link rel=\"canonical\" href=\"https:\/\/willemcars.com\/de\/importeren\/\" \/>\n<meta property=\"og:locale\" content=\"es_ES\" \/>\n<meta property=\"og:type\" content=\"article\" \/>\n<meta property=\"og:title\" content=\"acompa\u00f1amiento en las importaciones - Willem-Cars\" \/>\n<meta property=\"og:description\" content=\"(Nederlands) Willem Cars verzorgt import begeleiding voor uw auto. Wij bieden onder meer hulp bij import auto\u2019s van Nederland, Duitsland en Groot-Brittanni\u00eb naar Spanje. Bij Willem Cars kunt u altijd rekenen op eerlijk advies en een vriendelijke service. Bij vragen kunt u ons natuurlijk ook bellen.\" \/>\n<meta property=\"og:url\" content=\"https:\/\/willemcars.com\/de\/importeren\/\" \/>\n<meta property=\"og:site_name\" content=\"Willem-Cars\" \/>\n<meta property=\"article:modified_time\" content=\"2023-01-09T10:31:14+00:00\" \/>\n<meta name=\"twitter:card\" content=\"summary_large_image\" \/>\n<meta name=\"twitter:label1\" content=\"Tiempo de lectura\" \/>\n\t<meta name=\"twitter:data1\" content=\"2 minutos\" \/>\n<script type=\"application\/ld+json\" class=\"yoast-schema-graph\">{\"@context\":\"https:\\\/\\\/schema.org\",\"@graph\":[{\"@type\":\"WebPage\",\"@id\":\"https:\\\/\\\/willemcars.com\\\/de\\\/importeren\\\/\",\"url\":\"https:\\\/\\\/willemcars.com\\\/de\\\/importeren\\\/\",\"name\":\"acompa\u00f1amiento en las importaciones - Willem-Cars\",\"isPartOf\":{\"@id\":\"https:\\\/\\\/willemcars.com\\\/#website\"},\"datePublished\":\"2015-12-04T15:14:38+00:00\",\"dateModified\":\"2023-01-09T10:31:14+00:00\",\"description\":\"(Nederlands) Willem Cars verzorgt import begeleiding voor uw auto. Wij bieden onder meer hulp bij import auto\u2019s van Nederland, Duitsland en Groot-Brittanni\u00eb naar Spanje. Bij Willem Cars kunt u altijd rekenen op eerlijk advies en een vriendelijke service. Bij vragen kunt u ons natuurlijk ook bellen.\",\"breadcrumb\":{\"@id\":\"https:\\\/\\\/willemcars.com\\\/de\\\/importeren\\\/#breadcrumb\"},\"inLanguage\":\"es\",\"potentialAction\":[{\"@type\":\"ReadAction\",\"target\":[\"https:\\\/\\\/willemcars.com\\\/de\\\/importeren\\\/\"]}]},{\"@type\":\"BreadcrumbList\",\"@id\":\"https:\\\/\\\/willemcars.com\\\/de\\\/importeren\\\/#breadcrumb\",\"itemListElement\":[{\"@type\":\"ListItem\",\"position\":1,\"name\":\"Home\",\"item\":\"https:\\\/\\\/willemcars.com\\\/\"},{\"@type\":\"ListItem\",\"position\":2,\"name\":\"Importbetreuung\"}]},{\"@type\":\"WebSite\",\"@id\":\"https:\\\/\\\/willemcars.com\\\/#website\",\"url\":\"https:\\\/\\\/willemcars.com\\\/\",\"name\":\"Willem-Cars\",\"description\":\"\",\"potentialAction\":[{\"@type\":\"SearchAction\",\"target\":{\"@type\":\"EntryPoint\",\"urlTemplate\":\"https:\\\/\\\/willemcars.com\\\/?s={search_term_string}\"},\"query-input\":{\"@type\":\"PropertyValueSpecification\",\"valueRequired\":true,\"valueName\":\"search_term_string\"}}],\"inLanguage\":\"es\"}]}<\/script>\n<!-- \/ Yoast SEO plugin. -->","yoast_head_json":{"title":"acompa\u00f1amiento en las importaciones - Willem-Cars","description":"(Nederlands) Willem Cars verzorgt import begeleiding voor uw auto. Wij bieden onder meer hulp bij import auto\u2019s van Nederland, Duitsland en Groot-Brittanni\u00eb naar Spanje. Bij Willem Cars kunt u altijd rekenen op eerlijk advies en een vriendelijke service. Bij vragen kunt u ons natuurlijk ook bellen.","robots":{"index":"index","follow":"follow","max-snippet":"max-snippet:-1","max-image-preview":"max-image-preview:large","max-video-preview":"max-video-preview:-1"},"canonical":"https:\/\/willemcars.com\/de\/importeren\/","og_locale":"es_ES","og_type":"article","og_title":"acompa\u00f1amiento en las importaciones - Willem-Cars","og_description":"(Nederlands) Willem Cars verzorgt import begeleiding voor uw auto. Wij bieden onder meer hulp bij import auto\u2019s van Nederland, Duitsland en Groot-Brittanni\u00eb naar Spanje. Bij Willem Cars kunt u altijd rekenen op eerlijk advies en een vriendelijke service. Bij vragen kunt u ons natuurlijk ook bellen.","og_url":"https:\/\/willemcars.com\/de\/importeren\/","og_site_name":"Willem-Cars","article_modified_time":"2023-01-09T10:31:14+00:00","twitter_card":"summary_large_image","twitter_misc":{"Tiempo de lectura":"2 minutos"},"schema":{"@context":"https:\/\/schema.org","@graph":[{"@type":"WebPage","@id":"https:\/\/willemcars.com\/de\/importeren\/","url":"https:\/\/willemcars.com\/de\/importeren\/","name":"acompa\u00f1amiento en las importaciones - Willem-Cars","isPartOf":{"@id":"https:\/\/willemcars.com\/#website"},"datePublished":"2015-12-04T15:14:38+00:00","dateModified":"2023-01-09T10:31:14+00:00","description":"(Nederlands) Willem Cars verzorgt import begeleiding voor uw auto. Wij bieden onder meer hulp bij import auto\u2019s van Nederland, Duitsland en Groot-Brittanni\u00eb naar Spanje. Bij Willem Cars kunt u altijd rekenen op eerlijk advies en een vriendelijke service. Bij vragen kunt u ons natuurlijk ook bellen.","breadcrumb":{"@id":"https:\/\/willemcars.com\/de\/importeren\/#breadcrumb"},"inLanguage":"es","potentialAction":[{"@type":"ReadAction","target":["https:\/\/willemcars.com\/de\/importeren\/"]}]},{"@type":"BreadcrumbList","@id":"https:\/\/willemcars.com\/de\/importeren\/#breadcrumb","itemListElement":[{"@type":"ListItem","position":1,"name":"Home","item":"https:\/\/willemcars.com\/"},{"@type":"ListItem","position":2,"name":"Importbetreuung"}]},{"@type":"WebSite","@id":"https:\/\/willemcars.com\/#website","url":"https:\/\/willemcars.com\/","name":"Willem-Cars","description":"","potentialAction":[{"@type":"SearchAction","target":{"@type":"EntryPoint","urlTemplate":"https:\/\/willemcars.com\/?s={search_term_string}"},"query-input":{"@type":"PropertyValueSpecification","valueRequired":true,"valueName":"search_term_string"}}],"inLanguage":"es"}]}},"_links":{"self":[{"href":"https:\/\/willemcars.com\/es\/wp-json\/wp\/v2\/pages\/51","targetHints":{"allow":["GET"]}}],"collection":[{"href":"https:\/\/willemcars.com\/es\/wp-json\/wp\/v2\/pages"}],"about":[{"href":"https:\/\/willemcars.com\/es\/wp-json\/wp\/v2\/types\/page"}],"author":[{"embeddable":true,"href":"https:\/\/willemcars.com\/es\/wp-json\/wp\/v2\/users\/2"}],"replies":[{"embeddable":true,"href":"https:\/\/willemcars.com\/es\/wp-json\/wp\/v2\/comments?post=51"}],"version-history":[{"count":5,"href":"https:\/\/willemcars.com\/es\/wp-json\/wp\/v2\/pages\/51\/revisions"}],"predecessor-version":[{"id":5302,"href":"https:\/\/willemcars.com\/es\/wp-json\/wp\/v2\/pages\/51\/revisions\/5302"}],"wp:attachment":[{"href":"https:\/\/willemcars.com\/es\/wp-json\/wp\/v2\/media?parent=51"}],"curies":[{"name":"wp","href":"https:\/\/api.w.org\/{rel}","templated":true}]}}