{"id":47,"date":"2015-12-04T16:13:44","date_gmt":"2015-12-04T15:13:44","guid":{"rendered":"http:\/\/willemcars.com\/?page_id=47"},"modified":"2023-01-09T11:31:58","modified_gmt":"2023-01-09T10:31:58","slug":"inkoop","status":"publish","type":"page","link":"https:\/\/willemcars.com\/es\/inkoop\/","title":{"rendered":"Comprar un coche de segunda mano"},"content":{"rendered":"<p><\/p>\n<h1><strong>Comprar<\/strong> <strong>un coche de segunda mano<\/strong><\/h1>\n<p>Para un coche de segunda mano de calidad, Willem Cars es lugar perfecto. Puede encontrar coches Alemanes, franc\u00e9s, italianos, japoneses, Coreanos.<\/p>\n<p>Ofrecemos nuestros veh\u00edculos de segunda mano por una excelente relaci\u00f3n precio-calidad.<\/p>\n<p>Todos nuestros coches de ocasi\u00f3n est\u00e1n comprobados en defectos, para que usted pueda circular con total seguridad.<\/p>\n<p><strong>Coches de segunda mano<\/strong> <strong>en la<\/strong> <strong>Costa Blanca.<\/strong><br \/>\nNuestra flota de coches de segunda mano cambia continuamente. Para ver nuestra amplia flota de coches de ocasi\u00f3n, lo mejor es que venga a hacernos una visita en nuestra sala de exposici\u00f3n en La Marina.<\/p>\n<p>Puede encontrar a Willem Cars en la N332 entre Alicante y Cartagena a la altura de\u00a0 KM 80. Tambi\u00e9n estamos muy bien alcanzables desde varios puntos como La Mata, Rojales, Crevillente, Gran Alacant y La Zenia.<\/p>\n<p><strong>Su concesionario de confianza.<\/strong><br \/>\nSi hablamos de coches de segunda mano, muchos concesionarios tienen una reputaci\u00f3n dudoso, y cuando no hablas bien el idioma puede ser que usted paga m\u00e1s de lo que es por su coche.<\/p>\n<p>Pero con Willem Cars usted no tiene que temer nada y puede contar con pagar un precio justo por un coche de segunda mano de calidad.<\/p>\n<p>Nosotros ofrecemos garant\u00eda en todos nuestros coches de segunda mano y le atenderemos en Espa\u00f1ol, Ingles, holand\u00e9s, Alem\u00e1n.<\/p>\n<p><strong>Nosotros aseguramos su coche directamente.<\/strong><br \/>\nAunque en Espa\u00f1a las cosas funcionan de manera distinta como en Holanda o cualquier otro Pa\u00eds Extranjero, tambi\u00e9n aqu\u00ed en Espa\u00f1a tienes que tener un seguro bueno en su veh\u00edculo. Willem Cars le ayudara encantado con este paso.<\/p>\n<p>Tambi\u00e9n le explicamos c\u00f3mo funciona el registro de su veh\u00edculo y los impuestos. Si se desea tambi\u00e9n podemos ayudar a los extranjeros con la solicitud del Numero NIE y les asistiremos en pasar la ITV.<\/p>\n<p>En pocas palabras, Willem Cars ofrece un servicio que otros concesionarios no pueden igualar.<\/p>\n<p><strong>Tambi\u00e9n para piezas de autom\u00f3viles.<\/strong><br \/>\nA parte de coches de segunda mano en Willem Cars, tambi\u00e9n tenemos una amplia gama de piezas de autom\u00f3viles de marcas de coches conocidos. A diario recibimos piezas nuevas. Buscas una pieza espec\u00edfica? D\u00e9janoslo saber, porque existe la posibilidad de que lo tenemos en stock.<\/p>\n<p><strong>Visita Willem Cars<\/strong><br \/>\nVisita nuestro sal\u00f3n de exposici\u00f3n para ver nuestra flota de coches de segunda mano. Le recibiremos con un caf\u00e9 y una sonrisa y nuestros trabajadores contestaran todas sus preguntas sobre la adquisici\u00f3n de un coche de segunda mano en Espa\u00f1a.<\/p>\n<p>Puedes llamar a Willem Cars en 0034 965 419 508 o por correo electr\u00f3nico : <a href=\"mailto:info@willemcars.com\">info@willemcars.com<\/a><\/p>","protected":false},"excerpt":{"rendered":"<p>Comprar un coche de segunda mano Para un coche de segunda mano de calidad, Willem Cars es lugar perfecto. Puede encontrar coches Alemanes, franc\u00e9s, italianos, japoneses, Coreanos. Ofrecemos nuestros veh\u00edculos de segunda mano por una excelente relaci\u00f3n precio-calidad. Todos nuestros coches de ocasi\u00f3n est\u00e1n comprobados en defectos, para que usted pueda circular con total seguridad. [&hellip;]<\/p>\n","protected":false},"author":2,"featured_media":0,"parent":0,"menu_order":0,"comment_status":"closed","ping_status":"closed","template":"","meta":{"dwc-title":[""],"dwc-content":[""],"_exactmetrics_skip_tracking":false,"_exactmetrics_sitenote_active":false,"_exactmetrics_sitenote_note":"","_exactmetrics_sitenote_category":0,"footnotes":""},"class_list":["post-47","page","type-page","status-publish","hentry"],"yoast_head":"<!-- This site is optimized with the Yoast SEO plugin v27.5 - https:\/\/yoast.com\/product\/yoast-seo-wordpress\/ -->\n<title>Comprar un coche de segunda mano - Willem-Cars<\/title>\n<meta name=\"description\" content=\"(Nederlands) Willem Cars in La Marina biedt inkoop van tweedehands auto\u2019s. Wij bieden altijd een eerlijke prijs voor uw occasion. Wij knappen het voertuig op en wij verkopen het vervolgens met garantie. U kunt gewoon langskomen in onze garage in La Marina, maar een afspraak maken is ook mogelijk.\" \/>\n<meta name=\"robots\" content=\"index, follow, max-snippet:-1, max-image-preview:large, max-video-preview:-1\" \/>\n<link rel=\"canonical\" href=\"https:\/\/willemcars.com\/es\/inkoop\/\" \/>\n<meta property=\"og:locale\" content=\"es_ES\" \/>\n<meta property=\"og:type\" content=\"article\" \/>\n<meta property=\"og:title\" content=\"Comprar un coche de segunda mano - Willem-Cars\" \/>\n<meta property=\"og:description\" content=\"(Nederlands) Willem Cars in La Marina biedt inkoop van tweedehands auto\u2019s. Wij bieden altijd een eerlijke prijs voor uw occasion. Wij knappen het voertuig op en wij verkopen het vervolgens met garantie. U kunt gewoon langskomen in onze garage in La Marina, maar een afspraak maken is ook mogelijk.\" \/>\n<meta property=\"og:url\" content=\"https:\/\/willemcars.com\/es\/inkoop\/\" \/>\n<meta property=\"og:site_name\" content=\"Willem-Cars\" \/>\n<meta property=\"article:modified_time\" content=\"2023-01-09T10:31:58+00:00\" \/>\n<meta name=\"twitter:card\" content=\"summary_large_image\" \/>\n<meta name=\"twitter:label1\" content=\"Tiempo de lectura\" \/>\n\t<meta name=\"twitter:data1\" content=\"2 minutos\" \/>\n<script type=\"application\/ld+json\" class=\"yoast-schema-graph\">{\"@context\":\"https:\\\/\\\/schema.org\",\"@graph\":[{\"@type\":\"WebPage\",\"@id\":\"https:\\\/\\\/willemcars.com\\\/es\\\/inkoop\\\/\",\"url\":\"https:\\\/\\\/willemcars.com\\\/es\\\/inkoop\\\/\",\"name\":\"Comprar un coche de segunda mano - Willem-Cars\",\"isPartOf\":{\"@id\":\"https:\\\/\\\/willemcars.com\\\/#website\"},\"datePublished\":\"2015-12-04T15:13:44+00:00\",\"dateModified\":\"2023-01-09T10:31:58+00:00\",\"description\":\"(Nederlands) Willem Cars in La Marina biedt inkoop van tweedehands auto\u2019s. Wij bieden altijd een eerlijke prijs voor uw occasion. Wij knappen het voertuig op en wij verkopen het vervolgens met garantie. U kunt gewoon langskomen in onze garage in La Marina, maar een afspraak maken is ook mogelijk.\",\"breadcrumb\":{\"@id\":\"https:\\\/\\\/willemcars.com\\\/es\\\/inkoop\\\/#breadcrumb\"},\"inLanguage\":\"es\",\"potentialAction\":[{\"@type\":\"ReadAction\",\"target\":[\"https:\\\/\\\/willemcars.com\\\/es\\\/inkoop\\\/\"]}]},{\"@type\":\"BreadcrumbList\",\"@id\":\"https:\\\/\\\/willemcars.com\\\/es\\\/inkoop\\\/#breadcrumb\",\"itemListElement\":[{\"@type\":\"ListItem\",\"position\":1,\"name\":\"Home\",\"item\":\"https:\\\/\\\/willemcars.com\\\/\"},{\"@type\":\"ListItem\",\"position\":2,\"name\":\"Comprar un coche de segunda mano\"}]},{\"@type\":\"WebSite\",\"@id\":\"https:\\\/\\\/willemcars.com\\\/#website\",\"url\":\"https:\\\/\\\/willemcars.com\\\/\",\"name\":\"Willem-Cars\",\"description\":\"\",\"potentialAction\":[{\"@type\":\"SearchAction\",\"target\":{\"@type\":\"EntryPoint\",\"urlTemplate\":\"https:\\\/\\\/willemcars.com\\\/?s={search_term_string}\"},\"query-input\":{\"@type\":\"PropertyValueSpecification\",\"valueRequired\":true,\"valueName\":\"search_term_string\"}}],\"inLanguage\":\"es\"}]}<\/script>\n<!-- \/ Yoast SEO plugin. -->","yoast_head_json":{"title":"Comprar un coche de segunda mano - Willem-Cars","description":"(Nederlands) Willem Cars in La Marina biedt inkoop van tweedehands auto\u2019s. Wij bieden altijd een eerlijke prijs voor uw occasion. Wij knappen het voertuig op en wij verkopen het vervolgens met garantie. U kunt gewoon langskomen in onze garage in La Marina, maar een afspraak maken is ook mogelijk.","robots":{"index":"index","follow":"follow","max-snippet":"max-snippet:-1","max-image-preview":"max-image-preview:large","max-video-preview":"max-video-preview:-1"},"canonical":"https:\/\/willemcars.com\/es\/inkoop\/","og_locale":"es_ES","og_type":"article","og_title":"Comprar un coche de segunda mano - Willem-Cars","og_description":"(Nederlands) Willem Cars in La Marina biedt inkoop van tweedehands auto\u2019s. Wij bieden altijd een eerlijke prijs voor uw occasion. Wij knappen het voertuig op en wij verkopen het vervolgens met garantie. U kunt gewoon langskomen in onze garage in La Marina, maar een afspraak maken is ook mogelijk.","og_url":"https:\/\/willemcars.com\/es\/inkoop\/","og_site_name":"Willem-Cars","article_modified_time":"2023-01-09T10:31:58+00:00","twitter_card":"summary_large_image","twitter_misc":{"Tiempo de lectura":"2 minutos"},"schema":{"@context":"https:\/\/schema.org","@graph":[{"@type":"WebPage","@id":"https:\/\/willemcars.com\/es\/inkoop\/","url":"https:\/\/willemcars.com\/es\/inkoop\/","name":"Comprar un coche de segunda mano - Willem-Cars","isPartOf":{"@id":"https:\/\/willemcars.com\/#website"},"datePublished":"2015-12-04T15:13:44+00:00","dateModified":"2023-01-09T10:31:58+00:00","description":"(Nederlands) Willem Cars in La Marina biedt inkoop van tweedehands auto\u2019s. Wij bieden altijd een eerlijke prijs voor uw occasion. Wij knappen het voertuig op en wij verkopen het vervolgens met garantie. U kunt gewoon langskomen in onze garage in La Marina, maar een afspraak maken is ook mogelijk.","breadcrumb":{"@id":"https:\/\/willemcars.com\/es\/inkoop\/#breadcrumb"},"inLanguage":"es","potentialAction":[{"@type":"ReadAction","target":["https:\/\/willemcars.com\/es\/inkoop\/"]}]},{"@type":"BreadcrumbList","@id":"https:\/\/willemcars.com\/es\/inkoop\/#breadcrumb","itemListElement":[{"@type":"ListItem","position":1,"name":"Home","item":"https:\/\/willemcars.com\/"},{"@type":"ListItem","position":2,"name":"Comprar un coche de segunda mano"}]},{"@type":"WebSite","@id":"https:\/\/willemcars.com\/#website","url":"https:\/\/willemcars.com\/","name":"Willem-Cars","description":"","potentialAction":[{"@type":"SearchAction","target":{"@type":"EntryPoint","urlTemplate":"https:\/\/willemcars.com\/?s={search_term_string}"},"query-input":{"@type":"PropertyValueSpecification","valueRequired":true,"valueName":"search_term_string"}}],"inLanguage":"es"}]}},"_links":{"self":[{"href":"https:\/\/willemcars.com\/es\/wp-json\/wp\/v2\/pages\/47","targetHints":{"allow":["GET"]}}],"collection":[{"href":"https:\/\/willemcars.com\/es\/wp-json\/wp\/v2\/pages"}],"about":[{"href":"https:\/\/willemcars.com\/es\/wp-json\/wp\/v2\/types\/page"}],"author":[{"embeddable":true,"href":"https:\/\/willemcars.com\/es\/wp-json\/wp\/v2\/users\/2"}],"replies":[{"embeddable":true,"href":"https:\/\/willemcars.com\/es\/wp-json\/wp\/v2\/comments?post=47"}],"version-history":[{"count":5,"href":"https:\/\/willemcars.com\/es\/wp-json\/wp\/v2\/pages\/47\/revisions"}],"predecessor-version":[{"id":5303,"href":"https:\/\/willemcars.com\/es\/wp-json\/wp\/v2\/pages\/47\/revisions\/5303"}],"wp:attachment":[{"href":"https:\/\/willemcars.com\/es\/wp-json\/wp\/v2\/media?parent=47"}],"curies":[{"name":"wp","href":"https:\/\/api.w.org\/{rel}","templated":true}]}}