{"id":15,"date":"2015-11-18T13:56:24","date_gmt":"2015-11-18T12:56:24","guid":{"rendered":"http:\/\/localhost\/willemcars\/?page_id=15"},"modified":"2023-01-09T11:26:19","modified_gmt":"2023-01-09T10:26:19","slug":"verzekeringen-en-itv","status":"publish","type":"page","link":"https:\/\/willemcars.com\/es\/verzekeringen-en-itv\/","title":{"rendered":"Seguro de coche"},"content":{"rendered":"<p><\/p>\n<h1><strong>Seguro de coche<\/strong><\/h1>\n<p>Con la compra de su veh\u00edculo tambi\u00e9n quieres este bien asegurado. Willem Cars est\u00e1 especializado en seguros de coche. Si compras con nosotros su veh\u00edculo, nosotros nos encargamos de que usted est\u00e1 asegurado al instante: para que usted pueda circular sin problema.<\/p>\n<p>Willem Cars les ofrece las diferentes opciones de seguro de coche.<\/p>\n<p><strong>Especialista en seguros de coche.<\/strong><br \/>\nWillem Cars es un nombre muy conocido en la Costa Blanca siendo m\u00e1s de 35 a\u00f1os activo en la Costa Blanca como concesionario de coches pero tambi\u00e9n como especialista en seguros de coches.<\/p>\n<p>Nuestro concesionario est\u00e1 ubicado en la N332 entre Alicante y Cartagena. Nos encuentras a la altura del KM 80 en La Marina. Willem Cars tambi\u00e9n est\u00e1 muy bien alcanzable desde varios puntos en la Costa Blanca como son, Alicante, Torrevieja, Elx, La Marina, Guardamar y Santa Pola.<\/p>\n<p><strong>Compra y Venta de coches.<\/strong><\/p>\n<p>En Willem Cars puedes encontrar coches de segunda mano de diversas marcas.<\/p>\n<p>Tambi\u00e9n vendemos caravanas, auto caravanas, y motos.<\/p>\n<p>Cada veh\u00edculo pasa primero por nuestro equipo t\u00e9cnico, posibles defectos son solucionados directamente. Ofrecemos una garant\u00eda en todos nuestros veh\u00edculos.<\/p>\n<p>A parte de los seguros de coche Willem Cars tambi\u00e9n se encarga de la ITV. Y en caso de ser extranjero tambi\u00e9n les ofrecemos nuestra ayuda con la solicitud del numero NIE.<\/p>\n<p>Tambi\u00e9n si quiero vender su veh\u00edculo, puedes venir a Willem Cars.<\/p>\n<p>Nosotros compramos coches, caravanas, auto caravanas y motos.<\/p>\n<p>Con Willem Cars el servicio amable y un precio justo est\u00e1n garantizados.<\/p>\n<p><strong>Visita Willem Cars.<\/strong><br \/>\nSi quieres contratar un seguro de coche directamente, vis\u00edtanos en Willem Cars en La Marina. Tambi\u00e9n puede llamarnos al n\u00famero 0034 965 419 508 o un correo electr\u00f3nico al <a href=\"mailto:info@willemcars.com\">info@willemcars.com<\/a><\/p>\n<p>Como especialista de seguros de coches siempre le contestaremos a todas sus preguntas sobre este asunto.<\/p>","protected":false},"excerpt":{"rendered":"<p>Seguro de coche Con la compra de su veh\u00edculo tambi\u00e9n quieres este bien asegurado. Willem Cars est\u00e1 especializado en seguros de coche. Si compras con nosotros su veh\u00edculo, nosotros nos encargamos de que usted est\u00e1 asegurado al instante: para que usted pueda circular sin problema. Willem Cars les ofrece las diferentes opciones de seguro de [&hellip;]<\/p>\n","protected":false},"author":2,"featured_media":0,"parent":0,"menu_order":0,"comment_status":"closed","ping_status":"closed","template":"","meta":{"dwc-title":[""],"dwc-content":[""],"_exactmetrics_skip_tracking":false,"_exactmetrics_sitenote_active":false,"_exactmetrics_sitenote_note":"","_exactmetrics_sitenote_category":0,"footnotes":""},"class_list":["post-15","page","type-page","status-publish","hentry"],"yoast_head":"<!-- This site is optimized with the Yoast SEO plugin v27.4 - https:\/\/yoast.com\/product\/yoast-seo-wordpress\/ -->\n<title>Seguro de coche - Willem-Cars<\/title>\n<meta name=\"description\" content=\"(Nederlands) Willem Cars is specialist in autoverzekeringen. Wanneer u bij ons een nieuwe of tweedehands auto koopt, zorgen wij ervoor dat u per direct verzekerd bent. Willem Cars biedt de keuze uit verschillende auto verzekeringen. Bij vragen kunt u ons bellen of langskomen.\" \/>\n<meta name=\"robots\" content=\"index, follow, max-snippet:-1, max-image-preview:large, max-video-preview:-1\" \/>\n<link rel=\"canonical\" href=\"https:\/\/willemcars.com\/es\/verzekeringen-en-itv\/\" \/>\n<meta property=\"og:locale\" content=\"es_ES\" \/>\n<meta property=\"og:type\" content=\"article\" \/>\n<meta property=\"og:title\" content=\"Seguro de coche - Willem-Cars\" \/>\n<meta property=\"og:description\" content=\"(Nederlands) Willem Cars is specialist in autoverzekeringen. Wanneer u bij ons een nieuwe of tweedehands auto koopt, zorgen wij ervoor dat u per direct verzekerd bent. Willem Cars biedt de keuze uit verschillende auto verzekeringen. Bij vragen kunt u ons bellen of langskomen.\" \/>\n<meta property=\"og:url\" content=\"https:\/\/willemcars.com\/es\/verzekeringen-en-itv\/\" \/>\n<meta property=\"og:site_name\" content=\"Willem-Cars\" \/>\n<meta property=\"article:modified_time\" content=\"2023-01-09T10:26:19+00:00\" \/>\n<meta name=\"twitter:card\" content=\"summary_large_image\" \/>\n<meta name=\"twitter:label1\" content=\"Tiempo de lectura\" \/>\n\t<meta name=\"twitter:data1\" content=\"2 minutos\" \/>\n<script type=\"application\/ld+json\" class=\"yoast-schema-graph\">{\"@context\":\"https:\\\/\\\/schema.org\",\"@graph\":[{\"@type\":\"WebPage\",\"@id\":\"https:\\\/\\\/willemcars.com\\\/es\\\/verzekeringen-en-itv\\\/\",\"url\":\"https:\\\/\\\/willemcars.com\\\/es\\\/verzekeringen-en-itv\\\/\",\"name\":\"Seguro de coche - Willem-Cars\",\"isPartOf\":{\"@id\":\"https:\\\/\\\/willemcars.com\\\/#website\"},\"datePublished\":\"2015-11-18T12:56:24+00:00\",\"dateModified\":\"2023-01-09T10:26:19+00:00\",\"description\":\"(Nederlands) Willem Cars is specialist in autoverzekeringen. Wanneer u bij ons een nieuwe of tweedehands auto koopt, zorgen wij ervoor dat u per direct verzekerd bent. Willem Cars biedt de keuze uit verschillende auto verzekeringen. Bij vragen kunt u ons bellen of langskomen.\",\"breadcrumb\":{\"@id\":\"https:\\\/\\\/willemcars.com\\\/es\\\/verzekeringen-en-itv\\\/#breadcrumb\"},\"inLanguage\":\"es\",\"potentialAction\":[{\"@type\":\"ReadAction\",\"target\":[\"https:\\\/\\\/willemcars.com\\\/es\\\/verzekeringen-en-itv\\\/\"]}]},{\"@type\":\"BreadcrumbList\",\"@id\":\"https:\\\/\\\/willemcars.com\\\/es\\\/verzekeringen-en-itv\\\/#breadcrumb\",\"itemListElement\":[{\"@type\":\"ListItem\",\"position\":1,\"name\":\"Home\",\"item\":\"https:\\\/\\\/willemcars.com\\\/\"},{\"@type\":\"ListItem\",\"position\":2,\"name\":\"Seguro de coche\"}]},{\"@type\":\"WebSite\",\"@id\":\"https:\\\/\\\/willemcars.com\\\/#website\",\"url\":\"https:\\\/\\\/willemcars.com\\\/\",\"name\":\"Willem-Cars\",\"description\":\"\",\"potentialAction\":[{\"@type\":\"SearchAction\",\"target\":{\"@type\":\"EntryPoint\",\"urlTemplate\":\"https:\\\/\\\/willemcars.com\\\/?s={search_term_string}\"},\"query-input\":{\"@type\":\"PropertyValueSpecification\",\"valueRequired\":true,\"valueName\":\"search_term_string\"}}],\"inLanguage\":\"es\"}]}<\/script>\n<!-- \/ Yoast SEO plugin. -->","yoast_head_json":{"title":"Seguro de coche - Willem-Cars","description":"(Nederlands) Willem Cars is specialist in autoverzekeringen. Wanneer u bij ons een nieuwe of tweedehands auto koopt, zorgen wij ervoor dat u per direct verzekerd bent. Willem Cars biedt de keuze uit verschillende auto verzekeringen. Bij vragen kunt u ons bellen of langskomen.","robots":{"index":"index","follow":"follow","max-snippet":"max-snippet:-1","max-image-preview":"max-image-preview:large","max-video-preview":"max-video-preview:-1"},"canonical":"https:\/\/willemcars.com\/es\/verzekeringen-en-itv\/","og_locale":"es_ES","og_type":"article","og_title":"Seguro de coche - Willem-Cars","og_description":"(Nederlands) Willem Cars is specialist in autoverzekeringen. Wanneer u bij ons een nieuwe of tweedehands auto koopt, zorgen wij ervoor dat u per direct verzekerd bent. Willem Cars biedt de keuze uit verschillende auto verzekeringen. Bij vragen kunt u ons bellen of langskomen.","og_url":"https:\/\/willemcars.com\/es\/verzekeringen-en-itv\/","og_site_name":"Willem-Cars","article_modified_time":"2023-01-09T10:26:19+00:00","twitter_card":"summary_large_image","twitter_misc":{"Tiempo de lectura":"2 minutos"},"schema":{"@context":"https:\/\/schema.org","@graph":[{"@type":"WebPage","@id":"https:\/\/willemcars.com\/es\/verzekeringen-en-itv\/","url":"https:\/\/willemcars.com\/es\/verzekeringen-en-itv\/","name":"Seguro de coche - Willem-Cars","isPartOf":{"@id":"https:\/\/willemcars.com\/#website"},"datePublished":"2015-11-18T12:56:24+00:00","dateModified":"2023-01-09T10:26:19+00:00","description":"(Nederlands) Willem Cars is specialist in autoverzekeringen. Wanneer u bij ons een nieuwe of tweedehands auto koopt, zorgen wij ervoor dat u per direct verzekerd bent. Willem Cars biedt de keuze uit verschillende auto verzekeringen. Bij vragen kunt u ons bellen of langskomen.","breadcrumb":{"@id":"https:\/\/willemcars.com\/es\/verzekeringen-en-itv\/#breadcrumb"},"inLanguage":"es","potentialAction":[{"@type":"ReadAction","target":["https:\/\/willemcars.com\/es\/verzekeringen-en-itv\/"]}]},{"@type":"BreadcrumbList","@id":"https:\/\/willemcars.com\/es\/verzekeringen-en-itv\/#breadcrumb","itemListElement":[{"@type":"ListItem","position":1,"name":"Home","item":"https:\/\/willemcars.com\/"},{"@type":"ListItem","position":2,"name":"Seguro de coche"}]},{"@type":"WebSite","@id":"https:\/\/willemcars.com\/#website","url":"https:\/\/willemcars.com\/","name":"Willem-Cars","description":"","potentialAction":[{"@type":"SearchAction","target":{"@type":"EntryPoint","urlTemplate":"https:\/\/willemcars.com\/?s={search_term_string}"},"query-input":{"@type":"PropertyValueSpecification","valueRequired":true,"valueName":"search_term_string"}}],"inLanguage":"es"}]}},"_links":{"self":[{"href":"https:\/\/willemcars.com\/es\/wp-json\/wp\/v2\/pages\/15","targetHints":{"allow":["GET"]}}],"collection":[{"href":"https:\/\/willemcars.com\/es\/wp-json\/wp\/v2\/pages"}],"about":[{"href":"https:\/\/willemcars.com\/es\/wp-json\/wp\/v2\/types\/page"}],"author":[{"embeddable":true,"href":"https:\/\/willemcars.com\/es\/wp-json\/wp\/v2\/users\/2"}],"replies":[{"embeddable":true,"href":"https:\/\/willemcars.com\/es\/wp-json\/wp\/v2\/comments?post=15"}],"version-history":[{"count":5,"href":"https:\/\/willemcars.com\/es\/wp-json\/wp\/v2\/pages\/15\/revisions"}],"predecessor-version":[{"id":5298,"href":"https:\/\/willemcars.com\/es\/wp-json\/wp\/v2\/pages\/15\/revisions\/5298"}],"wp:attachment":[{"href":"https:\/\/willemcars.com\/es\/wp-json\/wp\/v2\/media?parent=15"}],"curies":[{"name":"wp","href":"https:\/\/api.w.org\/{rel}","templated":true}]}}