{"id":8,"date":"2015-11-18T13:49:51","date_gmt":"2015-11-18T12:49:51","guid":{"rendered":"http:\/\/localhost\/willemcars\/?page_id=8"},"modified":"2023-01-09T11:43:48","modified_gmt":"2023-01-09T10:43:48","slug":"over-ons","status":"publish","type":"page","link":"https:\/\/willemcars.com\/de\/over-ons\/","title":{"rendered":"\u00dcber uns"},"content":{"rendered":"<p><\/p>\n<h1><strong>\u00dcber uns<\/strong><\/h1>\n<p>Autohandel Willem Cars in La Marina ist bereits seit mehr als 35 Jahren in der Region aktiv. Als Autoh\u00e4ndler haben wir uns \u00fcber die Jahre hinweg einen ausgezeichneten Ruf aufgebaut. Mit Willem Cars entscheiden Sie sich f\u00fcr einen verl\u00e4sslichen Autoh\u00e4ndler: Bei uns finden Sie das beste Auto zum besten Preis. Pieter und Dani\u00eblle helfen Ihnen dabei, das Auto zu finden, dass Sie suchen. Kommen Sie bei Willem Cars vorbei: Der Kaffee steht bereit.<\/p>\n<p>&nbsp;<\/p>\n<p><strong>Autoh\u00e4ndler Costa Blanca<\/strong><br \/>\nBesuchen Sie unseren komplett renovierten Showroom. Sie finden Willem Cars an der N332 in La Marina, auf der H\u00f6he von Kilometerpfeiler 80. Unser Autohandel ist auch aus anderen Orten an der Costa Blanca gut erreichbar, darunter Alicante, Torrevieja, Elx, La Marina, Guardamar und Santa Pola.<\/p>\n<p>&nbsp;<\/p>\n<p><strong>T\u00e4glich gebrauchten\u00a0Autos<\/strong><br \/>\nAutoh\u00e4ndler Willem Cars erh\u00e4lt t\u00e4glich gebrauchten\u00a0Autos. Sie finden bei uns st\u00e4ndig neue und gebrauchte Autos aller Marken. Wir handeln auch mit Motorr\u00e4dern, Wohnwagen und Wohnmobile. Jedes Fahrzeug wird zuerst von unserem Technikerteam \u00fcberpr\u00fcft. Eventuelle M\u00e4ngel werden direkt behoben. Wir bieten eine Garantie auf alle Fahrzeuge.<\/p>\n<p>&nbsp;<\/p>\n<p><strong>Sicher auf die spanische Stra\u00dfe<\/strong><br \/>\nWir verstehen, dass der Kauf eines Autos in Spanien viele Fragen hervorruft. Wie funktioniert das mit der Versicherung, der Anmeldung und der Steuer? Mit 35 Jahren Erfahrung in der Region sind wir wie kein anderer in der Lage, Sie dar\u00fcber zu informieren. Autohandel Willem Cars kann Ihr gebraucten\u00a0Auto sofort versichern, damit Sie sofort losfahren k\u00f6nnen. Wir k\u00f6nnen Ihnen auch bei der ITV-Pr\u00fcfung und der Beantragung einer NIE-Nummer helfen.<\/p>\n<p>&nbsp;<\/p>\n<p><strong>Kontaktdaten<\/strong><br \/>\nWillem Cars ist unter der Telefonnummer +34 965 419 508 erreichbar. Sie k\u00f6nnen uns auch eine E-Mail schicken an <a href=\"mailto:info@willemcars.com\">info@willemcars.com<\/a> oder einfach in unserer Werkstatt in La Marina vorbeikommen. Wir sind gern f\u00fcr Sie da!<\/p>","protected":false},"excerpt":{"rendered":"<p>\u00dcber uns Autohandel Willem Cars in La Marina ist bereits seit mehr als 35 Jahren in der Region aktiv. Als Autoh\u00e4ndler haben wir uns \u00fcber die Jahre hinweg einen ausgezeichneten Ruf aufgebaut. Mit Willem Cars entscheiden Sie sich f\u00fcr einen verl\u00e4sslichen Autoh\u00e4ndler: Bei uns finden Sie das beste Auto zum besten Preis. Pieter und Dani\u00eblle [&hellip;]<\/p>\n","protected":false},"author":2,"featured_media":0,"parent":0,"menu_order":0,"comment_status":"closed","ping_status":"closed","template":"","meta":{"dwc-title":[""],"dwc-content":[""],"_exactmetrics_skip_tracking":false,"_exactmetrics_sitenote_active":false,"_exactmetrics_sitenote_note":"","_exactmetrics_sitenote_category":0,"footnotes":""},"class_list":["post-8","page","type-page","status-publish","hentry"],"yoast_head":"<!-- This site is optimized with the Yoast SEO plugin v27.5 - https:\/\/yoast.com\/product\/yoast-seo-wordpress\/ -->\n<title>\u00dcber uns - Willem-Cars<\/title>\n<meta name=\"robots\" content=\"index, follow, max-snippet:-1, max-image-preview:large, max-video-preview:-1\" \/>\n<link rel=\"canonical\" href=\"https:\/\/willemcars.com\/es\/over-ons\/\" \/>\n<meta property=\"og:locale\" content=\"de_DE\" \/>\n<meta property=\"og:type\" content=\"article\" \/>\n<meta property=\"og:title\" content=\"\u00dcber uns - Willem-Cars\" \/>\n<meta property=\"og:description\" content=\"\u00dcber uns Autohandel Willem Cars in La Marina ist bereits seit mehr als 35 Jahren in der Region aktiv. Als Autoh\u00e4ndler haben wir uns \u00fcber die Jahre hinweg einen ausgezeichneten Ruf aufgebaut. Mit Willem Cars entscheiden Sie sich f\u00fcr einen verl\u00e4sslichen Autoh\u00e4ndler: Bei uns finden Sie das beste Auto zum besten Preis. Pieter und Dani\u00eblle [&hellip;]\" \/>\n<meta property=\"og:url\" content=\"https:\/\/willemcars.com\/es\/over-ons\/\" \/>\n<meta property=\"og:site_name\" content=\"Willem-Cars\" \/>\n<meta property=\"article:modified_time\" content=\"2023-01-09T10:43:48+00:00\" \/>\n<meta name=\"twitter:card\" content=\"summary_large_image\" \/>\n<meta name=\"twitter:label1\" content=\"Gesch\u00e4tzte Lesezeit\" \/>\n\t<meta name=\"twitter:data1\" content=\"2\u00a0Minuten\" \/>\n<script type=\"application\/ld+json\" class=\"yoast-schema-graph\">{\"@context\":\"https:\\\/\\\/schema.org\",\"@graph\":[{\"@type\":\"WebPage\",\"@id\":\"https:\\\/\\\/willemcars.com\\\/es\\\/over-ons\\\/\",\"url\":\"https:\\\/\\\/willemcars.com\\\/es\\\/over-ons\\\/\",\"name\":\"\u00dcber uns - Willem-Cars\",\"isPartOf\":{\"@id\":\"https:\\\/\\\/willemcars.com\\\/#website\"},\"datePublished\":\"2015-11-18T12:49:51+00:00\",\"dateModified\":\"2023-01-09T10:43:48+00:00\",\"breadcrumb\":{\"@id\":\"https:\\\/\\\/willemcars.com\\\/es\\\/over-ons\\\/#breadcrumb\"},\"inLanguage\":\"de\",\"potentialAction\":[{\"@type\":\"ReadAction\",\"target\":[\"https:\\\/\\\/willemcars.com\\\/es\\\/over-ons\\\/\"]}]},{\"@type\":\"BreadcrumbList\",\"@id\":\"https:\\\/\\\/willemcars.com\\\/es\\\/over-ons\\\/#breadcrumb\",\"itemListElement\":[{\"@type\":\"ListItem\",\"position\":1,\"name\":\"Home\",\"item\":\"https:\\\/\\\/willemcars.com\\\/\"},{\"@type\":\"ListItem\",\"position\":2,\"name\":\"Sobre nosotros\"}]},{\"@type\":\"WebSite\",\"@id\":\"https:\\\/\\\/willemcars.com\\\/#website\",\"url\":\"https:\\\/\\\/willemcars.com\\\/\",\"name\":\"Willem-Cars\",\"description\":\"\",\"potentialAction\":[{\"@type\":\"SearchAction\",\"target\":{\"@type\":\"EntryPoint\",\"urlTemplate\":\"https:\\\/\\\/willemcars.com\\\/?s={search_term_string}\"},\"query-input\":{\"@type\":\"PropertyValueSpecification\",\"valueRequired\":true,\"valueName\":\"search_term_string\"}}],\"inLanguage\":\"de\"}]}<\/script>\n<!-- \/ Yoast SEO plugin. -->","yoast_head_json":{"title":"\u00dcber uns - Willem-Cars","robots":{"index":"index","follow":"follow","max-snippet":"max-snippet:-1","max-image-preview":"max-image-preview:large","max-video-preview":"max-video-preview:-1"},"canonical":"https:\/\/willemcars.com\/es\/over-ons\/","og_locale":"de_DE","og_type":"article","og_title":"\u00dcber uns - Willem-Cars","og_description":"\u00dcber uns Autohandel Willem Cars in La Marina ist bereits seit mehr als 35 Jahren in der Region aktiv. Als Autoh\u00e4ndler haben wir uns \u00fcber die Jahre hinweg einen ausgezeichneten Ruf aufgebaut. Mit Willem Cars entscheiden Sie sich f\u00fcr einen verl\u00e4sslichen Autoh\u00e4ndler: Bei uns finden Sie das beste Auto zum besten Preis. Pieter und Dani\u00eblle [&hellip;]","og_url":"https:\/\/willemcars.com\/es\/over-ons\/","og_site_name":"Willem-Cars","article_modified_time":"2023-01-09T10:43:48+00:00","twitter_card":"summary_large_image","twitter_misc":{"Gesch\u00e4tzte Lesezeit":"2\u00a0Minuten"},"schema":{"@context":"https:\/\/schema.org","@graph":[{"@type":"WebPage","@id":"https:\/\/willemcars.com\/es\/over-ons\/","url":"https:\/\/willemcars.com\/es\/over-ons\/","name":"\u00dcber uns - Willem-Cars","isPartOf":{"@id":"https:\/\/willemcars.com\/#website"},"datePublished":"2015-11-18T12:49:51+00:00","dateModified":"2023-01-09T10:43:48+00:00","breadcrumb":{"@id":"https:\/\/willemcars.com\/es\/over-ons\/#breadcrumb"},"inLanguage":"de","potentialAction":[{"@type":"ReadAction","target":["https:\/\/willemcars.com\/es\/over-ons\/"]}]},{"@type":"BreadcrumbList","@id":"https:\/\/willemcars.com\/es\/over-ons\/#breadcrumb","itemListElement":[{"@type":"ListItem","position":1,"name":"Home","item":"https:\/\/willemcars.com\/"},{"@type":"ListItem","position":2,"name":"Sobre nosotros"}]},{"@type":"WebSite","@id":"https:\/\/willemcars.com\/#website","url":"https:\/\/willemcars.com\/","name":"Willem-Cars","description":"","potentialAction":[{"@type":"SearchAction","target":{"@type":"EntryPoint","urlTemplate":"https:\/\/willemcars.com\/?s={search_term_string}"},"query-input":{"@type":"PropertyValueSpecification","valueRequired":true,"valueName":"search_term_string"}}],"inLanguage":"de"}]}},"_links":{"self":[{"href":"https:\/\/willemcars.com\/de\/wp-json\/wp\/v2\/pages\/8","targetHints":{"allow":["GET"]}}],"collection":[{"href":"https:\/\/willemcars.com\/de\/wp-json\/wp\/v2\/pages"}],"about":[{"href":"https:\/\/willemcars.com\/de\/wp-json\/wp\/v2\/types\/page"}],"author":[{"embeddable":true,"href":"https:\/\/willemcars.com\/de\/wp-json\/wp\/v2\/users\/2"}],"replies":[{"embeddable":true,"href":"https:\/\/willemcars.com\/de\/wp-json\/wp\/v2\/comments?post=8"}],"version-history":[{"count":5,"href":"https:\/\/willemcars.com\/de\/wp-json\/wp\/v2\/pages\/8\/revisions"}],"predecessor-version":[{"id":5308,"href":"https:\/\/willemcars.com\/de\/wp-json\/wp\/v2\/pages\/8\/revisions\/5308"}],"wp:attachment":[{"href":"https:\/\/willemcars.com\/de\/wp-json\/wp\/v2\/media?parent=8"}],"curies":[{"name":"wp","href":"https:\/\/api.w.org\/{rel}","templated":true}]}}