{"id":67,"date":"2015-12-04T16:17:15","date_gmt":"2015-12-04T15:17:15","guid":{"rendered":"http:\/\/willemcars.com\/?page_id=67"},"modified":"2023-01-09T11:45:40","modified_gmt":"2023-01-09T10:45:40","slug":"overige-merken","status":"publish","type":"page","link":"https:\/\/willemcars.com\/de\/overige-merken\/","title":{"rendered":"Sonstige Marken"},"content":{"rendered":"<p><\/p>\n<h1>Sonstige Marken<\/h1>\n<p>Willem Cars k\u00fcmmert sich um den Ankauf und Verkauf von Volvo, Seat, Saab, Skoda, Dacia und vielen anderen Marken. Sie k\u00f6nnen das gesamte Jahr bei uns vorbei zu kommen, um Ihr gebrauchtes Auto zu verkaufen oder ein neues oder gebrauchtes Auto zu kaufen. Willem Cars ist bereits seit mehr als 35 Jahren an der Costa Blanca aktiv. Wir bieten unseren Kunden einen pers\u00f6nlichen Service und ehrliche Preise. Willem Cars ist in diesem Teil Spaniens einer der wenigen Autoh\u00e4ndler, die niederl\u00e4ndisch sprechen.<\/p>\n<p>&nbsp;<\/p>\n<p><strong>Ihr Autoh<\/strong><strong>\u00e4<\/strong><strong>ndler in La Marina<\/strong><\/p>\n<p>Kommen Sie bei Willem Cars vorbei, wenn Sie Ihr derzeitiges Auto verkaufen wollen oder wenn Sie auf der Suche nach einem Gebrauchtwagen sind. Der Kaffee steht schon f\u00fcr Sie bereit. Sie finden Willem Cars an der N332 zwischen Alicante und Cartagena, auf der H\u00f6he von Kilometerpfeiler 80. Auch aus den St\u00e4dten der unmittelbaren Umgebung wie La Mata, Rojales, Crevillent, Gran Alicant und La Zenia sind wir ganz einfach erreichbar.<\/p>\n<p>&nbsp;<\/p>\n<p><strong>Ankauf<\/strong><\/p>\n<p>Bei Willem Cars kaufen wir gern Ihren Gebrauchtwagen an. Volvo, Seat, Saab, Skoda, Dacia und viele andere Marken sind bei uns herzlich willkommen. Selbstverst\u00e4ndlich pr\u00fcfen wir den technischen Status Ihres Fahrzeugs, doch wenn alles in Ordnung ist, erhalten Sie einen ehrlichen Preis basierend auf dem Handelswert Ihres Autos. Wir bieten Ihnen die M\u00f6glichkeit, um den Eintauschwert Ihres Autos dazu zu verwenden, ein anderes Auto aus dem Showroom auszusuchen, doch Sie sind zu nichts verpflichtet.<\/p>\n<p>&nbsp;<\/p>\n<p><strong>Verkauf<\/strong><\/p>\n<p>Lernen Sie unser umfangreiches Angebot anGebrauchtwagen von Marken wie Volvo, Seat, Saab, Skoda und Dacia kennen. Unser Angebot ist besonders abwechslungsreich und wechselt st\u00e4ndig, weil wir st\u00e4ndig neue Autos ankaufen. Selbstverst\u00e4ndlich entsprechen all unsere Gebrauchtwagen den geltenden Sicherheitsrichtlinien. Au\u00dferdem helfen Ihnen unsere Mitarbeiter gern bei der Beantragung einer NIE-Nummer zur Anmeldung Ihres Autos und zum Abschluss spanischer Versicherungen.<\/p>\n<p>&nbsp;<\/p>\n<p><strong>M<\/strong><strong>\u00f6<\/strong><strong>chten Sie vorbeikommen?<\/strong><\/p>\n<p>M\u00f6chten Sie Ihr derzeitiges Auto verkaufen? Sind Sie auf der Suche nach einem Gebrauchtwagen? Kommen Sie einfach bei Willem Cars in La Marina vorbei. Wir erz\u00e4hlen Ihnen gern, wie viel wir f\u00fcr Ihr gebrauchtes Auto bieten k\u00f6nnen und Sie k\u00f6nnen sich in unserem Showroom umsehen. Es ist auch m\u00f6glich, einen Termin zu vereinbaren. Zur Terminvereinbarung rufen Sie die folgende Telefonnummer +34 965 419 508 an oder schicken eine E-Mail an: <a href=\"mailto:info@willemcars.com\">info@willemcars.com<\/a> erreichbar.<\/p>","protected":false},"excerpt":{"rendered":"<p>Sonstige Marken Willem Cars k\u00fcmmert sich um den Ankauf und Verkauf von Volvo, Seat, Saab, Skoda, Dacia und vielen anderen Marken. Sie k\u00f6nnen das gesamte Jahr bei uns vorbei zu kommen, um Ihr gebrauchtes Auto zu verkaufen oder ein neues oder gebrauchtes Auto zu kaufen. Willem Cars ist bereits seit mehr als 35 Jahren an [&hellip;]<\/p>\n","protected":false},"author":2,"featured_media":0,"parent":0,"menu_order":0,"comment_status":"closed","ping_status":"closed","template":"","meta":{"dwc-title":[""],"dwc-content":[""],"_exactmetrics_skip_tracking":false,"_exactmetrics_sitenote_active":false,"_exactmetrics_sitenote_note":"","_exactmetrics_sitenote_category":0,"footnotes":""},"class_list":["post-67","page","type-page","status-publish","hentry"],"yoast_head":"<!-- This site is optimized with the Yoast SEO plugin v27.5 - https:\/\/yoast.com\/product\/yoast-seo-wordpress\/ -->\n<title>Sonstige Marken - Willem-Cars<\/title>\n<meta name=\"robots\" content=\"index, follow, max-snippet:-1, max-image-preview:large, max-video-preview:-1\" \/>\n<link rel=\"canonical\" href=\"https:\/\/willemcars.com\/de\/overige-merken\/\" \/>\n<meta property=\"og:locale\" content=\"de_DE\" \/>\n<meta property=\"og:type\" content=\"article\" \/>\n<meta property=\"og:title\" content=\"Sonstige Marken - Willem-Cars\" \/>\n<meta property=\"og:description\" content=\"Sonstige Marken Willem Cars k\u00fcmmert sich um den Ankauf und Verkauf von Volvo, Seat, Saab, Skoda, Dacia und vielen anderen Marken. Sie k\u00f6nnen das gesamte Jahr bei uns vorbei zu kommen, um Ihr gebrauchtes Auto zu verkaufen oder ein neues oder gebrauchtes Auto zu kaufen. Willem Cars ist bereits seit mehr als 35 Jahren an [&hellip;]\" \/>\n<meta property=\"og:url\" content=\"https:\/\/willemcars.com\/de\/overige-merken\/\" \/>\n<meta property=\"og:site_name\" content=\"Willem-Cars\" \/>\n<meta property=\"article:modified_time\" content=\"2023-01-09T10:45:40+00:00\" \/>\n<meta name=\"twitter:card\" content=\"summary_large_image\" \/>\n<meta name=\"twitter:label1\" content=\"Gesch\u00e4tzte Lesezeit\" \/>\n\t<meta name=\"twitter:data1\" content=\"2\u00a0Minuten\" \/>\n<script type=\"application\/ld+json\" class=\"yoast-schema-graph\">{\"@context\":\"https:\\\/\\\/schema.org\",\"@graph\":[{\"@type\":\"WebPage\",\"@id\":\"https:\\\/\\\/willemcars.com\\\/de\\\/overige-merken\\\/\",\"url\":\"https:\\\/\\\/willemcars.com\\\/de\\\/overige-merken\\\/\",\"name\":\"Sonstige Marken - Willem-Cars\",\"isPartOf\":{\"@id\":\"https:\\\/\\\/willemcars.com\\\/#website\"},\"datePublished\":\"2015-12-04T15:17:15+00:00\",\"dateModified\":\"2023-01-09T10:45:40+00:00\",\"breadcrumb\":{\"@id\":\"https:\\\/\\\/willemcars.com\\\/de\\\/overige-merken\\\/#breadcrumb\"},\"inLanguage\":\"de\",\"potentialAction\":[{\"@type\":\"ReadAction\",\"target\":[\"https:\\\/\\\/willemcars.com\\\/de\\\/overige-merken\\\/\"]}]},{\"@type\":\"BreadcrumbList\",\"@id\":\"https:\\\/\\\/willemcars.com\\\/de\\\/overige-merken\\\/#breadcrumb\",\"itemListElement\":[{\"@type\":\"ListItem\",\"position\":1,\"name\":\"Home\",\"item\":\"https:\\\/\\\/willemcars.com\\\/\"},{\"@type\":\"ListItem\",\"position\":2,\"name\":\"Sonstige Marken\"}]},{\"@type\":\"WebSite\",\"@id\":\"https:\\\/\\\/willemcars.com\\\/#website\",\"url\":\"https:\\\/\\\/willemcars.com\\\/\",\"name\":\"Willem-Cars\",\"description\":\"\",\"potentialAction\":[{\"@type\":\"SearchAction\",\"target\":{\"@type\":\"EntryPoint\",\"urlTemplate\":\"https:\\\/\\\/willemcars.com\\\/?s={search_term_string}\"},\"query-input\":{\"@type\":\"PropertyValueSpecification\",\"valueRequired\":true,\"valueName\":\"search_term_string\"}}],\"inLanguage\":\"de\"}]}<\/script>\n<!-- \/ Yoast SEO plugin. -->","yoast_head_json":{"title":"Sonstige Marken - Willem-Cars","robots":{"index":"index","follow":"follow","max-snippet":"max-snippet:-1","max-image-preview":"max-image-preview:large","max-video-preview":"max-video-preview:-1"},"canonical":"https:\/\/willemcars.com\/de\/overige-merken\/","og_locale":"de_DE","og_type":"article","og_title":"Sonstige Marken - Willem-Cars","og_description":"Sonstige Marken Willem Cars k\u00fcmmert sich um den Ankauf und Verkauf von Volvo, Seat, Saab, Skoda, Dacia und vielen anderen Marken. Sie k\u00f6nnen das gesamte Jahr bei uns vorbei zu kommen, um Ihr gebrauchtes Auto zu verkaufen oder ein neues oder gebrauchtes Auto zu kaufen. Willem Cars ist bereits seit mehr als 35 Jahren an [&hellip;]","og_url":"https:\/\/willemcars.com\/de\/overige-merken\/","og_site_name":"Willem-Cars","article_modified_time":"2023-01-09T10:45:40+00:00","twitter_card":"summary_large_image","twitter_misc":{"Gesch\u00e4tzte Lesezeit":"2\u00a0Minuten"},"schema":{"@context":"https:\/\/schema.org","@graph":[{"@type":"WebPage","@id":"https:\/\/willemcars.com\/de\/overige-merken\/","url":"https:\/\/willemcars.com\/de\/overige-merken\/","name":"Sonstige Marken - Willem-Cars","isPartOf":{"@id":"https:\/\/willemcars.com\/#website"},"datePublished":"2015-12-04T15:17:15+00:00","dateModified":"2023-01-09T10:45:40+00:00","breadcrumb":{"@id":"https:\/\/willemcars.com\/de\/overige-merken\/#breadcrumb"},"inLanguage":"de","potentialAction":[{"@type":"ReadAction","target":["https:\/\/willemcars.com\/de\/overige-merken\/"]}]},{"@type":"BreadcrumbList","@id":"https:\/\/willemcars.com\/de\/overige-merken\/#breadcrumb","itemListElement":[{"@type":"ListItem","position":1,"name":"Home","item":"https:\/\/willemcars.com\/"},{"@type":"ListItem","position":2,"name":"Sonstige Marken"}]},{"@type":"WebSite","@id":"https:\/\/willemcars.com\/#website","url":"https:\/\/willemcars.com\/","name":"Willem-Cars","description":"","potentialAction":[{"@type":"SearchAction","target":{"@type":"EntryPoint","urlTemplate":"https:\/\/willemcars.com\/?s={search_term_string}"},"query-input":{"@type":"PropertyValueSpecification","valueRequired":true,"valueName":"search_term_string"}}],"inLanguage":"de"}]}},"_links":{"self":[{"href":"https:\/\/willemcars.com\/de\/wp-json\/wp\/v2\/pages\/67","targetHints":{"allow":["GET"]}}],"collection":[{"href":"https:\/\/willemcars.com\/de\/wp-json\/wp\/v2\/pages"}],"about":[{"href":"https:\/\/willemcars.com\/de\/wp-json\/wp\/v2\/types\/page"}],"author":[{"embeddable":true,"href":"https:\/\/willemcars.com\/de\/wp-json\/wp\/v2\/users\/2"}],"replies":[{"embeddable":true,"href":"https:\/\/willemcars.com\/de\/wp-json\/wp\/v2\/comments?post=67"}],"version-history":[{"count":5,"href":"https:\/\/willemcars.com\/de\/wp-json\/wp\/v2\/pages\/67\/revisions"}],"predecessor-version":[{"id":5309,"href":"https:\/\/willemcars.com\/de\/wp-json\/wp\/v2\/pages\/67\/revisions\/5309"}],"wp:attachment":[{"href":"https:\/\/willemcars.com\/de\/wp-json\/wp\/v2\/media?parent=67"}],"curies":[{"name":"wp","href":"https:\/\/api.w.org\/{rel}","templated":true}]}}