{"id":65,"date":"2015-12-04T16:16:58","date_gmt":"2015-12-04T15:16:58","guid":{"rendered":"http:\/\/willemcars.com\/?page_id=65"},"modified":"2023-01-09T11:42:37","modified_gmt":"2023-01-09T10:42:37","slug":"koreaanse-autos","status":"publish","type":"page","link":"https:\/\/willemcars.com\/de\/koreaanse-autos\/","title":{"rendered":"Koreanische Autos"},"content":{"rendered":"<p><\/p>\n<h1><strong>Koreanische Autos<\/strong><\/h1>\n<p>F\u00fcr den Ankauf und Verkauf von koranischen Autos k\u00f6nnen Sie das ganze Jahr hindurch zu Willem Cars in La Marina kommen. Wir k\u00fcmmern uns um den Ankauf und Verkauf von Marken wie Kia und Hyundai. Willem Cars ist Ihr verl\u00e4sslicher und Niederl\u00e4ndisch sprechender Autoh\u00e4ndler an der Costa Blanca. Wir bieten unseren Kunden einen ehrlichen Preis und einen ausgezeichneten Service. Kommen Sie in unserem Showroom vorbei: Der Kaffee steht bereit.<\/p>\n<p><strong>Ihr Niederl<\/strong><strong>\u00e4<\/strong><strong>ndisch sprechender Autoh<\/strong><strong>\u00e4<\/strong><strong>ndler<\/strong><br \/>\nWenn Sie Ihren jetzigen Kia oder Hyundai verkaufen wollen und auf der Suche nach einem gebrauchten\u00a0koreanischen Auto sind, k\u00f6nnen Sie bei uns in der Werkstatt vorbeikommen. Willem Cars mit Sitz an der N332 zwischen Cartagena und Alicante auf H\u00f6he des Kilometerpfeilers 80. Wir sind auch sehr einfach aus den Orten der Umgebung erreichbar, wie La Mata, Rojales, Crevillent, Gran Alicant und La Zenia.<\/p>\n<p><strong>Ankauf koreanischer Autos<\/strong><br \/>\nWillem Cars kauft alle Marken koreanischer Autos an, darunter Kia oder Hyundai. Wir pr\u00fcfen den technischen Status jedes Autos, das bei uns hereinkommt. Wir bieten Ihnen immer einen Preis, der sich am Handelswert Ihres Autos orientiert: einen ehrlichen Preis. Wenn gew\u00fcnscht, k\u00f6nnen Sie den Eintauschwert Ihres Autos gleich daf\u00fcr nutzen, einen anderen Gebrauchtwagen.<\/p>\n<p><strong>Verkauf koreanischer Autos<\/strong><br \/>\nBei Willem Cars finden Sie ein gro\u00dfes und abwechslungsreiches Angebot an gebrauchten koreanischen Autos. Da wir st\u00e4ndig Autos von Marken wie Kia und Hyundai ankaufen, wechselt unser Angebot st\u00e4ndig. Selbstverst\u00e4ndlich entsprechen alle unsere Gebrauchtwagen den Sicherheitsvorschriften, sodass Sie sofort sicher fahren k\u00f6nnen. Bei Willem Cars helfen wir Ihnen auch gern beim Abschluss von Versicherungen und der Beantragung der NIE-Nummer f\u00fcr die Anmeldung Ihres Autos.<\/p>\n<p><strong>Besuchen Sie Willem Cars in La Marina<\/strong><br \/>\nWollen Sie unseren Ankaufs- und Verkaufsservicce f\u00fcr koreanische Autos nutzen? Kommen Sie einfach bei Willem Cars in La Marina vorbei. Wir erz\u00e4hlen Ihnen gern, wie viel wir f\u00fcr Ihr gebrauchtes Auto bieten k\u00f6nnen und Sie k\u00f6nnen sich in unserem Showroom umsehen. Eine Terminvereinbarung ist ebenfalls m\u00f6glich: Dann sind wir direkt f\u00fcr Sie da. Willem Cars ist unter der Telefonnummer +34 965 419 508 oder per E-Mail: <a href=\"mailto:info@willemcars.com\">info@willemcars.com<\/a> erreichbar.<\/p>","protected":false},"excerpt":{"rendered":"<p>Koreanische Autos F\u00fcr den Ankauf und Verkauf von koranischen Autos k\u00f6nnen Sie das ganze Jahr hindurch zu Willem Cars in La Marina kommen. Wir k\u00fcmmern uns um den Ankauf und Verkauf von Marken wie Kia und Hyundai. Willem Cars ist Ihr verl\u00e4sslicher und Niederl\u00e4ndisch sprechender Autoh\u00e4ndler an der Costa Blanca. Wir bieten unseren Kunden einen [&hellip;]<\/p>\n","protected":false},"author":2,"featured_media":0,"parent":0,"menu_order":0,"comment_status":"closed","ping_status":"closed","template":"","meta":{"dwc-title":[""],"dwc-content":[""],"_exactmetrics_skip_tracking":false,"_exactmetrics_sitenote_active":false,"_exactmetrics_sitenote_note":"","_exactmetrics_sitenote_category":0,"footnotes":""},"class_list":["post-65","page","type-page","status-publish","hentry"],"yoast_head":"<!-- This site is optimized with the Yoast SEO plugin v27.5 - https:\/\/yoast.com\/product\/yoast-seo-wordpress\/ -->\n<title>Koreanische Autos - Willem-Cars<\/title>\n<meta name=\"description\" content=\"(Nederlands) Willem Cars koopt alle merken Koreaanse auto\u2019s in, waaronder uw Kia of Hyundai. Of u nu een auto bij ons koopt of aan ons verkoopt, wij bieden u altijd een eerlijke prijs en een uitstekende service. Bij Willem Cars staat de koffie altijd voor u klaar.\" \/>\n<meta name=\"robots\" content=\"index, follow, max-snippet:-1, max-image-preview:large, max-video-preview:-1\" \/>\n<link rel=\"canonical\" href=\"https:\/\/willemcars.com\/de\/koreaanse-autos\/\" \/>\n<meta property=\"og:locale\" content=\"de_DE\" \/>\n<meta property=\"og:type\" content=\"article\" \/>\n<meta property=\"og:title\" content=\"Koreanische Autos - Willem-Cars\" \/>\n<meta property=\"og:description\" content=\"(Nederlands) Willem Cars koopt alle merken Koreaanse auto\u2019s in, waaronder uw Kia of Hyundai. Of u nu een auto bij ons koopt of aan ons verkoopt, wij bieden u altijd een eerlijke prijs en een uitstekende service. Bij Willem Cars staat de koffie altijd voor u klaar.\" \/>\n<meta property=\"og:url\" content=\"https:\/\/willemcars.com\/de\/koreaanse-autos\/\" \/>\n<meta property=\"og:site_name\" content=\"Willem-Cars\" \/>\n<meta property=\"article:modified_time\" content=\"2023-01-09T10:42:37+00:00\" \/>\n<meta name=\"twitter:card\" content=\"summary_large_image\" \/>\n<meta name=\"twitter:label1\" content=\"Gesch\u00e4tzte Lesezeit\" \/>\n\t<meta name=\"twitter:data1\" content=\"2\u00a0Minuten\" \/>\n<script type=\"application\/ld+json\" class=\"yoast-schema-graph\">{\"@context\":\"https:\\\/\\\/schema.org\",\"@graph\":[{\"@type\":\"WebPage\",\"@id\":\"https:\\\/\\\/willemcars.com\\\/de\\\/koreaanse-autos\\\/\",\"url\":\"https:\\\/\\\/willemcars.com\\\/de\\\/koreaanse-autos\\\/\",\"name\":\"Koreanische Autos - Willem-Cars\",\"isPartOf\":{\"@id\":\"https:\\\/\\\/willemcars.com\\\/#website\"},\"datePublished\":\"2015-12-04T15:16:58+00:00\",\"dateModified\":\"2023-01-09T10:42:37+00:00\",\"description\":\"(Nederlands) Willem Cars koopt alle merken Koreaanse auto\u2019s in, waaronder uw Kia of Hyundai. Of u nu een auto bij ons koopt of aan ons verkoopt, wij bieden u altijd een eerlijke prijs en een uitstekende service. Bij Willem Cars staat de koffie altijd voor u klaar.\",\"breadcrumb\":{\"@id\":\"https:\\\/\\\/willemcars.com\\\/de\\\/koreaanse-autos\\\/#breadcrumb\"},\"inLanguage\":\"de\",\"potentialAction\":[{\"@type\":\"ReadAction\",\"target\":[\"https:\\\/\\\/willemcars.com\\\/de\\\/koreaanse-autos\\\/\"]}]},{\"@type\":\"BreadcrumbList\",\"@id\":\"https:\\\/\\\/willemcars.com\\\/de\\\/koreaanse-autos\\\/#breadcrumb\",\"itemListElement\":[{\"@type\":\"ListItem\",\"position\":1,\"name\":\"Home\",\"item\":\"https:\\\/\\\/willemcars.com\\\/\"},{\"@type\":\"ListItem\",\"position\":2,\"name\":\"Koreanische Autos\"}]},{\"@type\":\"WebSite\",\"@id\":\"https:\\\/\\\/willemcars.com\\\/#website\",\"url\":\"https:\\\/\\\/willemcars.com\\\/\",\"name\":\"Willem-Cars\",\"description\":\"\",\"potentialAction\":[{\"@type\":\"SearchAction\",\"target\":{\"@type\":\"EntryPoint\",\"urlTemplate\":\"https:\\\/\\\/willemcars.com\\\/?s={search_term_string}\"},\"query-input\":{\"@type\":\"PropertyValueSpecification\",\"valueRequired\":true,\"valueName\":\"search_term_string\"}}],\"inLanguage\":\"de\"}]}<\/script>\n<!-- \/ Yoast SEO plugin. -->","yoast_head_json":{"title":"Koreanische Autos - Willem-Cars","description":"(Nederlands) Willem Cars koopt alle merken Koreaanse auto\u2019s in, waaronder uw Kia of Hyundai. Of u nu een auto bij ons koopt of aan ons verkoopt, wij bieden u altijd een eerlijke prijs en een uitstekende service. Bij Willem Cars staat de koffie altijd voor u klaar.","robots":{"index":"index","follow":"follow","max-snippet":"max-snippet:-1","max-image-preview":"max-image-preview:large","max-video-preview":"max-video-preview:-1"},"canonical":"https:\/\/willemcars.com\/de\/koreaanse-autos\/","og_locale":"de_DE","og_type":"article","og_title":"Koreanische Autos - Willem-Cars","og_description":"(Nederlands) Willem Cars koopt alle merken Koreaanse auto\u2019s in, waaronder uw Kia of Hyundai. Of u nu een auto bij ons koopt of aan ons verkoopt, wij bieden u altijd een eerlijke prijs en een uitstekende service. Bij Willem Cars staat de koffie altijd voor u klaar.","og_url":"https:\/\/willemcars.com\/de\/koreaanse-autos\/","og_site_name":"Willem-Cars","article_modified_time":"2023-01-09T10:42:37+00:00","twitter_card":"summary_large_image","twitter_misc":{"Gesch\u00e4tzte Lesezeit":"2\u00a0Minuten"},"schema":{"@context":"https:\/\/schema.org","@graph":[{"@type":"WebPage","@id":"https:\/\/willemcars.com\/de\/koreaanse-autos\/","url":"https:\/\/willemcars.com\/de\/koreaanse-autos\/","name":"Koreanische Autos - Willem-Cars","isPartOf":{"@id":"https:\/\/willemcars.com\/#website"},"datePublished":"2015-12-04T15:16:58+00:00","dateModified":"2023-01-09T10:42:37+00:00","description":"(Nederlands) Willem Cars koopt alle merken Koreaanse auto\u2019s in, waaronder uw Kia of Hyundai. Of u nu een auto bij ons koopt of aan ons verkoopt, wij bieden u altijd een eerlijke prijs en een uitstekende service. Bij Willem Cars staat de koffie altijd voor u klaar.","breadcrumb":{"@id":"https:\/\/willemcars.com\/de\/koreaanse-autos\/#breadcrumb"},"inLanguage":"de","potentialAction":[{"@type":"ReadAction","target":["https:\/\/willemcars.com\/de\/koreaanse-autos\/"]}]},{"@type":"BreadcrumbList","@id":"https:\/\/willemcars.com\/de\/koreaanse-autos\/#breadcrumb","itemListElement":[{"@type":"ListItem","position":1,"name":"Home","item":"https:\/\/willemcars.com\/"},{"@type":"ListItem","position":2,"name":"Koreanische Autos"}]},{"@type":"WebSite","@id":"https:\/\/willemcars.com\/#website","url":"https:\/\/willemcars.com\/","name":"Willem-Cars","description":"","potentialAction":[{"@type":"SearchAction","target":{"@type":"EntryPoint","urlTemplate":"https:\/\/willemcars.com\/?s={search_term_string}"},"query-input":{"@type":"PropertyValueSpecification","valueRequired":true,"valueName":"search_term_string"}}],"inLanguage":"de"}]}},"_links":{"self":[{"href":"https:\/\/willemcars.com\/de\/wp-json\/wp\/v2\/pages\/65","targetHints":{"allow":["GET"]}}],"collection":[{"href":"https:\/\/willemcars.com\/de\/wp-json\/wp\/v2\/pages"}],"about":[{"href":"https:\/\/willemcars.com\/de\/wp-json\/wp\/v2\/types\/page"}],"author":[{"embeddable":true,"href":"https:\/\/willemcars.com\/de\/wp-json\/wp\/v2\/users\/2"}],"replies":[{"embeddable":true,"href":"https:\/\/willemcars.com\/de\/wp-json\/wp\/v2\/comments?post=65"}],"version-history":[{"count":5,"href":"https:\/\/willemcars.com\/de\/wp-json\/wp\/v2\/pages\/65\/revisions"}],"predecessor-version":[{"id":5307,"href":"https:\/\/willemcars.com\/de\/wp-json\/wp\/v2\/pages\/65\/revisions\/5307"}],"wp:attachment":[{"href":"https:\/\/willemcars.com\/de\/wp-json\/wp\/v2\/media?parent=65"}],"curies":[{"name":"wp","href":"https:\/\/api.w.org\/{rel}","templated":true}]}}