{"id":63,"date":"2015-12-04T16:16:34","date_gmt":"2015-12-04T15:16:34","guid":{"rendered":"http:\/\/willemcars.com\/?page_id=63"},"modified":"2023-01-09T11:33:24","modified_gmt":"2023-01-09T10:33:24","slug":"italiaanse-autos","status":"publish","type":"page","link":"https:\/\/willemcars.com\/de\/italiaanse-autos\/","title":{"rendered":"Italienische Autos"},"content":{"rendered":"<p><\/p>\n<h1><strong>Italienische Autos<\/strong><\/h1>\n<p>Willem Cars in La Marina k\u00fcmmert sich um den Ankauf wie auch den Verkauf von verschiedenen italienischen Automarken. Bei uns k\u00f6nnen Sie unter anderem einen Alfa Romeo, Fiat oder Lancia verkaufen oder kaufen. Willem Cars ist bereits seit mehr als 35 Jahren als Autoh\u00e4ndler an der Costa Blanca aktiv. Wir sind in diesem Teil Spaniens einer der wenigen Autoh\u00e4ndler, die niederl\u00e4ndisch sprechen. Bei Willem Cars k\u00f6nnen Sie sich auf einen ehrlichen Preis und einen ausgezeichneten Service verlassen.<\/p>\n<p>&nbsp;<\/p>\n<p><strong>Ihr Autoh<\/strong><strong>\u00e4<\/strong><strong>ndler an der Costa Blanca<\/strong><br \/>\nKommen Sie bei Willem Cars vorbei, um den Wert Ihres Autos pr\u00fcfen zu lassen oder unser umfangreiches Anbebot an italienischen Autos anzusehen. Sie finden Willem Cars an der N332 zwischen Cartagena und Alicante. Sie finden uns in H\u00f6he von Kilometerpfeiler 80. Wir sind auch einfach aus den Orten der Umgebung erreichbar, wie La Mata, Rojales, Crevillent, Gran Alicant und La Zenia.<\/p>\n<p>&nbsp;<\/p>\n<p><strong>Ankauf italienischer Autos<\/strong><br \/>\nBei Willem Cars kaufen wir italienische Autos aller Marken an. Ihr gebrauchter Alfa Romeo, Fiat oder Lancia ist bei uns herzlich willkommen. Selbstverst\u00e4ndlich pr\u00fcfen wir den technischen Status des Autos. Ist alles in Ordnung? Dann bieten wir f\u00fcr Ihr Fahrzeug einen ehrlichen Preis, immer auf dem Handelswert basierend. Selbstverst\u00e4ndlich k\u00f6nnen Sie den Ertrag Ihre Autos bei Willem Cars sofort in einen anderen Gebrauchtwagen.<\/p>\n<p>&nbsp;<\/p>\n<p><strong>Verkauf italienischer Autos <\/strong><br \/>\nDas Angebot an gebrauchten&nbsp;italienischen Autos von Willem Cars ist sehr umfangreich. Da wir st\u00e4ndig gebrauchten&nbsp;Autos ankaufen, wechselt das Angebot st\u00e4ndig. Marken wie Alfa Romeo, Fiat und Lancia stehen bei uns immer im Showroom. Alle Fahrzeuge wurden auf M\u00e4ngel \u00fcberp\u00fcft, sodass Sie garantiert sicher fahren k\u00f6nnen. Unsere Mitarbeiter assistieren Ihnen gern beim Abschluss einer spanischen Autoversicherung und bei der Anmeldung Ihres Fahrzeugs.<\/p>\n<p>&nbsp;<\/p>\n<p><strong>Wollen Sie vorbeikommen?<\/strong><br \/>\nWenn Sie unseren Ankaufs- oder Verkaufsservice von Willem Cars nutzen wollen, k\u00f6nnen Sie ohne Termin vorbeikommen. Eine Terminvereinbarung ist ebenfalls m\u00f6glich: Dann sind wir direkt f\u00fcr Sie da. Wollen Sie einen Termin vereinbaren oder haben Sie eine Frage? Rufen Sie Willem Cars \u00fcber die Telefonnummer+34965 419 508 oder schicken Sie eine E-Mail an: <a href=\"mailto:info@willemcars.com\">info@willemcars.com<\/a> erreichbar.<\/p>","protected":false},"excerpt":{"rendered":"<p>Italienische Autos Willem Cars in La Marina k\u00fcmmert sich um den Ankauf wie auch den Verkauf von verschiedenen italienischen Automarken. Bei uns k\u00f6nnen Sie unter anderem einen Alfa Romeo, Fiat oder Lancia verkaufen oder kaufen. Willem Cars ist bereits seit mehr als 35 Jahren als Autoh\u00e4ndler an der Costa Blanca aktiv. Wir sind in diesem [&hellip;]<\/p>\n","protected":false},"author":2,"featured_media":0,"parent":0,"menu_order":0,"comment_status":"closed","ping_status":"closed","template":"","meta":{"dwc-title":[""],"dwc-content":[""],"_exactmetrics_skip_tracking":false,"_exactmetrics_sitenote_active":false,"_exactmetrics_sitenote_note":"","_exactmetrics_sitenote_category":0,"footnotes":""},"class_list":["post-63","page","type-page","status-publish","hentry"],"yoast_head":"<!-- This site is optimized with the Yoast SEO plugin v27.4 - https:\/\/yoast.com\/product\/yoast-seo-wordpress\/ -->\n<title>Italienische Autos - Willem-Cars<\/title>\n<meta name=\"description\" content=\"(Nederlands) Willem Cars in La Marina verzorgt de inkoop en verkoop van diverse merken Italiaanse auto\u2019s. U kunt onder meer bij ons terecht om een Alfa Romeo, Fiat of Lancia te verkopen en\/of te kopen. Wanneer u gebruik wilt maken van de inkoop of verkoopservice van Willem Cars kunt u zonder afspraak bij ons langskomen. U kunt ook contact met ons opnemen.\" \/>\n<meta name=\"robots\" content=\"index, follow, max-snippet:-1, max-image-preview:large, max-video-preview:-1\" \/>\n<link rel=\"canonical\" href=\"https:\/\/willemcars.com\/de\/italiaanse-autos\/\" \/>\n<meta property=\"og:locale\" content=\"de_DE\" \/>\n<meta property=\"og:type\" content=\"article\" \/>\n<meta property=\"og:title\" content=\"Italienische Autos - Willem-Cars\" \/>\n<meta property=\"og:description\" content=\"(Nederlands) Willem Cars in La Marina verzorgt de inkoop en verkoop van diverse merken Italiaanse auto\u2019s. U kunt onder meer bij ons terecht om een Alfa Romeo, Fiat of Lancia te verkopen en\/of te kopen. Wanneer u gebruik wilt maken van de inkoop of verkoopservice van Willem Cars kunt u zonder afspraak bij ons langskomen. U kunt ook contact met ons opnemen.\" \/>\n<meta property=\"og:url\" content=\"https:\/\/willemcars.com\/de\/italiaanse-autos\/\" \/>\n<meta property=\"og:site_name\" content=\"Willem-Cars\" \/>\n<meta property=\"article:modified_time\" content=\"2023-01-09T10:33:24+00:00\" \/>\n<meta name=\"twitter:card\" content=\"summary_large_image\" \/>\n<meta name=\"twitter:label1\" content=\"Gesch\u00e4tzte Lesezeit\" \/>\n\t<meta name=\"twitter:data1\" content=\"2\u00a0Minuten\" \/>\n<script type=\"application\/ld+json\" class=\"yoast-schema-graph\">{\"@context\":\"https:\\\/\\\/schema.org\",\"@graph\":[{\"@type\":\"WebPage\",\"@id\":\"https:\\\/\\\/willemcars.com\\\/de\\\/italiaanse-autos\\\/\",\"url\":\"https:\\\/\\\/willemcars.com\\\/de\\\/italiaanse-autos\\\/\",\"name\":\"Italienische Autos - Willem-Cars\",\"isPartOf\":{\"@id\":\"https:\\\/\\\/willemcars.com\\\/#website\"},\"datePublished\":\"2015-12-04T15:16:34+00:00\",\"dateModified\":\"2023-01-09T10:33:24+00:00\",\"description\":\"(Nederlands) Willem Cars in La Marina verzorgt de inkoop en verkoop van diverse merken Italiaanse auto\u2019s. U kunt onder meer bij ons terecht om een Alfa Romeo, Fiat of Lancia te verkopen en\\\/of te kopen. Wanneer u gebruik wilt maken van de inkoop of verkoopservice van Willem Cars kunt u zonder afspraak bij ons langskomen. U kunt ook contact met ons opnemen.\",\"breadcrumb\":{\"@id\":\"https:\\\/\\\/willemcars.com\\\/de\\\/italiaanse-autos\\\/#breadcrumb\"},\"inLanguage\":\"de\",\"potentialAction\":[{\"@type\":\"ReadAction\",\"target\":[\"https:\\\/\\\/willemcars.com\\\/de\\\/italiaanse-autos\\\/\"]}]},{\"@type\":\"BreadcrumbList\",\"@id\":\"https:\\\/\\\/willemcars.com\\\/de\\\/italiaanse-autos\\\/#breadcrumb\",\"itemListElement\":[{\"@type\":\"ListItem\",\"position\":1,\"name\":\"Home\",\"item\":\"https:\\\/\\\/willemcars.com\\\/\"},{\"@type\":\"ListItem\",\"position\":2,\"name\":\"Italienische Autos\"}]},{\"@type\":\"WebSite\",\"@id\":\"https:\\\/\\\/willemcars.com\\\/#website\",\"url\":\"https:\\\/\\\/willemcars.com\\\/\",\"name\":\"Willem-Cars\",\"description\":\"\",\"potentialAction\":[{\"@type\":\"SearchAction\",\"target\":{\"@type\":\"EntryPoint\",\"urlTemplate\":\"https:\\\/\\\/willemcars.com\\\/?s={search_term_string}\"},\"query-input\":{\"@type\":\"PropertyValueSpecification\",\"valueRequired\":true,\"valueName\":\"search_term_string\"}}],\"inLanguage\":\"de\"}]}<\/script>\n<!-- \/ Yoast SEO plugin. -->","yoast_head_json":{"title":"Italienische Autos - Willem-Cars","description":"(Nederlands) Willem Cars in La Marina verzorgt de inkoop en verkoop van diverse merken Italiaanse auto\u2019s. U kunt onder meer bij ons terecht om een Alfa Romeo, Fiat of Lancia te verkopen en\/of te kopen. Wanneer u gebruik wilt maken van de inkoop of verkoopservice van Willem Cars kunt u zonder afspraak bij ons langskomen. U kunt ook contact met ons opnemen.","robots":{"index":"index","follow":"follow","max-snippet":"max-snippet:-1","max-image-preview":"max-image-preview:large","max-video-preview":"max-video-preview:-1"},"canonical":"https:\/\/willemcars.com\/de\/italiaanse-autos\/","og_locale":"de_DE","og_type":"article","og_title":"Italienische Autos - Willem-Cars","og_description":"(Nederlands) Willem Cars in La Marina verzorgt de inkoop en verkoop van diverse merken Italiaanse auto\u2019s. U kunt onder meer bij ons terecht om een Alfa Romeo, Fiat of Lancia te verkopen en\/of te kopen. Wanneer u gebruik wilt maken van de inkoop of verkoopservice van Willem Cars kunt u zonder afspraak bij ons langskomen. U kunt ook contact met ons opnemen.","og_url":"https:\/\/willemcars.com\/de\/italiaanse-autos\/","og_site_name":"Willem-Cars","article_modified_time":"2023-01-09T10:33:24+00:00","twitter_card":"summary_large_image","twitter_misc":{"Gesch\u00e4tzte Lesezeit":"2\u00a0Minuten"},"schema":{"@context":"https:\/\/schema.org","@graph":[{"@type":"WebPage","@id":"https:\/\/willemcars.com\/de\/italiaanse-autos\/","url":"https:\/\/willemcars.com\/de\/italiaanse-autos\/","name":"Italienische Autos - Willem-Cars","isPartOf":{"@id":"https:\/\/willemcars.com\/#website"},"datePublished":"2015-12-04T15:16:34+00:00","dateModified":"2023-01-09T10:33:24+00:00","description":"(Nederlands) Willem Cars in La Marina verzorgt de inkoop en verkoop van diverse merken Italiaanse auto\u2019s. U kunt onder meer bij ons terecht om een Alfa Romeo, Fiat of Lancia te verkopen en\/of te kopen. Wanneer u gebruik wilt maken van de inkoop of verkoopservice van Willem Cars kunt u zonder afspraak bij ons langskomen. U kunt ook contact met ons opnemen.","breadcrumb":{"@id":"https:\/\/willemcars.com\/de\/italiaanse-autos\/#breadcrumb"},"inLanguage":"de","potentialAction":[{"@type":"ReadAction","target":["https:\/\/willemcars.com\/de\/italiaanse-autos\/"]}]},{"@type":"BreadcrumbList","@id":"https:\/\/willemcars.com\/de\/italiaanse-autos\/#breadcrumb","itemListElement":[{"@type":"ListItem","position":1,"name":"Home","item":"https:\/\/willemcars.com\/"},{"@type":"ListItem","position":2,"name":"Italienische Autos"}]},{"@type":"WebSite","@id":"https:\/\/willemcars.com\/#website","url":"https:\/\/willemcars.com\/","name":"Willem-Cars","description":"","potentialAction":[{"@type":"SearchAction","target":{"@type":"EntryPoint","urlTemplate":"https:\/\/willemcars.com\/?s={search_term_string}"},"query-input":{"@type":"PropertyValueSpecification","valueRequired":true,"valueName":"search_term_string"}}],"inLanguage":"de"}]}},"_links":{"self":[{"href":"https:\/\/willemcars.com\/de\/wp-json\/wp\/v2\/pages\/63","targetHints":{"allow":["GET"]}}],"collection":[{"href":"https:\/\/willemcars.com\/de\/wp-json\/wp\/v2\/pages"}],"about":[{"href":"https:\/\/willemcars.com\/de\/wp-json\/wp\/v2\/types\/page"}],"author":[{"embeddable":true,"href":"https:\/\/willemcars.com\/de\/wp-json\/wp\/v2\/users\/2"}],"replies":[{"embeddable":true,"href":"https:\/\/willemcars.com\/de\/wp-json\/wp\/v2\/comments?post=63"}],"version-history":[{"count":5,"href":"https:\/\/willemcars.com\/de\/wp-json\/wp\/v2\/pages\/63\/revisions"}],"predecessor-version":[{"id":5223,"href":"https:\/\/willemcars.com\/de\/wp-json\/wp\/v2\/pages\/63\/revisions\/5223"}],"wp:attachment":[{"href":"https:\/\/willemcars.com\/de\/wp-json\/wp\/v2\/media?parent=63"}],"curies":[{"name":"wp","href":"https:\/\/api.w.org\/{rel}","templated":true}]}}