{"id":61,"date":"2015-12-04T16:16:16","date_gmt":"2015-12-04T15:16:16","guid":{"rendered":"http:\/\/willemcars.com\/?page_id=61"},"modified":"2023-01-09T11:41:55","modified_gmt":"2023-01-09T10:41:55","slug":"japanse-autos","status":"publish","type":"page","link":"https:\/\/willemcars.com\/de\/japanse-autos\/","title":{"rendered":"Japanische Autos"},"content":{"rendered":"<p><\/p>\n<h1><strong>Japanische Autos<\/strong><\/h1>\n<p>F\u00fcr den Ankauf und Verkauf von japanischen Autos sind Sie bei Willem Cars in La Marina an der richtigen Adresse Wir sind ein Autoh\u00e4ndler, bei dem Niederl\u00e4ndisch gesprochen wird und wir sind bereits seit 35 Jahren an der Costa Blanca aktiv. Wir k\u00fcmmern uns um den Ankauf und Verkauf von Marken wie Mazda, Toyota und Nissan. Ob Sie ein Auto bei uns kaufen oder verkaufen, wir bieten Ihnen immer einen ehrlichen Preis und einen ausgezeichneten Service. Bei Willem Cars wartet der Kaffee bereits auf Sie.<\/p>\n<p>&nbsp;<\/p>\n<p><strong>Ihr Autoh<\/strong><strong>\u00e4<\/strong><strong>ndler an der Costa Blanca<\/strong><br \/>\nEntscheiden Sie sich f\u00fcr den Ankaufs- und Verkaufsservice von Willem Cars und kommen Sie in der Werkstatt an der N332 zwischen Cartagena und Alicante auf der H\u00f6he von Kilometerpfeiler 80 vorbei. Wir sind auch gut aus La Mata, Rojales, Crevillent, Gran Alicant und La Zenia erreichbar. Aus diesen und anderen Orten der Umgebung sind Sie schnell in unserem Showroom.<\/p>\n<p>&nbsp;<\/p>\n<p><strong>Ankauf japanischer Autos<\/strong><br \/>\nWillem Cars kauft japanische Autos aller Marken, darunter Mazda, Toyota und Nissan. Unsere Monteure pr\u00fcfen den Status des Fahrzeugs und bieten Ihnen immer einen ehrlichen Preis, der sich am Handelswert des Autos orientiert. Bei Willem Cars k\u00f6nnen Sie den Eintauschwert auch sofort f\u00fcr einen anderen Gebraucht.<\/p>\n<p>&nbsp;<\/p>\n<p><strong>Verkauf japanischer Autos<\/strong><br \/>\nBei Willem Cars finden Sie immer ein abwechslungsreiches Angebot an japanischen Autos. Wir verkaufen sowohl Gebrauchtwagen von Mazda, Toyota und Nissan. Wir bieten s\u00e4mtliche unserer Gebrauchtwagen mit einem ausgezeichneten Preis-Qualit\u00e4tsverh\u00e4ltnis an. Jeder Gebrauchtwagen wurde aufwendig nach M\u00e4ngeln \u00fcberpr\u00fcft, sodass Sie sicher fahren k\u00f6nnen. Bei Willem Cars helfen wir Ihnen auch gern beim Abschluss von Versicherungen und der Beantragung der NIE-Nummer f\u00fcr die Anmeldung Ihres Autos.<\/p>\n<p>&nbsp;<\/p>\n<p><strong>Termin bei Willem Cars vereinbaren<\/strong><br \/>\nEine Terminvereinbarung bei Willem Cars ist eigentlich nicht n\u00f6tig: Sie k\u00f6nnen w\u00e4hrend der \u00d6ffnungszeiten einfach zu uns kommen. Mit einem Termin sind Sie jedoch sicher, sofort von uns bedient zu werden. Zur Terminvereinbarung rufen Sie die folgende Telefonnummer +34 965 419 508 an oder schicken eine E-Mail an: <a href=\"mailto:info@willemcars.com\">info@willemcars.com<\/a>erreichbar. Auch wenn Sie Fragen zu unserem Ankaufs- und Verkaufsservice haben, k\u00f6nnen Sie uns anrufen oder e-mailen.<\/p>","protected":false},"excerpt":{"rendered":"<p>Japanische Autos F\u00fcr den Ankauf und Verkauf von japanischen Autos sind Sie bei Willem Cars in La Marina an der richtigen Adresse Wir sind ein Autoh\u00e4ndler, bei dem Niederl\u00e4ndisch gesprochen wird und wir sind bereits seit 35 Jahren an der Costa Blanca aktiv. Wir k\u00fcmmern uns um den Ankauf und Verkauf von Marken wie Mazda, [&hellip;]<\/p>\n","protected":false},"author":2,"featured_media":0,"parent":0,"menu_order":0,"comment_status":"closed","ping_status":"closed","template":"","meta":{"dwc-title":[""],"dwc-content":[""],"_exactmetrics_skip_tracking":false,"_exactmetrics_sitenote_active":false,"_exactmetrics_sitenote_note":"","_exactmetrics_sitenote_category":0,"footnotes":""},"class_list":["post-61","page","type-page","status-publish","hentry"],"yoast_head":"<!-- This site is optimized with the Yoast SEO plugin v27.5 - https:\/\/yoast.com\/product\/yoast-seo-wordpress\/ -->\n<title>Japanische Autos - Willem-Cars<\/title>\n<meta name=\"description\" content=\"(Nederlands) Voor de inkoop en verkoop van Japanse auto\u2019s bent u bij Willem Cars in La Marina aan het juiste adres. Of u nu een auto bij ons koopt of aan ons verkoopt, wij bieden u altijd een eerlijke prijs en een uitstekende service. Bij Willem Cars staat de koffie altijd voor u klaar.\" \/>\n<meta name=\"robots\" content=\"index, follow, max-snippet:-1, max-image-preview:large, max-video-preview:-1\" \/>\n<link rel=\"canonical\" href=\"https:\/\/willemcars.com\/es\/japanse-autos\/\" \/>\n<meta property=\"og:locale\" content=\"de_DE\" \/>\n<meta property=\"og:type\" content=\"article\" \/>\n<meta property=\"og:title\" content=\"Japanische Autos - Willem-Cars\" \/>\n<meta property=\"og:description\" content=\"(Nederlands) Voor de inkoop en verkoop van Japanse auto\u2019s bent u bij Willem Cars in La Marina aan het juiste adres. Of u nu een auto bij ons koopt of aan ons verkoopt, wij bieden u altijd een eerlijke prijs en een uitstekende service. Bij Willem Cars staat de koffie altijd voor u klaar.\" \/>\n<meta property=\"og:url\" content=\"https:\/\/willemcars.com\/es\/japanse-autos\/\" \/>\n<meta property=\"og:site_name\" content=\"Willem-Cars\" \/>\n<meta property=\"article:modified_time\" content=\"2023-01-09T10:41:55+00:00\" \/>\n<meta name=\"twitter:card\" content=\"summary_large_image\" \/>\n<meta name=\"twitter:label1\" content=\"Gesch\u00e4tzte Lesezeit\" \/>\n\t<meta name=\"twitter:data1\" content=\"2\u00a0Minuten\" \/>\n<script type=\"application\/ld+json\" class=\"yoast-schema-graph\">{\"@context\":\"https:\\\/\\\/schema.org\",\"@graph\":[{\"@type\":\"WebPage\",\"@id\":\"https:\\\/\\\/willemcars.com\\\/es\\\/japanse-autos\\\/\",\"url\":\"https:\\\/\\\/willemcars.com\\\/es\\\/japanse-autos\\\/\",\"name\":\"Japanische Autos - Willem-Cars\",\"isPartOf\":{\"@id\":\"https:\\\/\\\/willemcars.com\\\/#website\"},\"datePublished\":\"2015-12-04T15:16:16+00:00\",\"dateModified\":\"2023-01-09T10:41:55+00:00\",\"description\":\"(Nederlands) Voor de inkoop en verkoop van Japanse auto\u2019s bent u bij Willem Cars in La Marina aan het juiste adres. Of u nu een auto bij ons koopt of aan ons verkoopt, wij bieden u altijd een eerlijke prijs en een uitstekende service. Bij Willem Cars staat de koffie altijd voor u klaar.\",\"breadcrumb\":{\"@id\":\"https:\\\/\\\/willemcars.com\\\/es\\\/japanse-autos\\\/#breadcrumb\"},\"inLanguage\":\"de\",\"potentialAction\":[{\"@type\":\"ReadAction\",\"target\":[\"https:\\\/\\\/willemcars.com\\\/es\\\/japanse-autos\\\/\"]}]},{\"@type\":\"BreadcrumbList\",\"@id\":\"https:\\\/\\\/willemcars.com\\\/es\\\/japanse-autos\\\/#breadcrumb\",\"itemListElement\":[{\"@type\":\"ListItem\",\"position\":1,\"name\":\"Home\",\"item\":\"https:\\\/\\\/willemcars.com\\\/\"},{\"@type\":\"ListItem\",\"position\":2,\"name\":\"Veh\u00edculos de origen Japon\u00e9s\"}]},{\"@type\":\"WebSite\",\"@id\":\"https:\\\/\\\/willemcars.com\\\/#website\",\"url\":\"https:\\\/\\\/willemcars.com\\\/\",\"name\":\"Willem-Cars\",\"description\":\"\",\"potentialAction\":[{\"@type\":\"SearchAction\",\"target\":{\"@type\":\"EntryPoint\",\"urlTemplate\":\"https:\\\/\\\/willemcars.com\\\/?s={search_term_string}\"},\"query-input\":{\"@type\":\"PropertyValueSpecification\",\"valueRequired\":true,\"valueName\":\"search_term_string\"}}],\"inLanguage\":\"de\"}]}<\/script>\n<!-- \/ Yoast SEO plugin. -->","yoast_head_json":{"title":"Japanische Autos - Willem-Cars","description":"(Nederlands) Voor de inkoop en verkoop van Japanse auto\u2019s bent u bij Willem Cars in La Marina aan het juiste adres. Of u nu een auto bij ons koopt of aan ons verkoopt, wij bieden u altijd een eerlijke prijs en een uitstekende service. Bij Willem Cars staat de koffie altijd voor u klaar.","robots":{"index":"index","follow":"follow","max-snippet":"max-snippet:-1","max-image-preview":"max-image-preview:large","max-video-preview":"max-video-preview:-1"},"canonical":"https:\/\/willemcars.com\/es\/japanse-autos\/","og_locale":"de_DE","og_type":"article","og_title":"Japanische Autos - Willem-Cars","og_description":"(Nederlands) Voor de inkoop en verkoop van Japanse auto\u2019s bent u bij Willem Cars in La Marina aan het juiste adres. Of u nu een auto bij ons koopt of aan ons verkoopt, wij bieden u altijd een eerlijke prijs en een uitstekende service. Bij Willem Cars staat de koffie altijd voor u klaar.","og_url":"https:\/\/willemcars.com\/es\/japanse-autos\/","og_site_name":"Willem-Cars","article_modified_time":"2023-01-09T10:41:55+00:00","twitter_card":"summary_large_image","twitter_misc":{"Gesch\u00e4tzte Lesezeit":"2\u00a0Minuten"},"schema":{"@context":"https:\/\/schema.org","@graph":[{"@type":"WebPage","@id":"https:\/\/willemcars.com\/es\/japanse-autos\/","url":"https:\/\/willemcars.com\/es\/japanse-autos\/","name":"Japanische Autos - Willem-Cars","isPartOf":{"@id":"https:\/\/willemcars.com\/#website"},"datePublished":"2015-12-04T15:16:16+00:00","dateModified":"2023-01-09T10:41:55+00:00","description":"(Nederlands) Voor de inkoop en verkoop van Japanse auto\u2019s bent u bij Willem Cars in La Marina aan het juiste adres. Of u nu een auto bij ons koopt of aan ons verkoopt, wij bieden u altijd een eerlijke prijs en een uitstekende service. Bij Willem Cars staat de koffie altijd voor u klaar.","breadcrumb":{"@id":"https:\/\/willemcars.com\/es\/japanse-autos\/#breadcrumb"},"inLanguage":"de","potentialAction":[{"@type":"ReadAction","target":["https:\/\/willemcars.com\/es\/japanse-autos\/"]}]},{"@type":"BreadcrumbList","@id":"https:\/\/willemcars.com\/es\/japanse-autos\/#breadcrumb","itemListElement":[{"@type":"ListItem","position":1,"name":"Home","item":"https:\/\/willemcars.com\/"},{"@type":"ListItem","position":2,"name":"Veh\u00edculos de origen Japon\u00e9s"}]},{"@type":"WebSite","@id":"https:\/\/willemcars.com\/#website","url":"https:\/\/willemcars.com\/","name":"Willem-Cars","description":"","potentialAction":[{"@type":"SearchAction","target":{"@type":"EntryPoint","urlTemplate":"https:\/\/willemcars.com\/?s={search_term_string}"},"query-input":{"@type":"PropertyValueSpecification","valueRequired":true,"valueName":"search_term_string"}}],"inLanguage":"de"}]}},"_links":{"self":[{"href":"https:\/\/willemcars.com\/de\/wp-json\/wp\/v2\/pages\/61","targetHints":{"allow":["GET"]}}],"collection":[{"href":"https:\/\/willemcars.com\/de\/wp-json\/wp\/v2\/pages"}],"about":[{"href":"https:\/\/willemcars.com\/de\/wp-json\/wp\/v2\/types\/page"}],"author":[{"embeddable":true,"href":"https:\/\/willemcars.com\/de\/wp-json\/wp\/v2\/users\/2"}],"replies":[{"embeddable":true,"href":"https:\/\/willemcars.com\/de\/wp-json\/wp\/v2\/comments?post=61"}],"version-history":[{"count":5,"href":"https:\/\/willemcars.com\/de\/wp-json\/wp\/v2\/pages\/61\/revisions"}],"predecessor-version":[{"id":5306,"href":"https:\/\/willemcars.com\/de\/wp-json\/wp\/v2\/pages\/61\/revisions\/5306"}],"wp:attachment":[{"href":"https:\/\/willemcars.com\/de\/wp-json\/wp\/v2\/media?parent=61"}],"curies":[{"name":"wp","href":"https:\/\/api.w.org\/{rel}","templated":true}]}}