{"id":59,"date":"2015-12-04T16:15:59","date_gmt":"2015-12-04T15:15:59","guid":{"rendered":"http:\/\/willemcars.com\/?page_id=59"},"modified":"2023-01-09T11:28:03","modified_gmt":"2023-01-09T10:28:03","slug":"franse-autos","status":"publish","type":"page","link":"https:\/\/willemcars.com\/de\/franse-autos\/","title":{"rendered":"Franz\u00f6sische Autos"},"content":{"rendered":"<p><\/p>\n<h1><strong>Franz<\/strong><strong>\u00f6<\/strong><strong>sische Autos<\/strong><\/h1>\n<p>Willem Cars in La Marina ist Ihre verl\u00e4ssliche Adresse an der Costa Blanca f\u00fcr den Ankauf und Verkauf diverser Marken franz\u00f6sischer Autos. Wir verkaufen das gesamte Jahr \u00fcber Gebrauchtwagen, sodass unser Angebot st\u00e4ndig wechselt. Wir k\u00fcmmern uns unter anderem um den Ankauf und Verkauf von Marken wie Peugeot, Renault und Citro\u00ebn. Ob Sie Ihr Auto bei uns verkaufen, einen Neu- oder Gebrauchtwagen bei uns erwerben, bei Willem Cars k\u00f6nnen Sie sich immer auf einen ehrlichen Preis verlassen.<\/p>\n<p>&nbsp;<\/p>\n<p><strong>Autoh<\/strong><strong>\u00e4<\/strong><strong>ndler Costa Blanca<\/strong><br \/>\nWir sind der Autoh\u00e4ndler an der Costa Blanca, bei dem Niederl\u00e4ndisch gesprochen wird. Wollen Sie unseren Ankauf oder Verkauf von franz\u00f6sischen Autos nutzen? Kommen Sie einfach zu Willem Cars in La Marina. Sie finden unsere Werkstatt an der N332 zwischen Alicante und Cartagena, auf der H\u00f6he von Kilometerpfeiler 80. Auch aus den St\u00e4dten der Umgebung wie La Mata, Rojales, Crevillent, Gran Alicant und La Zenia sind Sie schnell in unserem Showroom.<\/p>\n<p>&nbsp;<\/p>\n<p><strong>Ankauf franz<\/strong><strong>\u00f6<\/strong><strong>sischer Autos<\/strong><br \/>\nBei Willem Cars kaufen franz\u00f6sische Autos aller Marken auf, solange Ihr Fahrzeug in gutem Zustand ist. Wir \u00fcbernehmen Ihren gebrauchten Peugeot, Renault oder Citro\u00ebn gern. Der Betrag, den wir Ihnen daf\u00fcr zahlen richtet sich nach dem Handelswert des Fahrzeugs. Selbstverst\u00e4ndlich k\u00f6nnen Sie den Eintauschwert Ihres Autos dazu verwenden, einen Gebrauchtwagen aus unserem Sortiment zu kaufen.<\/p>\n<p>&nbsp;<\/p>\n<p><strong>Verkauf franz<\/strong><strong>\u00f6<\/strong><strong>sischer Autos<\/strong><br \/>\nOb Sie auf der Suche nach einem gebrauchten franz\u00f6sischen Auto sind, bei Willem Cars finden Sie immer ein umfangreiches Angebot. Wir bieten jeden Peugeot, Renault und Citro\u00ebn in einem ausgezeichneten Preis-Qualit\u00e4tsverh\u00e4ltnis an. Die Autos wurden sorgf\u00e4ltig auf M\u00e4ngel \u00fcberpr\u00fcft, sodass Sie sicher fahren. Willem Cars unterst\u00fctzt Sie auch beim Abschluss von Versicherungen und der Beantragung der NIE-Nummer.<\/p>\n<p>&nbsp;<\/p>\n<p><strong>Termin Willem Cars<\/strong><br \/>\nIm Prinzip brauchen Sie bei Willem Cars keinen Termin zu vereinbaren. Wenn Sie Ihr derzeitiges Auto an uns verkaufen wollen oder auf der Suche nach einem gebrauchten&nbsp;Modell sind, k\u00f6nnen Sie einfach bei uns vorbeikommen. Mit einem Termin sind Sie jedoch sicher, sofort von uns bedient zu werden. Zur Terminvereinbarung rufen Sie die folgende Telefonnummer +34 965 419 508 an oder schicken eine E-Mail an: <a href=\"mailto:info@willemcars.com\">info@willemcars.com<\/a>erreichbar. Selbstverst\u00e4ndlich k\u00f6nnen Sie uns auch alle Ihre Fragen stellen.<\/p>","protected":false},"excerpt":{"rendered":"<p>Franz\u00f6sische Autos Willem Cars in La Marina ist Ihre verl\u00e4ssliche Adresse an der Costa Blanca f\u00fcr den Ankauf und Verkauf diverser Marken franz\u00f6sischer Autos. Wir verkaufen das gesamte Jahr \u00fcber Gebrauchtwagen, sodass unser Angebot st\u00e4ndig wechselt. Wir k\u00fcmmern uns unter anderem um den Ankauf und Verkauf von Marken wie Peugeot, Renault und Citro\u00ebn. Ob Sie [&hellip;]<\/p>\n","protected":false},"author":2,"featured_media":0,"parent":0,"menu_order":0,"comment_status":"closed","ping_status":"closed","template":"","meta":{"dwc-title":[""],"dwc-content":[""],"_exactmetrics_skip_tracking":false,"_exactmetrics_sitenote_active":false,"_exactmetrics_sitenote_note":"","_exactmetrics_sitenote_category":0,"footnotes":""},"class_list":["post-59","page","type-page","status-publish","hentry"],"yoast_head":"<!-- This site is optimized with the Yoast SEO plugin v27.5 - https:\/\/yoast.com\/product\/yoast-seo-wordpress\/ -->\n<title>Franz\u00f6sische Autos - Willem-Cars<\/title>\n<meta name=\"description\" content=\"(Nederlands) Bij Willem Cars kopen wij alle merken Franse auto\u2019s in, zolang uw voertuig maar in goede staat is. Of u nu op zoek bent naar een eerstehands\/ tweedehands Franse auto, bij Willem Cars vindt u altijd een zeer uitgebreid aanbod. Kom langs of neem contact met ons op!\" \/>\n<meta name=\"robots\" content=\"index, follow, max-snippet:-1, max-image-preview:large, max-video-preview:-1\" \/>\n<link rel=\"canonical\" href=\"https:\/\/willemcars.com\/es\/franse-autos\/\" \/>\n<meta property=\"og:locale\" content=\"de_DE\" \/>\n<meta property=\"og:type\" content=\"article\" \/>\n<meta property=\"og:title\" content=\"Franz\u00f6sische Autos - Willem-Cars\" \/>\n<meta property=\"og:description\" content=\"(Nederlands) Bij Willem Cars kopen wij alle merken Franse auto\u2019s in, zolang uw voertuig maar in goede staat is. Of u nu op zoek bent naar een eerstehands\/ tweedehands Franse auto, bij Willem Cars vindt u altijd een zeer uitgebreid aanbod. Kom langs of neem contact met ons op!\" \/>\n<meta property=\"og:url\" content=\"https:\/\/willemcars.com\/es\/franse-autos\/\" \/>\n<meta property=\"og:site_name\" content=\"Willem-Cars\" \/>\n<meta property=\"article:modified_time\" content=\"2023-01-09T10:28:03+00:00\" \/>\n<meta name=\"twitter:card\" content=\"summary_large_image\" \/>\n<meta name=\"twitter:label1\" content=\"Gesch\u00e4tzte Lesezeit\" \/>\n\t<meta name=\"twitter:data1\" content=\"2\u00a0Minuten\" \/>\n<script type=\"application\/ld+json\" class=\"yoast-schema-graph\">{\"@context\":\"https:\\\/\\\/schema.org\",\"@graph\":[{\"@type\":\"WebPage\",\"@id\":\"https:\\\/\\\/willemcars.com\\\/es\\\/franse-autos\\\/\",\"url\":\"https:\\\/\\\/willemcars.com\\\/es\\\/franse-autos\\\/\",\"name\":\"Franz\u00f6sische Autos - Willem-Cars\",\"isPartOf\":{\"@id\":\"https:\\\/\\\/willemcars.com\\\/#website\"},\"datePublished\":\"2015-12-04T15:15:59+00:00\",\"dateModified\":\"2023-01-09T10:28:03+00:00\",\"description\":\"(Nederlands) Bij Willem Cars kopen wij alle merken Franse auto\u2019s in, zolang uw voertuig maar in goede staat is. Of u nu op zoek bent naar een eerstehands\\\/ tweedehands Franse auto, bij Willem Cars vindt u altijd een zeer uitgebreid aanbod. Kom langs of neem contact met ons op!\",\"breadcrumb\":{\"@id\":\"https:\\\/\\\/willemcars.com\\\/es\\\/franse-autos\\\/#breadcrumb\"},\"inLanguage\":\"de\",\"potentialAction\":[{\"@type\":\"ReadAction\",\"target\":[\"https:\\\/\\\/willemcars.com\\\/es\\\/franse-autos\\\/\"]}]},{\"@type\":\"BreadcrumbList\",\"@id\":\"https:\\\/\\\/willemcars.com\\\/es\\\/franse-autos\\\/#breadcrumb\",\"itemListElement\":[{\"@type\":\"ListItem\",\"position\":1,\"name\":\"Home\",\"item\":\"https:\\\/\\\/willemcars.com\\\/\"},{\"@type\":\"ListItem\",\"position\":2,\"name\":\"Veh\u00edculos Franceses\"}]},{\"@type\":\"WebSite\",\"@id\":\"https:\\\/\\\/willemcars.com\\\/#website\",\"url\":\"https:\\\/\\\/willemcars.com\\\/\",\"name\":\"Willem-Cars\",\"description\":\"\",\"potentialAction\":[{\"@type\":\"SearchAction\",\"target\":{\"@type\":\"EntryPoint\",\"urlTemplate\":\"https:\\\/\\\/willemcars.com\\\/?s={search_term_string}\"},\"query-input\":{\"@type\":\"PropertyValueSpecification\",\"valueRequired\":true,\"valueName\":\"search_term_string\"}}],\"inLanguage\":\"de\"}]}<\/script>\n<!-- \/ Yoast SEO plugin. -->","yoast_head_json":{"title":"Franz\u00f6sische Autos - Willem-Cars","description":"(Nederlands) Bij Willem Cars kopen wij alle merken Franse auto\u2019s in, zolang uw voertuig maar in goede staat is. Of u nu op zoek bent naar een eerstehands\/ tweedehands Franse auto, bij Willem Cars vindt u altijd een zeer uitgebreid aanbod. Kom langs of neem contact met ons op!","robots":{"index":"index","follow":"follow","max-snippet":"max-snippet:-1","max-image-preview":"max-image-preview:large","max-video-preview":"max-video-preview:-1"},"canonical":"https:\/\/willemcars.com\/es\/franse-autos\/","og_locale":"de_DE","og_type":"article","og_title":"Franz\u00f6sische Autos - Willem-Cars","og_description":"(Nederlands) Bij Willem Cars kopen wij alle merken Franse auto\u2019s in, zolang uw voertuig maar in goede staat is. Of u nu op zoek bent naar een eerstehands\/ tweedehands Franse auto, bij Willem Cars vindt u altijd een zeer uitgebreid aanbod. Kom langs of neem contact met ons op!","og_url":"https:\/\/willemcars.com\/es\/franse-autos\/","og_site_name":"Willem-Cars","article_modified_time":"2023-01-09T10:28:03+00:00","twitter_card":"summary_large_image","twitter_misc":{"Gesch\u00e4tzte Lesezeit":"2\u00a0Minuten"},"schema":{"@context":"https:\/\/schema.org","@graph":[{"@type":"WebPage","@id":"https:\/\/willemcars.com\/es\/franse-autos\/","url":"https:\/\/willemcars.com\/es\/franse-autos\/","name":"Franz\u00f6sische Autos - Willem-Cars","isPartOf":{"@id":"https:\/\/willemcars.com\/#website"},"datePublished":"2015-12-04T15:15:59+00:00","dateModified":"2023-01-09T10:28:03+00:00","description":"(Nederlands) Bij Willem Cars kopen wij alle merken Franse auto\u2019s in, zolang uw voertuig maar in goede staat is. Of u nu op zoek bent naar een eerstehands\/ tweedehands Franse auto, bij Willem Cars vindt u altijd een zeer uitgebreid aanbod. Kom langs of neem contact met ons op!","breadcrumb":{"@id":"https:\/\/willemcars.com\/es\/franse-autos\/#breadcrumb"},"inLanguage":"de","potentialAction":[{"@type":"ReadAction","target":["https:\/\/willemcars.com\/es\/franse-autos\/"]}]},{"@type":"BreadcrumbList","@id":"https:\/\/willemcars.com\/es\/franse-autos\/#breadcrumb","itemListElement":[{"@type":"ListItem","position":1,"name":"Home","item":"https:\/\/willemcars.com\/"},{"@type":"ListItem","position":2,"name":"Veh\u00edculos Franceses"}]},{"@type":"WebSite","@id":"https:\/\/willemcars.com\/#website","url":"https:\/\/willemcars.com\/","name":"Willem-Cars","description":"","potentialAction":[{"@type":"SearchAction","target":{"@type":"EntryPoint","urlTemplate":"https:\/\/willemcars.com\/?s={search_term_string}"},"query-input":{"@type":"PropertyValueSpecification","valueRequired":true,"valueName":"search_term_string"}}],"inLanguage":"de"}]}},"_links":{"self":[{"href":"https:\/\/willemcars.com\/de\/wp-json\/wp\/v2\/pages\/59","targetHints":{"allow":["GET"]}}],"collection":[{"href":"https:\/\/willemcars.com\/de\/wp-json\/wp\/v2\/pages"}],"about":[{"href":"https:\/\/willemcars.com\/de\/wp-json\/wp\/v2\/types\/page"}],"author":[{"embeddable":true,"href":"https:\/\/willemcars.com\/de\/wp-json\/wp\/v2\/users\/2"}],"replies":[{"embeddable":true,"href":"https:\/\/willemcars.com\/de\/wp-json\/wp\/v2\/comments?post=59"}],"version-history":[{"count":5,"href":"https:\/\/willemcars.com\/de\/wp-json\/wp\/v2\/pages\/59\/revisions"}],"predecessor-version":[{"id":5300,"href":"https:\/\/willemcars.com\/de\/wp-json\/wp\/v2\/pages\/59\/revisions\/5300"}],"wp:attachment":[{"href":"https:\/\/willemcars.com\/de\/wp-json\/wp\/v2\/media?parent=59"}],"curies":[{"name":"wp","href":"https:\/\/api.w.org\/{rel}","templated":true}]}}