{"id":57,"date":"2015-12-04T16:15:44","date_gmt":"2015-12-04T15:15:44","guid":{"rendered":"http:\/\/willemcars.com\/?page_id=57"},"modified":"2023-01-09T11:27:11","modified_gmt":"2023-01-09T10:27:11","slug":"duitse-autos","status":"publish","type":"page","link":"https:\/\/willemcars.com\/de\/duitse-autos\/","title":{"rendered":"Deutsche Autos"},"content":{"rendered":"<p><\/p>\n<h1><strong>Deutsche Autos<\/strong><\/h1>\n<p>Willem Cars in La Marina k\u00fcmmert sich um den Ankauf wie auch den Verkauf von verschiedenen deutschen Automarken. Da wir st\u00e4ndig Autos ankaufen, wechselt unser Angebot an Neu- und Gebrauchtwagen st\u00e4ndig. Bei uns finden Sie Marken wie Opel, Volkswagen, Audi, Mercedes, BMW und Ford. Willem Cars ist Ihr verl\u00e4sslicher Autoh\u00e4ndler an der Costa Blanca: Wir garantieren Ihnen Qualit\u00e4t und einen ehrlichen Preis.<\/p>\n<p><strong>Autoh<\/strong><strong>\u00e4<\/strong><strong>ndler Costa Blanca<\/strong><br \/>\nWenn Sie unseren Ankauf oder Verkauf von deutschen Autos nutzen m\u00f6chten, k\u00f6nnen Sie unsere Niederlassung in La Marina besuchen. Sie finden Willem Cars an der N332 zwischen Alicante und Cartagena, auf der H\u00f6he von Kilometerpfeiler 80. Unsere Werkstatt ist auch einfach aus den Orten der Umgebung erreichbar, wie La Mata, Rojales, Crevillent, Gran Alicant und La Zenia. Der Kaffee steht schon f\u00fcr Sie bereit.<\/p>\n<p><strong>Ankauf<\/strong><br \/>\nWillem Cars kauft deutsche Autos aller Marken ein. Ihr Opel, Volkswagen, Audi, Mercedes, BMW oder Ford ist bei uns herzlich willkommen. Wir \u00fcberpr\u00fcfen den technischen Status Ihres Fahrzeugs und bieten Ihnen immer einen ehrlichen Preis, der sich am Handelswert des Autos orientiert. Selbstverst\u00e4ndlich k\u00f6nnen Sie den Eintauschwert Ihres Autos auch f\u00fcr ein anderes Modell aus unserem Showroom nutzen.<\/p>\n<p><strong>Verkauf<\/strong><br \/>\nWenn Sie einen gebrauchten Opel, Volkswagen, Audi, Mercedes, BMW oder Ford verkaufen wollen, sind Sie bei Willem Cars an der richtigen Adresse. Wir verkaufen unsere Autos in einem ausgezeichneten Preis-Qualit\u00e4tsverh\u00e4ltnis und wir bieten eine Garantie auf alle Fahrzeuge. Alle Gebrauchtwagen wurden sorgf\u00e4ltig auf M\u00e4ngel \u00fcberpr\u00fcft, sodass Sie sicher fahren. Wenn Sie w\u00fcnschen, k\u00f6nnen wir Sie beim Abschluss von Versicherungen und mit der Anmeldung Ihres Autos unterst\u00fctzen.<\/p>\n<p><strong>Einen Termin vereinbaren<\/strong><br \/>\nWollen Sie Ihr derzeitiges Auto verkaufen und\/oder sind Sie auf der Suche nach einem anderen Fahrzeug? Kommen Sie einfach zu Willem Cars in La Marina. Sie k\u00f6nnen auch einen Termin vereinbaren, sodass Sie sich sicher sein k\u00f6nnen, sofort bedient zu werden. Zur Terminvereinbarung rufen Sie die folgende Telefonnummer +34 965 419 508 an oder schicken eine E-Mail an: <a href=\"mailto:info@willemcars.com\">info@willemcars.com<\/a> erreichbar.<\/p>","protected":false},"excerpt":{"rendered":"<p>Deutsche Autos Willem Cars in La Marina k\u00fcmmert sich um den Ankauf wie auch den Verkauf von verschiedenen deutschen Automarken. Da wir st\u00e4ndig Autos ankaufen, wechselt unser Angebot an Neu- und Gebrauchtwagen st\u00e4ndig. Bei uns finden Sie Marken wie Opel, Volkswagen, Audi, Mercedes, BMW und Ford. Willem Cars ist Ihr verl\u00e4sslicher Autoh\u00e4ndler an der Costa [&hellip;]<\/p>\n","protected":false},"author":2,"featured_media":0,"parent":0,"menu_order":0,"comment_status":"closed","ping_status":"closed","template":"","meta":{"dwc-title":[""],"dwc-content":[""],"_exactmetrics_skip_tracking":false,"_exactmetrics_sitenote_active":false,"_exactmetrics_sitenote_note":"","_exactmetrics_sitenote_category":0,"footnotes":""},"class_list":["post-57","page","type-page","status-publish","hentry"],"yoast_head":"<!-- This site is optimized with the Yoast SEO plugin v27.5 - https:\/\/yoast.com\/product\/yoast-seo-wordpress\/ -->\n<title>Deutsche Autos - Willem-Cars<\/title>\n<meta name=\"description\" content=\"(Nederlands) Willem Cars koopt alle merken Duitse auto\u2019s in. Uw Opel, Volkswagen, Audi, Mercedes, BMW of Ford is bij ons van harte welkom. Wij verkopen onze auto\u2019s voor een uitstekende prijs-kwaliteitsverhouding en wij bieden garantie op alle voertuigen. Kom langs of neem contact op voor vragen.\" \/>\n<meta name=\"robots\" content=\"index, follow, max-snippet:-1, max-image-preview:large, max-video-preview:-1\" \/>\n<link rel=\"canonical\" href=\"https:\/\/willemcars.com\/es\/duitse-autos\/\" \/>\n<meta property=\"og:locale\" content=\"de_DE\" \/>\n<meta property=\"og:type\" content=\"article\" \/>\n<meta property=\"og:title\" content=\"Deutsche Autos - Willem-Cars\" \/>\n<meta property=\"og:description\" content=\"(Nederlands) Willem Cars koopt alle merken Duitse auto\u2019s in. Uw Opel, Volkswagen, Audi, Mercedes, BMW of Ford is bij ons van harte welkom. Wij verkopen onze auto\u2019s voor een uitstekende prijs-kwaliteitsverhouding en wij bieden garantie op alle voertuigen. Kom langs of neem contact op voor vragen.\" \/>\n<meta property=\"og:url\" content=\"https:\/\/willemcars.com\/es\/duitse-autos\/\" \/>\n<meta property=\"og:site_name\" content=\"Willem-Cars\" \/>\n<meta property=\"article:modified_time\" content=\"2023-01-09T10:27:11+00:00\" \/>\n<meta name=\"twitter:card\" content=\"summary_large_image\" \/>\n<meta name=\"twitter:label1\" content=\"Gesch\u00e4tzte Lesezeit\" \/>\n\t<meta name=\"twitter:data1\" content=\"2\u00a0Minuten\" \/>\n<script type=\"application\/ld+json\" class=\"yoast-schema-graph\">{\"@context\":\"https:\\\/\\\/schema.org\",\"@graph\":[{\"@type\":\"WebPage\",\"@id\":\"https:\\\/\\\/willemcars.com\\\/es\\\/duitse-autos\\\/\",\"url\":\"https:\\\/\\\/willemcars.com\\\/es\\\/duitse-autos\\\/\",\"name\":\"Deutsche Autos - Willem-Cars\",\"isPartOf\":{\"@id\":\"https:\\\/\\\/willemcars.com\\\/#website\"},\"datePublished\":\"2015-12-04T15:15:44+00:00\",\"dateModified\":\"2023-01-09T10:27:11+00:00\",\"description\":\"(Nederlands) Willem Cars koopt alle merken Duitse auto\u2019s in. Uw Opel, Volkswagen, Audi, Mercedes, BMW of Ford is bij ons van harte welkom. Wij verkopen onze auto\u2019s voor een uitstekende prijs-kwaliteitsverhouding en wij bieden garantie op alle voertuigen. Kom langs of neem contact op voor vragen.\",\"breadcrumb\":{\"@id\":\"https:\\\/\\\/willemcars.com\\\/es\\\/duitse-autos\\\/#breadcrumb\"},\"inLanguage\":\"de\",\"potentialAction\":[{\"@type\":\"ReadAction\",\"target\":[\"https:\\\/\\\/willemcars.com\\\/es\\\/duitse-autos\\\/\"]}]},{\"@type\":\"BreadcrumbList\",\"@id\":\"https:\\\/\\\/willemcars.com\\\/es\\\/duitse-autos\\\/#breadcrumb\",\"itemListElement\":[{\"@type\":\"ListItem\",\"position\":1,\"name\":\"Home\",\"item\":\"https:\\\/\\\/willemcars.com\\\/\"},{\"@type\":\"ListItem\",\"position\":2,\"name\":\"Coches Alemanes\"}]},{\"@type\":\"WebSite\",\"@id\":\"https:\\\/\\\/willemcars.com\\\/#website\",\"url\":\"https:\\\/\\\/willemcars.com\\\/\",\"name\":\"Willem-Cars\",\"description\":\"\",\"potentialAction\":[{\"@type\":\"SearchAction\",\"target\":{\"@type\":\"EntryPoint\",\"urlTemplate\":\"https:\\\/\\\/willemcars.com\\\/?s={search_term_string}\"},\"query-input\":{\"@type\":\"PropertyValueSpecification\",\"valueRequired\":true,\"valueName\":\"search_term_string\"}}],\"inLanguage\":\"de\"}]}<\/script>\n<!-- \/ Yoast SEO plugin. -->","yoast_head_json":{"title":"Deutsche Autos - Willem-Cars","description":"(Nederlands) Willem Cars koopt alle merken Duitse auto\u2019s in. Uw Opel, Volkswagen, Audi, Mercedes, BMW of Ford is bij ons van harte welkom. Wij verkopen onze auto\u2019s voor een uitstekende prijs-kwaliteitsverhouding en wij bieden garantie op alle voertuigen. Kom langs of neem contact op voor vragen.","robots":{"index":"index","follow":"follow","max-snippet":"max-snippet:-1","max-image-preview":"max-image-preview:large","max-video-preview":"max-video-preview:-1"},"canonical":"https:\/\/willemcars.com\/es\/duitse-autos\/","og_locale":"de_DE","og_type":"article","og_title":"Deutsche Autos - Willem-Cars","og_description":"(Nederlands) Willem Cars koopt alle merken Duitse auto\u2019s in. Uw Opel, Volkswagen, Audi, Mercedes, BMW of Ford is bij ons van harte welkom. Wij verkopen onze auto\u2019s voor een uitstekende prijs-kwaliteitsverhouding en wij bieden garantie op alle voertuigen. Kom langs of neem contact op voor vragen.","og_url":"https:\/\/willemcars.com\/es\/duitse-autos\/","og_site_name":"Willem-Cars","article_modified_time":"2023-01-09T10:27:11+00:00","twitter_card":"summary_large_image","twitter_misc":{"Gesch\u00e4tzte Lesezeit":"2\u00a0Minuten"},"schema":{"@context":"https:\/\/schema.org","@graph":[{"@type":"WebPage","@id":"https:\/\/willemcars.com\/es\/duitse-autos\/","url":"https:\/\/willemcars.com\/es\/duitse-autos\/","name":"Deutsche Autos - Willem-Cars","isPartOf":{"@id":"https:\/\/willemcars.com\/#website"},"datePublished":"2015-12-04T15:15:44+00:00","dateModified":"2023-01-09T10:27:11+00:00","description":"(Nederlands) Willem Cars koopt alle merken Duitse auto\u2019s in. Uw Opel, Volkswagen, Audi, Mercedes, BMW of Ford is bij ons van harte welkom. Wij verkopen onze auto\u2019s voor een uitstekende prijs-kwaliteitsverhouding en wij bieden garantie op alle voertuigen. Kom langs of neem contact op voor vragen.","breadcrumb":{"@id":"https:\/\/willemcars.com\/es\/duitse-autos\/#breadcrumb"},"inLanguage":"de","potentialAction":[{"@type":"ReadAction","target":["https:\/\/willemcars.com\/es\/duitse-autos\/"]}]},{"@type":"BreadcrumbList","@id":"https:\/\/willemcars.com\/es\/duitse-autos\/#breadcrumb","itemListElement":[{"@type":"ListItem","position":1,"name":"Home","item":"https:\/\/willemcars.com\/"},{"@type":"ListItem","position":2,"name":"Coches Alemanes"}]},{"@type":"WebSite","@id":"https:\/\/willemcars.com\/#website","url":"https:\/\/willemcars.com\/","name":"Willem-Cars","description":"","potentialAction":[{"@type":"SearchAction","target":{"@type":"EntryPoint","urlTemplate":"https:\/\/willemcars.com\/?s={search_term_string}"},"query-input":{"@type":"PropertyValueSpecification","valueRequired":true,"valueName":"search_term_string"}}],"inLanguage":"de"}]}},"_links":{"self":[{"href":"https:\/\/willemcars.com\/de\/wp-json\/wp\/v2\/pages\/57","targetHints":{"allow":["GET"]}}],"collection":[{"href":"https:\/\/willemcars.com\/de\/wp-json\/wp\/v2\/pages"}],"about":[{"href":"https:\/\/willemcars.com\/de\/wp-json\/wp\/v2\/types\/page"}],"author":[{"embeddable":true,"href":"https:\/\/willemcars.com\/de\/wp-json\/wp\/v2\/users\/2"}],"replies":[{"embeddable":true,"href":"https:\/\/willemcars.com\/de\/wp-json\/wp\/v2\/comments?post=57"}],"version-history":[{"count":5,"href":"https:\/\/willemcars.com\/de\/wp-json\/wp\/v2\/pages\/57\/revisions"}],"predecessor-version":[{"id":5299,"href":"https:\/\/willemcars.com\/de\/wp-json\/wp\/v2\/pages\/57\/revisions\/5299"}],"wp:attachment":[{"href":"https:\/\/willemcars.com\/de\/wp-json\/wp\/v2\/media?parent=57"}],"curies":[{"name":"wp","href":"https:\/\/api.w.org\/{rel}","templated":true}]}}