{"id":53,"date":"2015-12-04T16:15:10","date_gmt":"2015-12-04T15:15:10","guid":{"rendered":"http:\/\/willemcars.com\/?page_id=53"},"modified":"2023-01-09T11:23:29","modified_gmt":"2023-01-09T10:23:29","slug":"2dehands-autos","status":"publish","type":"page","link":"https:\/\/willemcars.com\/de\/2dehands-autos\/","title":{"rendered":"Gebrauchtwagen kaufen"},"content":{"rendered":"<p><\/p>\n<h1><strong>Gebrauchtwagen<\/strong><strong> kaufen<\/strong><\/h1>\n<p>F\u00fcr hochwertige Gebrauchtwagen sind Sie bei Willem Cars in La Marina an der richtigen Adresse. Sie finden bei uns deutsche, franz\u00f6sische, italienische, japanische und koreanische Automarken. Wir bieten s\u00e4mtliche unserer Gebrauchtwagen mit einem ausgezeichneten Preis-Qualit\u00e4tsverh\u00e4ltnis an. Alle Fahrzeuge wurden auf M\u00e4ngel \u00fcberpr\u00fcft, sodass Sie garantiert sicher fahren k\u00f6nnen.<\/p>\n<p>&nbsp;<\/p>\n<p><strong>Gebrauchtwagen<\/strong><strong> Costa Blanca<\/strong><br \/>\nUnser Angebot an Gebrauchtwagen wechselt st\u00e4ndig. Um unser umfangreiches Fahrzeugsortiment zu besichtigen, k\u00f6nnen Sie am besten unseren Showroom in La Marina besuchen. Sie finden Willem Cars an der N332 zwischen Alicante und Cartagena, auf der H\u00f6he von Kilometerpfeiler 80. Wir sind auch gut aus den Orten der Umgebung erreichbar, wie La Mata, Rojales, Crevillent, Gran Alicant und La Zenia.<\/p>\n<p>&nbsp;<\/p>\n<p><strong>Ihr verl<\/strong><strong>\u00e4<\/strong><strong>sslicher Autoh<\/strong><strong>\u00e4<\/strong><strong>ndler<\/strong><br \/>\nWenn es um Gebrauchtwagen geht, besitzen spanische Autoh\u00e4ndler einen zweifelhaften Ruf. Wenn Sie auch noch eine Sprachbarriere \u00fcberwinden m\u00fcssen, ist die Chance h\u00f6her, dass Sie zu viel f\u00fcr Ihr Auto zahlen. Bei Willem Cars k\u00f6nnen Sie sich auf einen ehrlichen Preis und ein Fahrzeug mit guter Qualit\u00e4t verlassen. Wir bieten Ihnen eine Garantie auf s\u00e4mtliche unserer Gebrauchtwagen und selbstverst\u00e4ndlich stehen wir Ihnen in Niederl\u00e4ndisch zur Verf\u00fcgung.<\/p>\n<p>&nbsp;<\/p>\n<p><strong>Wir versichern Ihr Auto sofort<\/strong><br \/>\nObwohl in Spanien alles etwas anders funktioniert als in den Niederlanden, m\u00fcssen Sie Ihr Auto sofort versichern. Willem Cars assistiert Ihnen dabei gern. Wir erl\u00e4utern Ihnen auch gern, wie die Anmeldung Ihres Autos und die Steuern funktionieren. Wenn gew\u00fcnscht, regeln wir die NIE-Nummer f\u00fcr Sie und assistieren wir Ihnen bei der ITV-Pr\u00fcfung (dem spanischen T\u00dcV). Kurzum, Willem Cars bietet Ihnen einen Service, den andere Autoh\u00e4ndler in der Region nicht bieten k\u00f6nnen.<\/p>\n<p>&nbsp;<\/p>\n<p><strong>Kommen Sie bei Willem Cars vorbei<\/strong><br \/>\nBesuchen Sie unseren Showroom und sehen Sie sich unser Angebot an Gebrauchtwagen an. Der Kaffee wartet bereits auf Sie und unsere Mitarbeiter beantworten gern Ihre Fragen zum Kauf eines Gebrauchtwagens in Spanien. Willem Cars ist unter der Telefonnummer +34 965 419 508 oder per E-Mail: <a href=\"mailto:info@willemcars.com\">info@willemcars.com<\/a> erreichbar.<\/p>","protected":false},"excerpt":{"rendered":"<p>Gebrauchtwagen kaufen F\u00fcr hochwertige Gebrauchtwagen sind Sie bei Willem Cars in La Marina an der richtigen Adresse. Sie finden bei uns deutsche, franz\u00f6sische, italienische, japanische und koreanische Automarken. Wir bieten s\u00e4mtliche unserer Gebrauchtwagen mit einem ausgezeichneten Preis-Qualit\u00e4tsverh\u00e4ltnis an. Alle Fahrzeuge wurden auf M\u00e4ngel \u00fcberpr\u00fcft, sodass Sie garantiert sicher fahren k\u00f6nnen. &nbsp; Gebrauchtwagen Costa Blanca Unser [&hellip;]<\/p>\n","protected":false},"author":2,"featured_media":0,"parent":0,"menu_order":0,"comment_status":"closed","ping_status":"closed","template":"","meta":{"dwc-title":[""],"dwc-content":[""],"_exactmetrics_skip_tracking":false,"_exactmetrics_sitenote_active":false,"_exactmetrics_sitenote_note":"","_exactmetrics_sitenote_category":0,"footnotes":""},"class_list":["post-53","page","type-page","status-publish","hentry"],"yoast_head":"<!-- This site is optimized with the Yoast SEO plugin v27.4 - https:\/\/yoast.com\/product\/yoast-seo-wordpress\/ -->\n<title>Gebrauchtwagen kaufen - Willem-Cars<\/title>\n<meta name=\"robots\" content=\"index, follow, max-snippet:-1, max-image-preview:large, max-video-preview:-1\" \/>\n<link rel=\"canonical\" href=\"https:\/\/willemcars.com\/es\/2dehands-autos\/\" \/>\n<meta property=\"og:locale\" content=\"de_DE\" \/>\n<meta property=\"og:type\" content=\"article\" \/>\n<meta property=\"og:title\" content=\"Gebrauchtwagen kaufen - Willem-Cars\" \/>\n<meta property=\"og:description\" content=\"Gebrauchtwagen kaufen F\u00fcr hochwertige Gebrauchtwagen sind Sie bei Willem Cars in La Marina an der richtigen Adresse. Sie finden bei uns deutsche, franz\u00f6sische, italienische, japanische und koreanische Automarken. Wir bieten s\u00e4mtliche unserer Gebrauchtwagen mit einem ausgezeichneten Preis-Qualit\u00e4tsverh\u00e4ltnis an. Alle Fahrzeuge wurden auf M\u00e4ngel \u00fcberpr\u00fcft, sodass Sie garantiert sicher fahren k\u00f6nnen. &nbsp; Gebrauchtwagen Costa Blanca Unser [&hellip;]\" \/>\n<meta property=\"og:url\" content=\"https:\/\/willemcars.com\/es\/2dehands-autos\/\" \/>\n<meta property=\"og:site_name\" content=\"Willem-Cars\" \/>\n<meta property=\"article:modified_time\" content=\"2023-01-09T10:23:29+00:00\" \/>\n<meta name=\"twitter:card\" content=\"summary_large_image\" \/>\n<meta name=\"twitter:label1\" content=\"Gesch\u00e4tzte Lesezeit\" \/>\n\t<meta name=\"twitter:data1\" content=\"2\u00a0Minuten\" \/>\n<script type=\"application\/ld+json\" class=\"yoast-schema-graph\">{\"@context\":\"https:\\\/\\\/schema.org\",\"@graph\":[{\"@type\":\"WebPage\",\"@id\":\"https:\\\/\\\/willemcars.com\\\/es\\\/2dehands-autos\\\/\",\"url\":\"https:\\\/\\\/willemcars.com\\\/es\\\/2dehands-autos\\\/\",\"name\":\"Gebrauchtwagen kaufen - Willem-Cars\",\"isPartOf\":{\"@id\":\"https:\\\/\\\/willemcars.com\\\/#website\"},\"datePublished\":\"2015-12-04T15:15:10+00:00\",\"dateModified\":\"2023-01-09T10:23:29+00:00\",\"breadcrumb\":{\"@id\":\"https:\\\/\\\/willemcars.com\\\/es\\\/2dehands-autos\\\/#breadcrumb\"},\"inLanguage\":\"de\",\"potentialAction\":[{\"@type\":\"ReadAction\",\"target\":[\"https:\\\/\\\/willemcars.com\\\/es\\\/2dehands-autos\\\/\"]}]},{\"@type\":\"BreadcrumbList\",\"@id\":\"https:\\\/\\\/willemcars.com\\\/es\\\/2dehands-autos\\\/#breadcrumb\",\"itemListElement\":[{\"@type\":\"ListItem\",\"position\":1,\"name\":\"Home\",\"item\":\"https:\\\/\\\/willemcars.com\\\/\"},{\"@type\":\"ListItem\",\"position\":2,\"name\":\"Venta\"}]},{\"@type\":\"WebSite\",\"@id\":\"https:\\\/\\\/willemcars.com\\\/#website\",\"url\":\"https:\\\/\\\/willemcars.com\\\/\",\"name\":\"Willem-Cars\",\"description\":\"\",\"potentialAction\":[{\"@type\":\"SearchAction\",\"target\":{\"@type\":\"EntryPoint\",\"urlTemplate\":\"https:\\\/\\\/willemcars.com\\\/?s={search_term_string}\"},\"query-input\":{\"@type\":\"PropertyValueSpecification\",\"valueRequired\":true,\"valueName\":\"search_term_string\"}}],\"inLanguage\":\"de\"}]}<\/script>\n<!-- \/ Yoast SEO plugin. -->","yoast_head_json":{"title":"Gebrauchtwagen kaufen - Willem-Cars","robots":{"index":"index","follow":"follow","max-snippet":"max-snippet:-1","max-image-preview":"max-image-preview:large","max-video-preview":"max-video-preview:-1"},"canonical":"https:\/\/willemcars.com\/es\/2dehands-autos\/","og_locale":"de_DE","og_type":"article","og_title":"Gebrauchtwagen kaufen - Willem-Cars","og_description":"Gebrauchtwagen kaufen F\u00fcr hochwertige Gebrauchtwagen sind Sie bei Willem Cars in La Marina an der richtigen Adresse. Sie finden bei uns deutsche, franz\u00f6sische, italienische, japanische und koreanische Automarken. Wir bieten s\u00e4mtliche unserer Gebrauchtwagen mit einem ausgezeichneten Preis-Qualit\u00e4tsverh\u00e4ltnis an. Alle Fahrzeuge wurden auf M\u00e4ngel \u00fcberpr\u00fcft, sodass Sie garantiert sicher fahren k\u00f6nnen. &nbsp; Gebrauchtwagen Costa Blanca Unser [&hellip;]","og_url":"https:\/\/willemcars.com\/es\/2dehands-autos\/","og_site_name":"Willem-Cars","article_modified_time":"2023-01-09T10:23:29+00:00","twitter_card":"summary_large_image","twitter_misc":{"Gesch\u00e4tzte Lesezeit":"2\u00a0Minuten"},"schema":{"@context":"https:\/\/schema.org","@graph":[{"@type":"WebPage","@id":"https:\/\/willemcars.com\/es\/2dehands-autos\/","url":"https:\/\/willemcars.com\/es\/2dehands-autos\/","name":"Gebrauchtwagen kaufen - Willem-Cars","isPartOf":{"@id":"https:\/\/willemcars.com\/#website"},"datePublished":"2015-12-04T15:15:10+00:00","dateModified":"2023-01-09T10:23:29+00:00","breadcrumb":{"@id":"https:\/\/willemcars.com\/es\/2dehands-autos\/#breadcrumb"},"inLanguage":"de","potentialAction":[{"@type":"ReadAction","target":["https:\/\/willemcars.com\/es\/2dehands-autos\/"]}]},{"@type":"BreadcrumbList","@id":"https:\/\/willemcars.com\/es\/2dehands-autos\/#breadcrumb","itemListElement":[{"@type":"ListItem","position":1,"name":"Home","item":"https:\/\/willemcars.com\/"},{"@type":"ListItem","position":2,"name":"Venta"}]},{"@type":"WebSite","@id":"https:\/\/willemcars.com\/#website","url":"https:\/\/willemcars.com\/","name":"Willem-Cars","description":"","potentialAction":[{"@type":"SearchAction","target":{"@type":"EntryPoint","urlTemplate":"https:\/\/willemcars.com\/?s={search_term_string}"},"query-input":{"@type":"PropertyValueSpecification","valueRequired":true,"valueName":"search_term_string"}}],"inLanguage":"de"}]}},"_links":{"self":[{"href":"https:\/\/willemcars.com\/de\/wp-json\/wp\/v2\/pages\/53","targetHints":{"allow":["GET"]}}],"collection":[{"href":"https:\/\/willemcars.com\/de\/wp-json\/wp\/v2\/pages"}],"about":[{"href":"https:\/\/willemcars.com\/de\/wp-json\/wp\/v2\/types\/page"}],"author":[{"embeddable":true,"href":"https:\/\/willemcars.com\/de\/wp-json\/wp\/v2\/users\/2"}],"replies":[{"embeddable":true,"href":"https:\/\/willemcars.com\/de\/wp-json\/wp\/v2\/comments?post=53"}],"version-history":[{"count":5,"href":"https:\/\/willemcars.com\/de\/wp-json\/wp\/v2\/pages\/53\/revisions"}],"predecessor-version":[{"id":5297,"href":"https:\/\/willemcars.com\/de\/wp-json\/wp\/v2\/pages\/53\/revisions\/5297"}],"wp:attachment":[{"href":"https:\/\/willemcars.com\/de\/wp-json\/wp\/v2\/media?parent=53"}],"curies":[{"name":"wp","href":"https:\/\/api.w.org\/{rel}","templated":true}]}}