{"id":51,"date":"2015-12-04T16:14:38","date_gmt":"2015-12-04T15:14:38","guid":{"rendered":"http:\/\/willemcars.com\/?page_id=51"},"modified":"2023-01-09T11:31:14","modified_gmt":"2023-01-09T10:31:14","slug":"importeren","status":"publish","type":"page","link":"https:\/\/willemcars.com\/de\/importeren\/","title":{"rendered":"Importbetreuung"},"content":{"rendered":"<p><\/p>\n<h1><strong>Importbetreuung<\/strong><\/h1>\n<p>Willem Cars \u00fcbernimmt die Importbetreuung f\u00fcr Ihr Auto. Wir unterst\u00fctzen Sie unter anderem beim Import Ihres Autos aus den Niederlanden, Deutschland und Gro\u00dfbritannien nach Spanien. Willem Cars ist bereits seit mehr als 35 Jahren als Autoh\u00e4ndler an der Costa Blanca aktiv und wir unterst\u00fctzen Sie gern beim Abschluss von Versicherungen, der ITV-Pr\u00fcfung (vergleichbar mit der deutschen T\u00dcV-Pr\u00fcfung) und der Beantragung der NIE-Nummer.<\/p>\n<p><strong>Hilfe beim Autoimport<\/strong><strong> Spanien<\/strong><br \/>\nWillem Cars finden Sie in La Marina an der Costa Blanca. Sie finden Willem Cars an der N332 zwischen Alicante und Cartagena, auf der H\u00f6he von Kilometerpfeiler 80. Wir bieten Ihnen unter anderem Importunterst\u00fctzung f\u00fcr Kunden in Alicante, Torrevieja, Elx, La Marina, Guardamar und Santa Pola. Bei Willem Cars k\u00f6nnen Sie sich immer auf einen ausgezeichneten Service verlassen.<\/p>\n<p><strong>Autohandel Willem Cars<\/strong><br \/>\nStatt Ihr Auto zu importieren, k\u00f6nnen Sie sich auch dazu entscheiden, in Spanien einen Gebrauchtenwagen\u00a0zu kaufen. Bei Willem Cars finden Sie st\u00e4ndig gebrauchte Autos, Wohnmobile, Wohnwagen und Motorr\u00e4der. Wir verkaufen auch 7-Sitzer und englische Autos.<\/p>\n<p>Alle Fahrzeuge in unserem Sortiment wurden von unseren Monteuren gepr\u00fcft und entsprechen unseren strengen Qualit\u00e4tsanforderungen. Jedes Fahrzeug wird mit Garantie geliefert. Willem Cars ist Ihr verl\u00e4sslicher und an der Costa Blanca.<\/p>\n<p><strong>Besuchen Sie Willem Cars in <\/strong><strong>La Marina<\/strong><br \/>\nZweifeln Sie noch zwischen dem Import Ihres Autos oder dem Kauf eines gebrachten\u00a0Fahrzeugs in Spanien? Kommen Sie einfach in unserem Autohandel vorbei. Wir beraten Sie gern dazu, was wir Ihnen im Bereich Importbetreuung anbieten k\u00f6nnen. Sie k\u00f6nnen sofort unser Angebot an gebrauchten Autos besichtigen. Bei Willem Cars k\u00f6nnen Sie sich immer auf einen ehrlichen Preis und einen ausgezeichneten Service verlassen. Bei Fragen rufen Sie die folgende Telefonnummer +34 965 419 508 an oder schicken eine E-Mail an: <a href=\"mailto:info@willemcars.com\">info@willemcars.com<\/a>erreichbar. Wir sind gern f\u00fcr Sie da!<\/p>","protected":false},"excerpt":{"rendered":"<p>Importbetreuung Willem Cars \u00fcbernimmt die Importbetreuung f\u00fcr Ihr Auto. Wir unterst\u00fctzen Sie unter anderem beim Import Ihres Autos aus den Niederlanden, Deutschland und Gro\u00dfbritannien nach Spanien. Willem Cars ist bereits seit mehr als 35 Jahren als Autoh\u00e4ndler an der Costa Blanca aktiv und wir unterst\u00fctzen Sie gern beim Abschluss von Versicherungen, der ITV-Pr\u00fcfung (vergleichbar mit [&hellip;]<\/p>\n","protected":false},"author":2,"featured_media":0,"parent":0,"menu_order":0,"comment_status":"closed","ping_status":"closed","template":"","meta":{"dwc-title":[""],"dwc-content":[""],"_exactmetrics_skip_tracking":false,"_exactmetrics_sitenote_active":false,"_exactmetrics_sitenote_note":"","_exactmetrics_sitenote_category":0,"footnotes":""},"class_list":["post-51","page","type-page","status-publish","hentry"],"yoast_head":"<!-- This site is optimized with the Yoast SEO plugin v27.5 - https:\/\/yoast.com\/product\/yoast-seo-wordpress\/ -->\n<title>Importbetreuung - Willem-Cars<\/title>\n<meta name=\"description\" content=\"(Nederlands) Willem Cars verzorgt import begeleiding voor uw auto. Wij bieden onder meer hulp bij import auto\u2019s van Nederland, Duitsland en Groot-Brittanni\u00eb naar Spanje. Bij Willem Cars kunt u altijd rekenen op eerlijk advies en een vriendelijke service. Bij vragen kunt u ons natuurlijk ook bellen.\" \/>\n<meta name=\"robots\" content=\"index, follow, max-snippet:-1, max-image-preview:large, max-video-preview:-1\" \/>\n<link rel=\"canonical\" href=\"https:\/\/willemcars.com\/de\/importeren\/\" \/>\n<meta property=\"og:locale\" content=\"de_DE\" \/>\n<meta property=\"og:type\" content=\"article\" \/>\n<meta property=\"og:title\" content=\"Importbetreuung - Willem-Cars\" \/>\n<meta property=\"og:description\" content=\"(Nederlands) Willem Cars verzorgt import begeleiding voor uw auto. Wij bieden onder meer hulp bij import auto\u2019s van Nederland, Duitsland en Groot-Brittanni\u00eb naar Spanje. Bij Willem Cars kunt u altijd rekenen op eerlijk advies en een vriendelijke service. Bij vragen kunt u ons natuurlijk ook bellen.\" \/>\n<meta property=\"og:url\" content=\"https:\/\/willemcars.com\/de\/importeren\/\" \/>\n<meta property=\"og:site_name\" content=\"Willem-Cars\" \/>\n<meta property=\"article:modified_time\" content=\"2023-01-09T10:31:14+00:00\" \/>\n<meta name=\"twitter:card\" content=\"summary_large_image\" \/>\n<meta name=\"twitter:label1\" content=\"Gesch\u00e4tzte Lesezeit\" \/>\n\t<meta name=\"twitter:data1\" content=\"2\u00a0Minuten\" \/>\n<script type=\"application\/ld+json\" class=\"yoast-schema-graph\">{\"@context\":\"https:\\\/\\\/schema.org\",\"@graph\":[{\"@type\":\"WebPage\",\"@id\":\"https:\\\/\\\/willemcars.com\\\/de\\\/importeren\\\/\",\"url\":\"https:\\\/\\\/willemcars.com\\\/de\\\/importeren\\\/\",\"name\":\"Importbetreuung - Willem-Cars\",\"isPartOf\":{\"@id\":\"https:\\\/\\\/willemcars.com\\\/#website\"},\"datePublished\":\"2015-12-04T15:14:38+00:00\",\"dateModified\":\"2023-01-09T10:31:14+00:00\",\"description\":\"(Nederlands) Willem Cars verzorgt import begeleiding voor uw auto. Wij bieden onder meer hulp bij import auto\u2019s van Nederland, Duitsland en Groot-Brittanni\u00eb naar Spanje. Bij Willem Cars kunt u altijd rekenen op eerlijk advies en een vriendelijke service. Bij vragen kunt u ons natuurlijk ook bellen.\",\"breadcrumb\":{\"@id\":\"https:\\\/\\\/willemcars.com\\\/de\\\/importeren\\\/#breadcrumb\"},\"inLanguage\":\"de\",\"potentialAction\":[{\"@type\":\"ReadAction\",\"target\":[\"https:\\\/\\\/willemcars.com\\\/de\\\/importeren\\\/\"]}]},{\"@type\":\"BreadcrumbList\",\"@id\":\"https:\\\/\\\/willemcars.com\\\/de\\\/importeren\\\/#breadcrumb\",\"itemListElement\":[{\"@type\":\"ListItem\",\"position\":1,\"name\":\"Home\",\"item\":\"https:\\\/\\\/willemcars.com\\\/\"},{\"@type\":\"ListItem\",\"position\":2,\"name\":\"Importbetreuung\"}]},{\"@type\":\"WebSite\",\"@id\":\"https:\\\/\\\/willemcars.com\\\/#website\",\"url\":\"https:\\\/\\\/willemcars.com\\\/\",\"name\":\"Willem-Cars\",\"description\":\"\",\"potentialAction\":[{\"@type\":\"SearchAction\",\"target\":{\"@type\":\"EntryPoint\",\"urlTemplate\":\"https:\\\/\\\/willemcars.com\\\/?s={search_term_string}\"},\"query-input\":{\"@type\":\"PropertyValueSpecification\",\"valueRequired\":true,\"valueName\":\"search_term_string\"}}],\"inLanguage\":\"de\"}]}<\/script>\n<!-- \/ Yoast SEO plugin. -->","yoast_head_json":{"title":"Importbetreuung - Willem-Cars","description":"(Nederlands) Willem Cars verzorgt import begeleiding voor uw auto. Wij bieden onder meer hulp bij import auto\u2019s van Nederland, Duitsland en Groot-Brittanni\u00eb naar Spanje. Bij Willem Cars kunt u altijd rekenen op eerlijk advies en een vriendelijke service. Bij vragen kunt u ons natuurlijk ook bellen.","robots":{"index":"index","follow":"follow","max-snippet":"max-snippet:-1","max-image-preview":"max-image-preview:large","max-video-preview":"max-video-preview:-1"},"canonical":"https:\/\/willemcars.com\/de\/importeren\/","og_locale":"de_DE","og_type":"article","og_title":"Importbetreuung - Willem-Cars","og_description":"(Nederlands) Willem Cars verzorgt import begeleiding voor uw auto. Wij bieden onder meer hulp bij import auto\u2019s van Nederland, Duitsland en Groot-Brittanni\u00eb naar Spanje. Bij Willem Cars kunt u altijd rekenen op eerlijk advies en een vriendelijke service. Bij vragen kunt u ons natuurlijk ook bellen.","og_url":"https:\/\/willemcars.com\/de\/importeren\/","og_site_name":"Willem-Cars","article_modified_time":"2023-01-09T10:31:14+00:00","twitter_card":"summary_large_image","twitter_misc":{"Gesch\u00e4tzte Lesezeit":"2\u00a0Minuten"},"schema":{"@context":"https:\/\/schema.org","@graph":[{"@type":"WebPage","@id":"https:\/\/willemcars.com\/de\/importeren\/","url":"https:\/\/willemcars.com\/de\/importeren\/","name":"Importbetreuung - Willem-Cars","isPartOf":{"@id":"https:\/\/willemcars.com\/#website"},"datePublished":"2015-12-04T15:14:38+00:00","dateModified":"2023-01-09T10:31:14+00:00","description":"(Nederlands) Willem Cars verzorgt import begeleiding voor uw auto. Wij bieden onder meer hulp bij import auto\u2019s van Nederland, Duitsland en Groot-Brittanni\u00eb naar Spanje. Bij Willem Cars kunt u altijd rekenen op eerlijk advies en een vriendelijke service. Bij vragen kunt u ons natuurlijk ook bellen.","breadcrumb":{"@id":"https:\/\/willemcars.com\/de\/importeren\/#breadcrumb"},"inLanguage":"de","potentialAction":[{"@type":"ReadAction","target":["https:\/\/willemcars.com\/de\/importeren\/"]}]},{"@type":"BreadcrumbList","@id":"https:\/\/willemcars.com\/de\/importeren\/#breadcrumb","itemListElement":[{"@type":"ListItem","position":1,"name":"Home","item":"https:\/\/willemcars.com\/"},{"@type":"ListItem","position":2,"name":"Importbetreuung"}]},{"@type":"WebSite","@id":"https:\/\/willemcars.com\/#website","url":"https:\/\/willemcars.com\/","name":"Willem-Cars","description":"","potentialAction":[{"@type":"SearchAction","target":{"@type":"EntryPoint","urlTemplate":"https:\/\/willemcars.com\/?s={search_term_string}"},"query-input":{"@type":"PropertyValueSpecification","valueRequired":true,"valueName":"search_term_string"}}],"inLanguage":"de"}]}},"_links":{"self":[{"href":"https:\/\/willemcars.com\/de\/wp-json\/wp\/v2\/pages\/51","targetHints":{"allow":["GET"]}}],"collection":[{"href":"https:\/\/willemcars.com\/de\/wp-json\/wp\/v2\/pages"}],"about":[{"href":"https:\/\/willemcars.com\/de\/wp-json\/wp\/v2\/types\/page"}],"author":[{"embeddable":true,"href":"https:\/\/willemcars.com\/de\/wp-json\/wp\/v2\/users\/2"}],"replies":[{"embeddable":true,"href":"https:\/\/willemcars.com\/de\/wp-json\/wp\/v2\/comments?post=51"}],"version-history":[{"count":5,"href":"https:\/\/willemcars.com\/de\/wp-json\/wp\/v2\/pages\/51\/revisions"}],"predecessor-version":[{"id":5302,"href":"https:\/\/willemcars.com\/de\/wp-json\/wp\/v2\/pages\/51\/revisions\/5302"}],"wp:attachment":[{"href":"https:\/\/willemcars.com\/de\/wp-json\/wp\/v2\/media?parent=51"}],"curies":[{"name":"wp","href":"https:\/\/api.w.org\/{rel}","templated":true}]}}