{"id":47,"date":"2015-12-04T16:13:44","date_gmt":"2015-12-04T15:13:44","guid":{"rendered":"http:\/\/willemcars.com\/?page_id=47"},"modified":"2023-01-09T11:31:58","modified_gmt":"2023-01-09T10:31:58","slug":"inkoop","status":"publish","type":"page","link":"https:\/\/willemcars.com\/de\/inkoop\/","title":{"rendered":"Ankauf"},"content":{"rendered":"<p><\/p>\n<h1><strong>Ankauf Gebrauchtwagen<\/strong><\/h1>\n<p>Willem Cars in La Marina bietet den Ankauf von Gebrauchtwagen. Sie k\u00f6nnen zu uns kommen mit Gebrauchtwagen aller Marken, 7-Sitzern, englischen Autos, Wohnmobilen, Wohnwagen und Motorr\u00e4dern. Willem Cars ist bereits seit mehr als 35 Jahren als Autoh\u00e4ndler an der Costa Blanca aktiv. Wir bieten Ihnen immer einen ehrlichen Preis f\u00fcr Ihren Gebrauchtwagen. Wir beseitigen eventuelle M\u00e4ngel und verkaufen das Fahrzeug anschlie\u00dfend mit Garantie.<\/p>\n<p><strong>Autoh\u00e4ndler Costa Blanca<\/strong><br \/>\nM\u00f6chten Sie Ihren Gebrauchtwagen, Wohnmobil, Wohwagen oder Motorrad verkaufen? Kommen Sie einfach zu Willem Cars. Sie finden Willem Cars an der N332 zwischen Alicante und Cartagena, auf der H\u00f6he von Kilometerpfeiler 80. Willem Cars ist auch aus anderen Orten an der Costa Blanca gut erreichbar, darunter Alicante, Torrevieja, Elx, La Marina, Guardamar und Santa Pola.<\/p>\n<p><strong>Ankauf<\/strong><strong> aller Marken<\/strong><br \/>\nWir kaufen Gebrauchtwagen aller Marken an. Wir kaufen auch Ihre 7-Sitzer und englischen Autos. Wir k\u00f6nnen uns gut vorstellen, dass Sie beim Verkauf Ihres Autos im Ausland Bedenken haben. Vor allem in Spanien haben viele Autoh\u00e4ndler einen schlechten Ruf. Bei Willem Cars k\u00f6nnen Sie sich auf einen ehrlichen Preis und einen ausgezeichneten Service verlassen. Unsere Monteure schauen sich das Auto an und bieten Ihnen einen ehrlichen Preis.<\/p>\n<p><strong>Brauchen Sie ein gebrachtenwagen\u00a0Auto?<\/strong><br \/>\nWenn Sie gleichzeitig ein gebrauchtes Auto suchen, sind Sie bei uns an der richtigen Adresse. Wir verkaufen Autos, Wohnmobile, Wohnwagen und Motorr\u00e4der mit Garantie. Wenn Sie bei uns ein Auto kaufen, regeln wir wenn gew\u00fcnscht die Versicherung, sodass Sie direkt losfahren k\u00f6nnen. Wir helfen Ihnen auch gern bei der ITV-Pr\u00fcfung (der spanischen T\u00dcV-Pr\u00fcfung) und der Beantragung einer NIE-Nummer.<\/p>\n<p><strong>Termin vereinbaren<\/strong><br \/>\nSie k\u00f6nnen einfach in unserer Werkstatt in La Marina vorbeikommen, eine Terminvereinbarung ist ebenfalls m\u00f6glich. Wir sind unter der Telefonnummer +34 965 419 508 oder per E-Mail: <a href=\"mailto:info@willemcars.com\">info@willemcars.com<\/a>erreichbar.<\/p>","protected":false},"excerpt":{"rendered":"<p>Ankauf Gebrauchtwagen Willem Cars in La Marina bietet den Ankauf von Gebrauchtwagen. Sie k\u00f6nnen zu uns kommen mit Gebrauchtwagen aller Marken, 7-Sitzern, englischen Autos, Wohnmobilen, Wohnwagen und Motorr\u00e4dern. Willem Cars ist bereits seit mehr als 35 Jahren als Autoh\u00e4ndler an der Costa Blanca aktiv. Wir bieten Ihnen immer einen ehrlichen Preis f\u00fcr Ihren Gebrauchtwagen. Wir [&hellip;]<\/p>\n","protected":false},"author":2,"featured_media":0,"parent":0,"menu_order":0,"comment_status":"closed","ping_status":"closed","template":"","meta":{"dwc-title":[""],"dwc-content":[""],"_exactmetrics_skip_tracking":false,"_exactmetrics_sitenote_active":false,"_exactmetrics_sitenote_note":"","_exactmetrics_sitenote_category":0,"footnotes":""},"class_list":["post-47","page","type-page","status-publish","hentry"],"yoast_head":"<!-- This site is optimized with the Yoast SEO plugin v27.5 - https:\/\/yoast.com\/product\/yoast-seo-wordpress\/ -->\n<title>Ankauf - Willem-Cars<\/title>\n<meta name=\"description\" content=\"(Nederlands) Willem Cars in La Marina biedt inkoop van tweedehands auto\u2019s. Wij bieden altijd een eerlijke prijs voor uw occasion. Wij knappen het voertuig op en wij verkopen het vervolgens met garantie. U kunt gewoon langskomen in onze garage in La Marina, maar een afspraak maken is ook mogelijk.\" \/>\n<meta name=\"robots\" content=\"index, follow, max-snippet:-1, max-image-preview:large, max-video-preview:-1\" \/>\n<link rel=\"canonical\" href=\"https:\/\/willemcars.com\/es\/inkoop\/\" \/>\n<meta property=\"og:locale\" content=\"de_DE\" \/>\n<meta property=\"og:type\" content=\"article\" \/>\n<meta property=\"og:title\" content=\"Ankauf - Willem-Cars\" \/>\n<meta property=\"og:description\" content=\"(Nederlands) Willem Cars in La Marina biedt inkoop van tweedehands auto\u2019s. Wij bieden altijd een eerlijke prijs voor uw occasion. Wij knappen het voertuig op en wij verkopen het vervolgens met garantie. U kunt gewoon langskomen in onze garage in La Marina, maar een afspraak maken is ook mogelijk.\" \/>\n<meta property=\"og:url\" content=\"https:\/\/willemcars.com\/es\/inkoop\/\" \/>\n<meta property=\"og:site_name\" content=\"Willem-Cars\" \/>\n<meta property=\"article:modified_time\" content=\"2023-01-09T10:31:58+00:00\" \/>\n<meta name=\"twitter:card\" content=\"summary_large_image\" \/>\n<meta name=\"twitter:label1\" content=\"Gesch\u00e4tzte Lesezeit\" \/>\n\t<meta name=\"twitter:data1\" content=\"2\u00a0Minuten\" \/>\n<script type=\"application\/ld+json\" class=\"yoast-schema-graph\">{\"@context\":\"https:\\\/\\\/schema.org\",\"@graph\":[{\"@type\":\"WebPage\",\"@id\":\"https:\\\/\\\/willemcars.com\\\/es\\\/inkoop\\\/\",\"url\":\"https:\\\/\\\/willemcars.com\\\/es\\\/inkoop\\\/\",\"name\":\"Ankauf - Willem-Cars\",\"isPartOf\":{\"@id\":\"https:\\\/\\\/willemcars.com\\\/#website\"},\"datePublished\":\"2015-12-04T15:13:44+00:00\",\"dateModified\":\"2023-01-09T10:31:58+00:00\",\"description\":\"(Nederlands) Willem Cars in La Marina biedt inkoop van tweedehands auto\u2019s. Wij bieden altijd een eerlijke prijs voor uw occasion. Wij knappen het voertuig op en wij verkopen het vervolgens met garantie. U kunt gewoon langskomen in onze garage in La Marina, maar een afspraak maken is ook mogelijk.\",\"breadcrumb\":{\"@id\":\"https:\\\/\\\/willemcars.com\\\/es\\\/inkoop\\\/#breadcrumb\"},\"inLanguage\":\"de\",\"potentialAction\":[{\"@type\":\"ReadAction\",\"target\":[\"https:\\\/\\\/willemcars.com\\\/es\\\/inkoop\\\/\"]}]},{\"@type\":\"BreadcrumbList\",\"@id\":\"https:\\\/\\\/willemcars.com\\\/es\\\/inkoop\\\/#breadcrumb\",\"itemListElement\":[{\"@type\":\"ListItem\",\"position\":1,\"name\":\"Home\",\"item\":\"https:\\\/\\\/willemcars.com\\\/\"},{\"@type\":\"ListItem\",\"position\":2,\"name\":\"Comprar un coche de segunda mano\"}]},{\"@type\":\"WebSite\",\"@id\":\"https:\\\/\\\/willemcars.com\\\/#website\",\"url\":\"https:\\\/\\\/willemcars.com\\\/\",\"name\":\"Willem-Cars\",\"description\":\"\",\"potentialAction\":[{\"@type\":\"SearchAction\",\"target\":{\"@type\":\"EntryPoint\",\"urlTemplate\":\"https:\\\/\\\/willemcars.com\\\/?s={search_term_string}\"},\"query-input\":{\"@type\":\"PropertyValueSpecification\",\"valueRequired\":true,\"valueName\":\"search_term_string\"}}],\"inLanguage\":\"de\"}]}<\/script>\n<!-- \/ Yoast SEO plugin. -->","yoast_head_json":{"title":"Ankauf - Willem-Cars","description":"(Nederlands) Willem Cars in La Marina biedt inkoop van tweedehands auto\u2019s. Wij bieden altijd een eerlijke prijs voor uw occasion. Wij knappen het voertuig op en wij verkopen het vervolgens met garantie. U kunt gewoon langskomen in onze garage in La Marina, maar een afspraak maken is ook mogelijk.","robots":{"index":"index","follow":"follow","max-snippet":"max-snippet:-1","max-image-preview":"max-image-preview:large","max-video-preview":"max-video-preview:-1"},"canonical":"https:\/\/willemcars.com\/es\/inkoop\/","og_locale":"de_DE","og_type":"article","og_title":"Ankauf - Willem-Cars","og_description":"(Nederlands) Willem Cars in La Marina biedt inkoop van tweedehands auto\u2019s. Wij bieden altijd een eerlijke prijs voor uw occasion. Wij knappen het voertuig op en wij verkopen het vervolgens met garantie. U kunt gewoon langskomen in onze garage in La Marina, maar een afspraak maken is ook mogelijk.","og_url":"https:\/\/willemcars.com\/es\/inkoop\/","og_site_name":"Willem-Cars","article_modified_time":"2023-01-09T10:31:58+00:00","twitter_card":"summary_large_image","twitter_misc":{"Gesch\u00e4tzte Lesezeit":"2\u00a0Minuten"},"schema":{"@context":"https:\/\/schema.org","@graph":[{"@type":"WebPage","@id":"https:\/\/willemcars.com\/es\/inkoop\/","url":"https:\/\/willemcars.com\/es\/inkoop\/","name":"Ankauf - Willem-Cars","isPartOf":{"@id":"https:\/\/willemcars.com\/#website"},"datePublished":"2015-12-04T15:13:44+00:00","dateModified":"2023-01-09T10:31:58+00:00","description":"(Nederlands) Willem Cars in La Marina biedt inkoop van tweedehands auto\u2019s. Wij bieden altijd een eerlijke prijs voor uw occasion. Wij knappen het voertuig op en wij verkopen het vervolgens met garantie. U kunt gewoon langskomen in onze garage in La Marina, maar een afspraak maken is ook mogelijk.","breadcrumb":{"@id":"https:\/\/willemcars.com\/es\/inkoop\/#breadcrumb"},"inLanguage":"de","potentialAction":[{"@type":"ReadAction","target":["https:\/\/willemcars.com\/es\/inkoop\/"]}]},{"@type":"BreadcrumbList","@id":"https:\/\/willemcars.com\/es\/inkoop\/#breadcrumb","itemListElement":[{"@type":"ListItem","position":1,"name":"Home","item":"https:\/\/willemcars.com\/"},{"@type":"ListItem","position":2,"name":"Comprar un coche de segunda mano"}]},{"@type":"WebSite","@id":"https:\/\/willemcars.com\/#website","url":"https:\/\/willemcars.com\/","name":"Willem-Cars","description":"","potentialAction":[{"@type":"SearchAction","target":{"@type":"EntryPoint","urlTemplate":"https:\/\/willemcars.com\/?s={search_term_string}"},"query-input":{"@type":"PropertyValueSpecification","valueRequired":true,"valueName":"search_term_string"}}],"inLanguage":"de"}]}},"_links":{"self":[{"href":"https:\/\/willemcars.com\/de\/wp-json\/wp\/v2\/pages\/47","targetHints":{"allow":["GET"]}}],"collection":[{"href":"https:\/\/willemcars.com\/de\/wp-json\/wp\/v2\/pages"}],"about":[{"href":"https:\/\/willemcars.com\/de\/wp-json\/wp\/v2\/types\/page"}],"author":[{"embeddable":true,"href":"https:\/\/willemcars.com\/de\/wp-json\/wp\/v2\/users\/2"}],"replies":[{"embeddable":true,"href":"https:\/\/willemcars.com\/de\/wp-json\/wp\/v2\/comments?post=47"}],"version-history":[{"count":5,"href":"https:\/\/willemcars.com\/de\/wp-json\/wp\/v2\/pages\/47\/revisions"}],"predecessor-version":[{"id":5303,"href":"https:\/\/willemcars.com\/de\/wp-json\/wp\/v2\/pages\/47\/revisions\/5303"}],"wp:attachment":[{"href":"https:\/\/willemcars.com\/de\/wp-json\/wp\/v2\/media?parent=47"}],"curies":[{"name":"wp","href":"https:\/\/api.w.org\/{rel}","templated":true}]}}