{"id":45,"date":"2015-12-04T16:13:21","date_gmt":"2015-12-04T15:13:21","guid":{"rendered":"http:\/\/willemcars.com\/?page_id=45"},"modified":"2023-01-09T11:46:20","modified_gmt":"2023-01-09T10:46:20","slug":"verkoop","status":"publish","type":"page","link":"https:\/\/willemcars.com\/de\/verkoop\/","title":{"rendered":"Verkauf"},"content":{"rendered":"<p><\/p>\n<h1><strong>Verkauf<\/strong><strong> neuer und <\/strong><strong>gebrauchter Autos<\/strong><\/h1>\n<p>Willem Cars in La Marina verkauft nur Autos mit Garantie guter Qualit\u00e4t. Sie k\u00f6nnen bei uns Neu- und Gebrauchtwagen finden. Wir verkaufen auch neue und gebrauchte 7-Sitzer, englische Autos, Wohnmobile, Wohnwagen und Motorr\u00e4der. Willem Cars ist ein verl\u00e4sslicher Autoh\u00e4ndler mit einem ausgezeichneten Ruf, auch wenn es um Gebrauchtwagen geht. Bei uns finden Sie immer das Auto, das Sie suchen.<\/p>\n<p>&nbsp;<\/p>\n<p><strong>Gebrauchtwagen Costa Blanca<\/strong><br \/>\nSchauen Sie sich das Angebot an Gebrauchtwagenin unserem Showroom in La Marina an. Wir erhalten jeden Tag neue und gebrauchte Autos. Willem Cars mit Sitz an der N332 zwischen Cartagena und Alicante auf H\u00f6he des Kilometerpfeilers 80. Wri sind auch gut aus anderen Orten an der Costa Blanca gut erreichbar, darunter Torrevieja, Elx, La Marina, Guardamar und Santa Pol erreichbar.<\/p>\n<p>&nbsp;<\/p>\n<p><strong>Immer <\/strong><strong>Autos<\/strong><strong> mit <\/strong><strong>Garantie<\/strong><br \/>\nWillem Cars bietet Garantie auf alle Autos, 7-Sitzer, englischen Autos, Wohnmobile, Wohnwagen und Motorr\u00e4dern. Unsere Monteure pr\u00fcfen die Gebrauchtwagen zuerst auf M\u00e4ngel. Wenn n\u00f6tig, \u00fcbernehmen wir die Reparaturen. Viele spanische Autoh\u00e4ndler haben einen zweifelhaften Ruf. Bei Willem Cars k\u00f6nnen Sie sich jedoch eines ordentlichen Gebrauchtwagens zum ehrlichen Preis sicher sein.<\/p>\n<p>&nbsp;<\/p>\n<p><strong>Ihre Versicherung sofort abschlie\u00dfen<\/strong><br \/>\nDer Kauf eines gebrauchten Autos in Spanien ist etwas anders als in den Niederlanden. Wir erl\u00e4utern Ihnen gern, wie es funktioniert. Wir sind unter anderem in der Lage, sofort eine Autoversicherung f\u00fcr Sie abzuschlie\u00dfen, sodass sie sofort versichert losfahren k\u00f6nnen. Wir helfen Ihnen auch gern bei der ITV-Pr\u00fcfung (der spanischen T\u00dcV-Pr\u00fcfung) und der Beantragung einer NIE-Nummer. Willem Cars bietet Ihnen etwas mehr als andere Autoh\u00e4ndler.<\/p>\n<p>&nbsp;<\/p>\n<p><strong>Haben Sie Fragen?<\/strong><br \/>\nWir begr\u00fc\u00dfen Sie gern in unserem Showroom in La Marina. Der Kaffee wartet bereits auf Sie. Sie k\u00f6nnen uns auch anrufen. Willem Cars ist unter der Telefonnummer +34 965 419 508 oder per E-Mail: <a href=\"mailto:info@willemcars.com\">info@willemcars.com<\/a> erreichbar.<\/p>","protected":false},"excerpt":{"rendered":"<p>Verkauf neuer und gebrauchter Autos Willem Cars in La Marina verkauft nur Autos mit Garantie guter Qualit\u00e4t. Sie k\u00f6nnen bei uns Neu- und Gebrauchtwagen finden. Wir verkaufen auch neue und gebrauchte 7-Sitzer, englische Autos, Wohnmobile, Wohnwagen und Motorr\u00e4der. Willem Cars ist ein verl\u00e4sslicher Autoh\u00e4ndler mit einem ausgezeichneten Ruf, auch wenn es um Gebrauchtwagen geht. Bei [&hellip;]<\/p>\n","protected":false},"author":2,"featured_media":0,"parent":0,"menu_order":0,"comment_status":"closed","ping_status":"closed","template":"","meta":{"dwc-title":[""],"dwc-content":[""],"_exactmetrics_skip_tracking":false,"_exactmetrics_sitenote_active":false,"_exactmetrics_sitenote_note":"","_exactmetrics_sitenote_category":0,"footnotes":""},"class_list":["post-45","page","type-page","status-publish","hentry"],"yoast_head":"<!-- This site is optimized with the Yoast SEO plugin v27.5 - https:\/\/yoast.com\/product\/yoast-seo-wordpress\/ -->\n<title>Verkauf - Willem-Cars<\/title>\n<meta name=\"robots\" content=\"index, follow, max-snippet:-1, max-image-preview:large, max-video-preview:-1\" \/>\n<link rel=\"canonical\" href=\"https:\/\/willemcars.com\/es\/verkoop\/\" \/>\n<meta property=\"og:locale\" content=\"de_DE\" \/>\n<meta property=\"og:type\" content=\"article\" \/>\n<meta property=\"og:title\" content=\"Verkauf - Willem-Cars\" \/>\n<meta property=\"og:description\" content=\"Verkauf neuer und gebrauchter Autos Willem Cars in La Marina verkauft nur Autos mit Garantie guter Qualit\u00e4t. Sie k\u00f6nnen bei uns Neu- und Gebrauchtwagen finden. Wir verkaufen auch neue und gebrauchte 7-Sitzer, englische Autos, Wohnmobile, Wohnwagen und Motorr\u00e4der. Willem Cars ist ein verl\u00e4sslicher Autoh\u00e4ndler mit einem ausgezeichneten Ruf, auch wenn es um Gebrauchtwagen geht. Bei [&hellip;]\" \/>\n<meta property=\"og:url\" content=\"https:\/\/willemcars.com\/es\/verkoop\/\" \/>\n<meta property=\"og:site_name\" content=\"Willem-Cars\" \/>\n<meta property=\"article:modified_time\" content=\"2023-01-09T10:46:20+00:00\" \/>\n<meta name=\"twitter:card\" content=\"summary_large_image\" \/>\n<meta name=\"twitter:label1\" content=\"Gesch\u00e4tzte Lesezeit\" \/>\n\t<meta name=\"twitter:data1\" content=\"2\u00a0Minuten\" \/>\n<script type=\"application\/ld+json\" class=\"yoast-schema-graph\">{\"@context\":\"https:\\\/\\\/schema.org\",\"@graph\":[{\"@type\":\"WebPage\",\"@id\":\"https:\\\/\\\/willemcars.com\\\/es\\\/verkoop\\\/\",\"url\":\"https:\\\/\\\/willemcars.com\\\/es\\\/verkoop\\\/\",\"name\":\"Verkauf - Willem-Cars\",\"isPartOf\":{\"@id\":\"https:\\\/\\\/willemcars.com\\\/#website\"},\"datePublished\":\"2015-12-04T15:13:21+00:00\",\"dateModified\":\"2023-01-09T10:46:20+00:00\",\"breadcrumb\":{\"@id\":\"https:\\\/\\\/willemcars.com\\\/es\\\/verkoop\\\/#breadcrumb\"},\"inLanguage\":\"de\",\"potentialAction\":[{\"@type\":\"ReadAction\",\"target\":[\"https:\\\/\\\/willemcars.com\\\/es\\\/verkoop\\\/\"]}]},{\"@type\":\"BreadcrumbList\",\"@id\":\"https:\\\/\\\/willemcars.com\\\/es\\\/verkoop\\\/#breadcrumb\",\"itemListElement\":[{\"@type\":\"ListItem\",\"position\":1,\"name\":\"Home\",\"item\":\"https:\\\/\\\/willemcars.com\\\/\"},{\"@type\":\"ListItem\",\"position\":2,\"name\":\"Venta coches de segunda mano\"}]},{\"@type\":\"WebSite\",\"@id\":\"https:\\\/\\\/willemcars.com\\\/#website\",\"url\":\"https:\\\/\\\/willemcars.com\\\/\",\"name\":\"Willem-Cars\",\"description\":\"\",\"potentialAction\":[{\"@type\":\"SearchAction\",\"target\":{\"@type\":\"EntryPoint\",\"urlTemplate\":\"https:\\\/\\\/willemcars.com\\\/?s={search_term_string}\"},\"query-input\":{\"@type\":\"PropertyValueSpecification\",\"valueRequired\":true,\"valueName\":\"search_term_string\"}}],\"inLanguage\":\"de\"}]}<\/script>\n<!-- \/ Yoast SEO plugin. -->","yoast_head_json":{"title":"Verkauf - Willem-Cars","robots":{"index":"index","follow":"follow","max-snippet":"max-snippet:-1","max-image-preview":"max-image-preview:large","max-video-preview":"max-video-preview:-1"},"canonical":"https:\/\/willemcars.com\/es\/verkoop\/","og_locale":"de_DE","og_type":"article","og_title":"Verkauf - Willem-Cars","og_description":"Verkauf neuer und gebrauchter Autos Willem Cars in La Marina verkauft nur Autos mit Garantie guter Qualit\u00e4t. Sie k\u00f6nnen bei uns Neu- und Gebrauchtwagen finden. Wir verkaufen auch neue und gebrauchte 7-Sitzer, englische Autos, Wohnmobile, Wohnwagen und Motorr\u00e4der. Willem Cars ist ein verl\u00e4sslicher Autoh\u00e4ndler mit einem ausgezeichneten Ruf, auch wenn es um Gebrauchtwagen geht. Bei [&hellip;]","og_url":"https:\/\/willemcars.com\/es\/verkoop\/","og_site_name":"Willem-Cars","article_modified_time":"2023-01-09T10:46:20+00:00","twitter_card":"summary_large_image","twitter_misc":{"Gesch\u00e4tzte Lesezeit":"2\u00a0Minuten"},"schema":{"@context":"https:\/\/schema.org","@graph":[{"@type":"WebPage","@id":"https:\/\/willemcars.com\/es\/verkoop\/","url":"https:\/\/willemcars.com\/es\/verkoop\/","name":"Verkauf - Willem-Cars","isPartOf":{"@id":"https:\/\/willemcars.com\/#website"},"datePublished":"2015-12-04T15:13:21+00:00","dateModified":"2023-01-09T10:46:20+00:00","breadcrumb":{"@id":"https:\/\/willemcars.com\/es\/verkoop\/#breadcrumb"},"inLanguage":"de","potentialAction":[{"@type":"ReadAction","target":["https:\/\/willemcars.com\/es\/verkoop\/"]}]},{"@type":"BreadcrumbList","@id":"https:\/\/willemcars.com\/es\/verkoop\/#breadcrumb","itemListElement":[{"@type":"ListItem","position":1,"name":"Home","item":"https:\/\/willemcars.com\/"},{"@type":"ListItem","position":2,"name":"Venta coches de segunda mano"}]},{"@type":"WebSite","@id":"https:\/\/willemcars.com\/#website","url":"https:\/\/willemcars.com\/","name":"Willem-Cars","description":"","potentialAction":[{"@type":"SearchAction","target":{"@type":"EntryPoint","urlTemplate":"https:\/\/willemcars.com\/?s={search_term_string}"},"query-input":{"@type":"PropertyValueSpecification","valueRequired":true,"valueName":"search_term_string"}}],"inLanguage":"de"}]}},"_links":{"self":[{"href":"https:\/\/willemcars.com\/de\/wp-json\/wp\/v2\/pages\/45","targetHints":{"allow":["GET"]}}],"collection":[{"href":"https:\/\/willemcars.com\/de\/wp-json\/wp\/v2\/pages"}],"about":[{"href":"https:\/\/willemcars.com\/de\/wp-json\/wp\/v2\/types\/page"}],"author":[{"embeddable":true,"href":"https:\/\/willemcars.com\/de\/wp-json\/wp\/v2\/users\/2"}],"replies":[{"embeddable":true,"href":"https:\/\/willemcars.com\/de\/wp-json\/wp\/v2\/comments?post=45"}],"version-history":[{"count":5,"href":"https:\/\/willemcars.com\/de\/wp-json\/wp\/v2\/pages\/45\/revisions"}],"predecessor-version":[{"id":5310,"href":"https:\/\/willemcars.com\/de\/wp-json\/wp\/v2\/pages\/45\/revisions\/5310"}],"wp:attachment":[{"href":"https:\/\/willemcars.com\/de\/wp-json\/wp\/v2\/media?parent=45"}],"curies":[{"name":"wp","href":"https:\/\/api.w.org\/{rel}","templated":true}]}}