{"id":15,"date":"2015-11-18T13:56:24","date_gmt":"2015-11-18T12:56:24","guid":{"rendered":"http:\/\/localhost\/willemcars\/?page_id=15"},"modified":"2023-01-09T11:26:19","modified_gmt":"2023-01-09T10:26:19","slug":"verzekeringen-en-itv","status":"publish","type":"page","link":"https:\/\/willemcars.com\/de\/verzekeringen-en-itv\/","title":{"rendered":"Autoversicherung"},"content":{"rendered":"<p><\/p>\n<h1><strong>Autoversicherung<\/strong><\/h1>\n<p>Wenn Sie in Spanien ein Auto kaufen, wollen Sie nat\u00fcrlich gut versichert sein. Willem Cars ist Spezialist im Bereich Autoversicherungen. Wenn Sie bei uns einen Neu- oder Gebrauchtwagen kaufen, sorgen wir daf\u00fcr, dass Sie ab sofort versichert sind: Sie k\u00f6nnen sofort losfahren. Willem Cars bietet die Auswahl aus verschiedenen Autoversicherungen.<\/p>\n<p><strong>Spezialist im Bereich Autoversicherungen<\/strong><br \/>\nWillem Cars hat an der Costa Blanca einen ausgezeichneten Ruf. Wir sind seit mehr als 35 Jahren als Autoh\u00e4ndler und Spezialist im Bereich Autoversicherungen aktiv. Sie finden Willem Cars an der N332 zwischen Cartagena und Alicante. Sie finden uns bei Kilometerpfeiler 80 in La Marina. Willem Cars ist auch aus Alicante, Torrevieja, Elx, La Marina, Guardamar und Santa Pola erreichbar.<\/p>\n<p><strong>An- und Verkauf von Autos<\/strong><br \/>\nBei Willem Cars finden Sie st\u00e4ndig gebrauchte Autos verschiedener Marken. Wir verkaufen auch Wohnwagen, Wohnmobile und Motorr\u00e4der. Jedes Fahrzeug wird einer umfangreichen Pr\u00fcfung durch unsere Monteure unterzogen. Wenn n\u00f6tig, f\u00fchren wir Reparaturen durch. Wir verkaufen unsere Autos mit einer Garantie. Neben den Autoversicherungen \u00fcbernimmt Willem Cars auch ITV-Pr\u00fcfungen (vergleichbar mit der deutschen T\u00dcV-Pr\u00fcfung) und wir unterst\u00fctzen Sie bei der Beantragung der NIE-Nummer.<\/p>\n<p>Auch wenn Sie Ihr Auto verkaufen wollen, sind Sie an der richtigen Adresse. Wir kaufen Autos, Wohnmobile, Wohnwagen und Motorr\u00e4der auf. Bei Willem Cars k\u00f6nnen Sie sich jedoch auf einen freundlichen Service und einen ehrlichen Preis verlassen.<\/p>\n<p><strong>Kommen Sie bei Willem Cars vorbei<\/strong><br \/>\nWenn Sie sofort eine Autoversicherung abschlie\u00dfen wollen, kommen Sie bei Willem Cars in La Marina vorbei. Anrufen ist ebenfalls m\u00f6glich. Wir sind unter der Telefonnummer +34 965 419 508 oder per E-Mail: <a href=\"mailto:info@willemcars.com\">info@willemcars.com<\/a>erreichbar. Als Spezialist f\u00fcr Autoversicherungen beantworden wir gern Ihre Fragen zu diesem Thema.<\/p>","protected":false},"excerpt":{"rendered":"<p>Autoversicherung Wenn Sie in Spanien ein Auto kaufen, wollen Sie nat\u00fcrlich gut versichert sein. Willem Cars ist Spezialist im Bereich Autoversicherungen. Wenn Sie bei uns einen Neu- oder Gebrauchtwagen kaufen, sorgen wir daf\u00fcr, dass Sie ab sofort versichert sind: Sie k\u00f6nnen sofort losfahren. Willem Cars bietet die Auswahl aus verschiedenen Autoversicherungen. Spezialist im Bereich Autoversicherungen [&hellip;]<\/p>\n","protected":false},"author":2,"featured_media":0,"parent":0,"menu_order":0,"comment_status":"closed","ping_status":"closed","template":"","meta":{"dwc-title":[""],"dwc-content":[""],"_exactmetrics_skip_tracking":false,"_exactmetrics_sitenote_active":false,"_exactmetrics_sitenote_note":"","_exactmetrics_sitenote_category":0,"footnotes":""},"class_list":["post-15","page","type-page","status-publish","hentry"],"yoast_head":"<!-- This site is optimized with the Yoast SEO plugin v27.5 - https:\/\/yoast.com\/product\/yoast-seo-wordpress\/ -->\n<title>Autoversicherung - Willem-Cars<\/title>\n<meta name=\"description\" content=\"(Nederlands) Willem Cars is specialist in autoverzekeringen. Wanneer u bij ons een nieuwe of tweedehands auto koopt, zorgen wij ervoor dat u per direct verzekerd bent. Willem Cars biedt de keuze uit verschillende auto verzekeringen. Bij vragen kunt u ons bellen of langskomen.\" \/>\n<meta name=\"robots\" content=\"index, follow, max-snippet:-1, max-image-preview:large, max-video-preview:-1\" \/>\n<link rel=\"canonical\" href=\"https:\/\/willemcars.com\/es\/verzekeringen-en-itv\/\" \/>\n<meta property=\"og:locale\" content=\"de_DE\" \/>\n<meta property=\"og:type\" content=\"article\" \/>\n<meta property=\"og:title\" content=\"Autoversicherung - Willem-Cars\" \/>\n<meta property=\"og:description\" content=\"(Nederlands) Willem Cars is specialist in autoverzekeringen. Wanneer u bij ons een nieuwe of tweedehands auto koopt, zorgen wij ervoor dat u per direct verzekerd bent. Willem Cars biedt de keuze uit verschillende auto verzekeringen. Bij vragen kunt u ons bellen of langskomen.\" \/>\n<meta property=\"og:url\" content=\"https:\/\/willemcars.com\/es\/verzekeringen-en-itv\/\" \/>\n<meta property=\"og:site_name\" content=\"Willem-Cars\" \/>\n<meta property=\"article:modified_time\" content=\"2023-01-09T10:26:19+00:00\" \/>\n<meta name=\"twitter:card\" content=\"summary_large_image\" \/>\n<meta name=\"twitter:label1\" content=\"Gesch\u00e4tzte Lesezeit\" \/>\n\t<meta name=\"twitter:data1\" content=\"2\u00a0Minuten\" \/>\n<script type=\"application\/ld+json\" class=\"yoast-schema-graph\">{\"@context\":\"https:\\\/\\\/schema.org\",\"@graph\":[{\"@type\":\"WebPage\",\"@id\":\"https:\\\/\\\/willemcars.com\\\/es\\\/verzekeringen-en-itv\\\/\",\"url\":\"https:\\\/\\\/willemcars.com\\\/es\\\/verzekeringen-en-itv\\\/\",\"name\":\"Autoversicherung - Willem-Cars\",\"isPartOf\":{\"@id\":\"https:\\\/\\\/willemcars.com\\\/#website\"},\"datePublished\":\"2015-11-18T12:56:24+00:00\",\"dateModified\":\"2023-01-09T10:26:19+00:00\",\"description\":\"(Nederlands) Willem Cars is specialist in autoverzekeringen. Wanneer u bij ons een nieuwe of tweedehands auto koopt, zorgen wij ervoor dat u per direct verzekerd bent. Willem Cars biedt de keuze uit verschillende auto verzekeringen. Bij vragen kunt u ons bellen of langskomen.\",\"breadcrumb\":{\"@id\":\"https:\\\/\\\/willemcars.com\\\/es\\\/verzekeringen-en-itv\\\/#breadcrumb\"},\"inLanguage\":\"de\",\"potentialAction\":[{\"@type\":\"ReadAction\",\"target\":[\"https:\\\/\\\/willemcars.com\\\/es\\\/verzekeringen-en-itv\\\/\"]}]},{\"@type\":\"BreadcrumbList\",\"@id\":\"https:\\\/\\\/willemcars.com\\\/es\\\/verzekeringen-en-itv\\\/#breadcrumb\",\"itemListElement\":[{\"@type\":\"ListItem\",\"position\":1,\"name\":\"Home\",\"item\":\"https:\\\/\\\/willemcars.com\\\/\"},{\"@type\":\"ListItem\",\"position\":2,\"name\":\"Seguro de coche\"}]},{\"@type\":\"WebSite\",\"@id\":\"https:\\\/\\\/willemcars.com\\\/#website\",\"url\":\"https:\\\/\\\/willemcars.com\\\/\",\"name\":\"Willem-Cars\",\"description\":\"\",\"potentialAction\":[{\"@type\":\"SearchAction\",\"target\":{\"@type\":\"EntryPoint\",\"urlTemplate\":\"https:\\\/\\\/willemcars.com\\\/?s={search_term_string}\"},\"query-input\":{\"@type\":\"PropertyValueSpecification\",\"valueRequired\":true,\"valueName\":\"search_term_string\"}}],\"inLanguage\":\"de\"}]}<\/script>\n<!-- \/ Yoast SEO plugin. -->","yoast_head_json":{"title":"Autoversicherung - Willem-Cars","description":"(Nederlands) Willem Cars is specialist in autoverzekeringen. Wanneer u bij ons een nieuwe of tweedehands auto koopt, zorgen wij ervoor dat u per direct verzekerd bent. Willem Cars biedt de keuze uit verschillende auto verzekeringen. Bij vragen kunt u ons bellen of langskomen.","robots":{"index":"index","follow":"follow","max-snippet":"max-snippet:-1","max-image-preview":"max-image-preview:large","max-video-preview":"max-video-preview:-1"},"canonical":"https:\/\/willemcars.com\/es\/verzekeringen-en-itv\/","og_locale":"de_DE","og_type":"article","og_title":"Autoversicherung - Willem-Cars","og_description":"(Nederlands) Willem Cars is specialist in autoverzekeringen. Wanneer u bij ons een nieuwe of tweedehands auto koopt, zorgen wij ervoor dat u per direct verzekerd bent. Willem Cars biedt de keuze uit verschillende auto verzekeringen. Bij vragen kunt u ons bellen of langskomen.","og_url":"https:\/\/willemcars.com\/es\/verzekeringen-en-itv\/","og_site_name":"Willem-Cars","article_modified_time":"2023-01-09T10:26:19+00:00","twitter_card":"summary_large_image","twitter_misc":{"Gesch\u00e4tzte Lesezeit":"2\u00a0Minuten"},"schema":{"@context":"https:\/\/schema.org","@graph":[{"@type":"WebPage","@id":"https:\/\/willemcars.com\/es\/verzekeringen-en-itv\/","url":"https:\/\/willemcars.com\/es\/verzekeringen-en-itv\/","name":"Autoversicherung - Willem-Cars","isPartOf":{"@id":"https:\/\/willemcars.com\/#website"},"datePublished":"2015-11-18T12:56:24+00:00","dateModified":"2023-01-09T10:26:19+00:00","description":"(Nederlands) Willem Cars is specialist in autoverzekeringen. Wanneer u bij ons een nieuwe of tweedehands auto koopt, zorgen wij ervoor dat u per direct verzekerd bent. Willem Cars biedt de keuze uit verschillende auto verzekeringen. Bij vragen kunt u ons bellen of langskomen.","breadcrumb":{"@id":"https:\/\/willemcars.com\/es\/verzekeringen-en-itv\/#breadcrumb"},"inLanguage":"de","potentialAction":[{"@type":"ReadAction","target":["https:\/\/willemcars.com\/es\/verzekeringen-en-itv\/"]}]},{"@type":"BreadcrumbList","@id":"https:\/\/willemcars.com\/es\/verzekeringen-en-itv\/#breadcrumb","itemListElement":[{"@type":"ListItem","position":1,"name":"Home","item":"https:\/\/willemcars.com\/"},{"@type":"ListItem","position":2,"name":"Seguro de coche"}]},{"@type":"WebSite","@id":"https:\/\/willemcars.com\/#website","url":"https:\/\/willemcars.com\/","name":"Willem-Cars","description":"","potentialAction":[{"@type":"SearchAction","target":{"@type":"EntryPoint","urlTemplate":"https:\/\/willemcars.com\/?s={search_term_string}"},"query-input":{"@type":"PropertyValueSpecification","valueRequired":true,"valueName":"search_term_string"}}],"inLanguage":"de"}]}},"_links":{"self":[{"href":"https:\/\/willemcars.com\/de\/wp-json\/wp\/v2\/pages\/15","targetHints":{"allow":["GET"]}}],"collection":[{"href":"https:\/\/willemcars.com\/de\/wp-json\/wp\/v2\/pages"}],"about":[{"href":"https:\/\/willemcars.com\/de\/wp-json\/wp\/v2\/types\/page"}],"author":[{"embeddable":true,"href":"https:\/\/willemcars.com\/de\/wp-json\/wp\/v2\/users\/2"}],"replies":[{"embeddable":true,"href":"https:\/\/willemcars.com\/de\/wp-json\/wp\/v2\/comments?post=15"}],"version-history":[{"count":5,"href":"https:\/\/willemcars.com\/de\/wp-json\/wp\/v2\/pages\/15\/revisions"}],"predecessor-version":[{"id":5298,"href":"https:\/\/willemcars.com\/de\/wp-json\/wp\/v2\/pages\/15\/revisions\/5298"}],"wp:attachment":[{"href":"https:\/\/willemcars.com\/de\/wp-json\/wp\/v2\/media?parent=15"}],"curies":[{"name":"wp","href":"https:\/\/api.w.org\/{rel}","templated":true}]}}